{"id":7768,"date":"2025-10-23T12:07:37","date_gmt":"2025-10-23T10:07:37","guid":{"rendered":"https:\/\/camping-ledauphin.com\/?post_type=product&#038;p=7768"},"modified":"2026-01-19T14:41:31","modified_gmt":"2026-01-19T13:41:31","slug":"galjoen-pmr","status":"publish","type":"product","link":"https:\/\/camping-ledauphin.com\/nl\/accommodatie-3\/mobiele-huizen\/galjoen-pmr\/","title":{"rendered":"Galion PMR"},"content":{"rendered":"<p>De stacaravan Galion PMR is speciaal ontworpen voor mensen met beperkte mobiliteit, zodat iedereen kan genieten van een comfortabele en toegankelijke vakantie op Camping Le Dauphin.<\/p>\n<p>Met een royale oppervlakte heeft het twee slaapkamers: een met een tweepersoonsbed en een met twee eenpersoonsbedden of twee stapelbedden, geschikt voor maximaal 4 personen. De lichte woonkamer met eethoek en televisie is praktisch en aangenaam ingericht. De volledig uitgeruste keuken (koelkast, kookplaat, magnetron, koffiezetapparaat en servies) biedt alle autonomie die je nodig hebt.<\/p>\n<p>De doucheruimte is uitgerust met een douche, een wastafel en een toegankelijke wc, voor optimaal comfort. De stacaravan heeft ook omkeerbare airconditioning voor een aangenaam verblijf in elk seizoen.<br \/>\nBuiten kun je op het overdekte terras met oprit en tuinmeubels genieten van gezellige momenten en maaltijden in de buitenlucht.<\/p>\n<p><em>Niet-contractuele foto's en plannen<\/em><\/p>","protected":false},"excerpt":{"rendered":"<p>De stacaravan Galion PMR is geschikt voor maximaal 4 personen, met twee slaapkamers, een woonkamer met tv, een ingerichte keuken en een aangepaste doucheruimte. Met airconditioning en een terras met helling, garandeert deze stacaravan een toegankelijk en comfortabel verblijf in Saint-Georges-de-Didonne.<\/p>\n<p><em>Foto's en plattegronden zijn niet contractueel.<\/em><\/p>","protected":false},"featured_media":7916,"template":"","meta":{"_acf_changed":false,"inline_featured_image":false},"product_brand":[],"product_cat":[409,55],"product_tag":[],"class_list":{"0":"post-7768","1":"product","2":"type-product","3":"status-publish","4":"has-post-thumbnail","6":"product_cat-locations-4-personnes","7":"product_cat-location-mobil-homes","9":"first","10":"instock","11":"shipping-taxable","12":"product-type-simple"},"acf":[],"yoast_head":"<!-- This site is optimized with the Yoast SEO plugin v27.4 - https:\/\/yoast.com\/product\/yoast-seo-wordpress\/ -->\n<title>Mobil-home PMR pour 4 personnes | Camping Le Dauphin<\/title>\n<meta name=\"description\" content=\"R\u00e9servez le mobil-home Galion PMR \u00e0 Saint-Georges-de-Didonne : h\u00e9bergement accessible et climatis\u00e9, id\u00e9al pour les personnes \u00e0 mobilit\u00e9 r\u00e9duite.\" \/>\n<meta name=\"robots\" content=\"index, follow, max-snippet:-1, max-image-preview:large, max-video-preview:-1\" \/>\n<link rel=\"canonical\" href=\"https:\/\/camping-ledauphin.com\/nl\/accommodatie-3\/mobiele-huizen\/galjoen-pmr\/\" \/>\n<meta property=\"og:locale\" content=\"nl_NL\" \/>\n<meta property=\"og:type\" content=\"article\" \/>\n<meta property=\"og:title\" content=\"Mobil-home PMR pour 4 personnes | Camping Le Dauphin\" \/>\n<meta property=\"og:description\" content=\"R\u00e9servez le mobil-home Galion PMR \u00e0 Saint-Georges-de-Didonne : h\u00e9bergement accessible et climatis\u00e9, id\u00e9al pour les personnes \u00e0 mobilit\u00e9 r\u00e9duite.\" \/>\n<meta property=\"og:url\" content=\"https:\/\/camping-ledauphin.com\/nl\/accommodatie-3\/mobiele-huizen\/galjoen-pmr\/\" \/>\n<meta property=\"og:site_name\" content=\"Camping le Dauphin\" \/>\n<meta property=\"article:publisher\" content=\"https:\/\/www.facebook.com\/CampingLeDauphinSaintGeorgesDeDidonne\/\" \/>\n<meta property=\"article:modified_time\" content=\"2026-01-19T13:41:31+00:00\" \/>\n<meta property=\"og:image\" content=\"https:\/\/camping-ledauphin.com\/wp-content\/uploads\/2025\/10\/mobil-home-galion-pour-personnes-a-mobolite-reduite-u-dauphin-pres-de-royan.png\" \/>\n\t<meta property=\"og:image:width\" content=\"1200\" \/>\n\t<meta property=\"og:image:height\" content=\"800\" \/>\n\t<meta property=\"og:image:type\" content=\"image\/png\" \/>\n<meta name=\"twitter:card\" content=\"summary_large_image\" \/>\n<meta name=\"twitter:label1\" content=\"Geschatte leestijd\" \/>\n\t<meta name=\"twitter:data1\" content=\"1 minuut\" \/>\n<script type=\"application\/ld+json\" class=\"yoast-schema-graph\">{\"@context\":\"https:\\\/\\\/schema.org\",\"@graph\":[{\"@type\":\"WebPage\",\"@id\":\"https:\\\/\\\/camping-ledauphin.com\\\/hebergements\\\/location-mobil-homes\\\/galion-pmr\\\/\",\"url\":\"https:\\\/\\\/camping-ledauphin.com\\\/hebergements\\\/location-mobil-homes\\\/galion-pmr\\\/\",\"name\":\"Mobil-home PMR pour 4 personnes | Camping Le Dauphin\",\"isPartOf\":{\"@id\":\"https:\\\/\\\/camping-ledauphin.com\\\/#website\"},\"primaryImageOfPage\":{\"@id\":\"https:\\\/\\\/camping-ledauphin.com\\\/hebergements\\\/location-mobil-homes\\\/galion-pmr\\\/#primaryimage\"},\"image\":{\"@id\":\"https:\\\/\\\/camping-ledauphin.com\\\/hebergements\\\/location-mobil-homes\\\/galion-pmr\\\/#primaryimage\"},\"thumbnailUrl\":\"https:\\\/\\\/camping-ledauphin.com\\\/wp-content\\\/uploads\\\/2025\\\/10\\\/mobil-home-galion-pour-personnes-a-mobolite-reduite-u-dauphin-pres-de-royan.png\",\"datePublished\":\"2025-10-23T10:07:37+00:00\",\"dateModified\":\"2026-01-19T13:41:31+00:00\",\"description\":\"R\u00e9servez le mobil-home Galion PMR \u00e0 Saint-Georges-de-Didonne : h\u00e9bergement accessible et climatis\u00e9, id\u00e9al pour les personnes \u00e0 mobilit\u00e9 r\u00e9duite.\",\"breadcrumb\":{\"@id\":\"https:\\\/\\\/camping-ledauphin.com\\\/hebergements\\\/location-mobil-homes\\\/galion-pmr\\\/#breadcrumb\"},\"inLanguage\":\"nl-NL\",\"potentialAction\":[{\"@type\":\"ReadAction\",\"target\":[\"https:\\\/\\\/camping-ledauphin.com\\\/hebergements\\\/location-mobil-homes\\\/galion-pmr\\\/\"]}]},{\"@type\":\"ImageObject\",\"inLanguage\":\"nl-NL\",\"@id\":\"https:\\\/\\\/camping-ledauphin.com\\\/hebergements\\\/location-mobil-homes\\\/galion-pmr\\\/#primaryimage\",\"url\":\"https:\\\/\\\/camping-ledauphin.com\\\/wp-content\\\/uploads\\\/2025\\\/10\\\/mobil-home-galion-pour-personnes-a-mobolite-reduite-u-dauphin-pres-de-royan.png\",\"contentUrl\":\"https:\\\/\\\/camping-ledauphin.com\\\/wp-content\\\/uploads\\\/2025\\\/10\\\/mobil-home-galion-pour-personnes-a-mobolite-reduite-u-dauphin-pres-de-royan.png\",\"width\":1200,\"height\":800,\"caption\":\"Mobil Home Galion Pour Personnes \u00e0 Mobolit\u00e9 R\u00e9duite U Dauphin Pr\u00e8s De Royan\"},{\"@type\":\"BreadcrumbList\",\"@id\":\"https:\\\/\\\/camping-ledauphin.com\\\/hebergements\\\/location-mobil-homes\\\/galion-pmr\\\/#breadcrumb\",\"itemListElement\":[{\"@type\":\"ListItem\",\"position\":1,\"name\":\"Home\",\"item\":\"https:\\\/\\\/camping-ledauphin.com\\\/\"},{\"@type\":\"ListItem\",\"position\":2,\"name\":\"Tous nos h\u00e9bergements en Charente-Maritime\",\"item\":\"https:\\\/\\\/camping-ledauphin.com\\\/hebergement\\\/\"},{\"@type\":\"ListItem\",\"position\":3,\"name\":\"Galion PMR\"}]},{\"@type\":\"WebSite\",\"@id\":\"https:\\\/\\\/camping-ledauphin.com\\\/#website\",\"url\":\"https:\\\/\\\/camping-ledauphin.com\\\/\",\"name\":\"Camping Le Dauphin\",\"description\":\"Camping 4 \u00e9toiles - Saint-Georges-de-Didonne\",\"publisher\":{\"@id\":\"https:\\\/\\\/camping-ledauphin.com\\\/#organization\"},\"alternateName\":\"Camping les Embruns d'Ol\u00e9ron\",\"potentialAction\":[{\"@type\":\"SearchAction\",\"target\":{\"@type\":\"EntryPoint\",\"urlTemplate\":\"https:\\\/\\\/camping-ledauphin.com\\\/?s={search_term_string}\"},\"query-input\":{\"@type\":\"PropertyValueSpecification\",\"valueRequired\":true,\"valueName\":\"search_term_string\"}}],\"inLanguage\":\"nl-NL\"},{\"@type\":\"Organization\",\"@id\":\"https:\\\/\\\/camping-ledauphin.com\\\/#organization\",\"name\":\"Camping Le Dauphin\",\"url\":\"https:\\\/\\\/camping-ledauphin.com\\\/\",\"logo\":{\"@type\":\"ImageObject\",\"inLanguage\":\"nl-NL\",\"@id\":\"https:\\\/\\\/camping-ledauphin.com\\\/#\\\/schema\\\/logo\\\/image\\\/\",\"url\":\"https:\\\/\\\/camping-ledauphin.com\\\/wp-content\\\/uploads\\\/2025\\\/10\\\/Logo-Camping-Le-Dauphin.svg\",\"contentUrl\":\"https:\\\/\\\/camping-ledauphin.com\\\/wp-content\\\/uploads\\\/2025\\\/10\\\/Logo-Camping-Le-Dauphin.svg\",\"width\":454,\"height\":276,\"caption\":\"Camping Le Dauphin\"},\"image\":{\"@id\":\"https:\\\/\\\/camping-ledauphin.com\\\/#\\\/schema\\\/logo\\\/image\\\/\"},\"sameAs\":[\"https:\\\/\\\/www.facebook.com\\\/CampingLeDauphinSaintGeorgesDeDidonne\\\/\",\"https:\\\/\\\/www.instagram.com\\\/campingledauphin\\\/\",\"https:\\\/\\\/www.youtube.com\\\/@Campaldia\"]}]}<\/script>\n<!-- \/ Yoast SEO plugin. -->","yoast_head_json":{"title":"Stacaravan PMR voor 4 personen | Camping Le Dauphin","description":"Reserveer de stacaravan Galion PMR in Saint-Georges-de-Didonne: toegankelijke accommodatie met airconditioning, ideaal voor mindervaliden.","robots":{"index":"index","follow":"follow","max-snippet":"max-snippet:-1","max-image-preview":"max-image-preview:large","max-video-preview":"max-video-preview:-1"},"canonical":"https:\/\/camping-ledauphin.com\/nl\/accommodatie-3\/mobiele-huizen\/galjoen-pmr\/","og_locale":"nl_NL","og_type":"article","og_title":"Mobil-home PMR pour 4 personnes | Camping Le Dauphin","og_description":"R\u00e9servez le mobil-home Galion PMR \u00e0 Saint-Georges-de-Didonne : h\u00e9bergement accessible et climatis\u00e9, id\u00e9al pour les personnes \u00e0 mobilit\u00e9 r\u00e9duite.","og_url":"https:\/\/camping-ledauphin.com\/nl\/accommodatie-3\/mobiele-huizen\/galjoen-pmr\/","og_site_name":"Camping le Dauphin","article_publisher":"https:\/\/www.facebook.com\/CampingLeDauphinSaintGeorgesDeDidonne\/","article_modified_time":"2026-01-19T13:41:31+00:00","og_image":[{"width":1200,"height":800,"url":"https:\/\/camping-ledauphin.com\/wp-content\/uploads\/2025\/10\/mobil-home-galion-pour-personnes-a-mobolite-reduite-u-dauphin-pres-de-royan.png","type":"image\/png"}],"twitter_card":"summary_large_image","twitter_misc":{"Geschatte leestijd":"1 minuut"},"schema":{"@context":"https:\/\/schema.org","@graph":[{"@type":"WebPage","@id":"https:\/\/camping-ledauphin.com\/hebergements\/location-mobil-homes\/galion-pmr\/","url":"https:\/\/camping-ledauphin.com\/hebergements\/location-mobil-homes\/galion-pmr\/","name":"Stacaravan PMR voor 4 personen | Camping Le Dauphin","isPartOf":{"@id":"https:\/\/camping-ledauphin.com\/#website"},"primaryImageOfPage":{"@id":"https:\/\/camping-ledauphin.com\/hebergements\/location-mobil-homes\/galion-pmr\/#primaryimage"},"image":{"@id":"https:\/\/camping-ledauphin.com\/hebergements\/location-mobil-homes\/galion-pmr\/#primaryimage"},"thumbnailUrl":"https:\/\/camping-ledauphin.com\/wp-content\/uploads\/2025\/10\/mobil-home-galion-pour-personnes-a-mobolite-reduite-u-dauphin-pres-de-royan.png","datePublished":"2025-10-23T10:07:37+00:00","dateModified":"2026-01-19T13:41:31+00:00","description":"Reserveer de stacaravan Galion PMR in Saint-Georges-de-Didonne: toegankelijke accommodatie met airconditioning, ideaal voor mindervaliden.","breadcrumb":{"@id":"https:\/\/camping-ledauphin.com\/hebergements\/location-mobil-homes\/galion-pmr\/#breadcrumb"},"inLanguage":"nl-NL","potentialAction":[{"@type":"ReadAction","target":["https:\/\/camping-ledauphin.com\/hebergements\/location-mobil-homes\/galion-pmr\/"]}]},{"@type":"ImageObject","inLanguage":"nl-NL","@id":"https:\/\/camping-ledauphin.com\/hebergements\/location-mobil-homes\/galion-pmr\/#primaryimage","url":"https:\/\/camping-ledauphin.com\/wp-content\/uploads\/2025\/10\/mobil-home-galion-pour-personnes-a-mobolite-reduite-u-dauphin-pres-de-royan.png","contentUrl":"https:\/\/camping-ledauphin.com\/wp-content\/uploads\/2025\/10\/mobil-home-galion-pour-personnes-a-mobolite-reduite-u-dauphin-pres-de-royan.png","width":1200,"height":800,"caption":"Mobil Home Galion Pour Personnes \u00e0 Mobolit\u00e9 R\u00e9duite U Dauphin Pr\u00e8s De Royan"},{"@type":"BreadcrumbList","@id":"https:\/\/camping-ledauphin.com\/hebergements\/location-mobil-homes\/galion-pmr\/#breadcrumb","itemListElement":[{"@type":"ListItem","position":1,"name":"Home","item":"https:\/\/camping-ledauphin.com\/"},{"@type":"ListItem","position":2,"name":"Tous nos h\u00e9bergements en Charente-Maritime","item":"https:\/\/camping-ledauphin.com\/hebergement\/"},{"@type":"ListItem","position":3,"name":"Galion PMR"}]},{"@type":"WebSite","@id":"https:\/\/camping-ledauphin.com\/#website","url":"https:\/\/camping-ledauphin.com\/","name":"Camping Le Dauphin","description":"4-sterren camping - Saint-Georges-de-Didonne","publisher":{"@id":"https:\/\/camping-ledauphin.com\/#organization"},"alternateName":"Camping les Embruns d'Ol\u00e9ron","potentialAction":[{"@type":"SearchAction","target":{"@type":"EntryPoint","urlTemplate":"https:\/\/camping-ledauphin.com\/?s={search_term_string}"},"query-input":{"@type":"PropertyValueSpecification","valueRequired":true,"valueName":"search_term_string"}}],"inLanguage":"nl-NL"},{"@type":"Organization","@id":"https:\/\/camping-ledauphin.com\/#organization","name":"Camping Le Dauphin","url":"https:\/\/camping-ledauphin.com\/","logo":{"@type":"ImageObject","inLanguage":"nl-NL","@id":"https:\/\/camping-ledauphin.com\/#\/schema\/logo\/image\/","url":"https:\/\/camping-ledauphin.com\/wp-content\/uploads\/2025\/10\/Logo-Camping-Le-Dauphin.svg","contentUrl":"https:\/\/camping-ledauphin.com\/wp-content\/uploads\/2025\/10\/Logo-Camping-Le-Dauphin.svg","width":454,"height":276,"caption":"Camping Le Dauphin"},"image":{"@id":"https:\/\/camping-ledauphin.com\/#\/schema\/logo\/image\/"},"sameAs":["https:\/\/www.facebook.com\/CampingLeDauphinSaintGeorgesDeDidonne\/","https:\/\/www.instagram.com\/campingledauphin\/","https:\/\/www.youtube.com\/@Campaldia"]}]}},"_links":{"self":[{"href":"https:\/\/camping-ledauphin.com\/nl\/wp-json\/wp\/v2\/product\/7768","targetHints":{"allow":["GET"]}}],"collection":[{"href":"https:\/\/camping-ledauphin.com\/nl\/wp-json\/wp\/v2\/product"}],"about":[{"href":"https:\/\/camping-ledauphin.com\/nl\/wp-json\/wp\/v2\/types\/product"}],"wp:featuredmedia":[{"embeddable":true,"href":"https:\/\/camping-ledauphin.com\/nl\/wp-json\/wp\/v2\/media\/7916"}],"wp:attachment":[{"href":"https:\/\/camping-ledauphin.com\/nl\/wp-json\/wp\/v2\/media?parent=7768"}],"wp:term":[{"taxonomy":"product_brand","embeddable":true,"href":"https:\/\/camping-ledauphin.com\/nl\/wp-json\/wp\/v2\/product_brand?post=7768"},{"taxonomy":"product_cat","embeddable":true,"href":"https:\/\/camping-ledauphin.com\/nl\/wp-json\/wp\/v2\/product_cat?post=7768"},{"taxonomy":"product_tag","embeddable":true,"href":"https:\/\/camping-ledauphin.com\/nl\/wp-json\/wp\/v2\/product_tag?post=7768"}],"curies":[{"name":"wp","href":"https:\/\/api.w.org\/{rel}","templated":true}]}}