{"id":7763,"date":"2025-10-23T11:31:05","date_gmt":"2025-10-23T09:31:05","guid":{"rendered":"https:\/\/camping-ledauphin.com\/?post_type=product&#038;p=7763"},"modified":"2026-05-05T17:03:07","modified_gmt":"2026-05-05T15:03:07","slug":"lagune","status":"publish","type":"product","link":"https:\/\/camping-ledauphin.com\/nl\/accommodatie-3\/mobiele-huizen\/lagune\/","title":{"rendered":"Lagune"},"content":{"rendered":"<p>De stacaravan Lagon is ideaal voor een comfortabel verblijf met familie of vrienden in Saint-Georges-de-Didonne, vlakbij Royan. Deze stacaravan is ontworpen voor 4 personen en heeft twee slaapkamers: \u00e9\u00e9n met een tweepersoonsbed en \u00e9\u00e9n met twee eenpersoonsbedden. De lichte woonkamer met eethoek en televisie biedt een gezellige ruimte om elkaar te ontmoeten na een dag op het strand of op ontdekkingstocht.<\/p>\n<p>De volledig uitgeruste keuken is voorzien van een koelkast, een kookplaat, een magnetron, een koffiezetapparaat en al het servies en bestek dat je nodig hebt om zelfstandig je maaltijden te bereiden. Wat comfort betreft, beschikt de stacaravan Lagon ook over een badkamer met douche en wastafel, een apart toilet en vooral een omkeerbare airconditioning voor een aangenaam verblijf in elk seizoen.<\/p>\n<p>Buiten kun je op het overdekte terras met tuinmeubilair genieten van gezellige maaltijden of momenten van ontspanning in de schaduw, in het hart van Camping Le Dauphin ****.<\/p>\n<p>Moderne, praktische accommodatie die comfort en welzijn combineert voor een geslaagde vakantie in Charente-Maritime.<\/p>\n<p><em>Niet-contractuele foto's en plannen<\/em><\/p>","protected":false},"excerpt":{"rendered":"<p>De Lagon stacaravan biedt plaats aan maximaal 4 personen met zijn twee slaapkamers, een lichte woonkamer met tv, een uitgeruste keuken, een overdekt terras en omkeerbare airconditioning.<\/p>\n<p><em>Niet-contractuele foto's en plannen<\/em><\/p>","protected":false},"featured_media":8757,"template":"","meta":{"_acf_changed":false,"inline_featured_image":false},"product_brand":[],"product_cat":[409,55],"product_tag":[],"class_list":{"0":"post-7763","1":"product","2":"type-product","3":"status-publish","4":"has-post-thumbnail","6":"product_cat-locations-4-personnes","7":"product_cat-location-mobil-homes","9":"first","10":"instock","11":"shipping-taxable","12":"product-type-simple"},"acf":[],"yoast_head":"<!-- This site is optimized with the Yoast SEO plugin v27.6 - https:\/\/yoast.com\/product\/yoast-seo-wordpress\/ -->\n<title>Le mobil home Lagon \u00e0 louer pour 4 personnes proche de Royan<\/title>\n<meta name=\"description\" content=\"R\u00e9servez le mobil-home Lagon au Camping Le Dauphin \u00e0 Saint-Georges-de-Didonne, pr\u00e8s de Royan : 2 chambres, climatisation et terrasse couverte.\" \/>\n<meta name=\"robots\" content=\"index, follow, max-snippet:-1, max-image-preview:large, max-video-preview:-1\" \/>\n<link rel=\"canonical\" href=\"https:\/\/camping-ledauphin.com\/nl\/accommodatie-3\/mobiele-huizen\/lagune\/\" \/>\n<meta property=\"og:locale\" content=\"nl_NL\" \/>\n<meta property=\"og:type\" content=\"article\" \/>\n<meta property=\"og:title\" content=\"Le mobil home Lagon \u00e0 louer pour 4 personnes proche de Royan\" \/>\n<meta property=\"og:description\" content=\"R\u00e9servez le mobil-home Lagon au Camping Le Dauphin \u00e0 Saint-Georges-de-Didonne, pr\u00e8s de Royan : 2 chambres, climatisation et terrasse couverte.\" \/>\n<meta property=\"og:url\" content=\"https:\/\/camping-ledauphin.com\/nl\/accommodatie-3\/mobiele-huizen\/lagune\/\" \/>\n<meta property=\"og:site_name\" content=\"Camping le Dauphin\" \/>\n<meta property=\"article:publisher\" content=\"https:\/\/www.facebook.com\/CampingLeDauphinSaintGeorgesDeDidonne\/\" \/>\n<meta property=\"article:modified_time\" content=\"2026-05-05T15:03:07+00:00\" \/>\n<meta property=\"og:image\" content=\"https:\/\/camping-ledauphin.com\/wp-content\/uploads\/2025\/10\/promo-mobil-home-lagon-4-camping-le-dauphin.png\" \/>\n\t<meta property=\"og:image:width\" content=\"1200\" \/>\n\t<meta property=\"og:image:height\" content=\"800\" \/>\n\t<meta property=\"og:image:type\" content=\"image\/png\" \/>\n<meta name=\"twitter:card\" content=\"summary_large_image\" \/>\n<meta name=\"twitter:label1\" content=\"Geschatte leestijd\" \/>\n\t<meta name=\"twitter:data1\" content=\"2 minuten\" \/>\n<script type=\"application\/ld+json\" class=\"yoast-schema-graph\">{\"@context\":\"https:\\\/\\\/schema.org\",\"@graph\":[{\"@type\":\"WebPage\",\"@id\":\"https:\\\/\\\/camping-ledauphin.com\\\/hebergements\\\/location-mobil-homes\\\/lagon\\\/\",\"url\":\"https:\\\/\\\/camping-ledauphin.com\\\/hebergements\\\/location-mobil-homes\\\/lagon\\\/\",\"name\":\"Le mobil home Lagon \u00e0 louer pour 4 personnes proche de Royan\",\"isPartOf\":{\"@id\":\"https:\\\/\\\/camping-ledauphin.com\\\/#website\"},\"primaryImageOfPage\":{\"@id\":\"https:\\\/\\\/camping-ledauphin.com\\\/hebergements\\\/location-mobil-homes\\\/lagon\\\/#primaryimage\"},\"image\":{\"@id\":\"https:\\\/\\\/camping-ledauphin.com\\\/hebergements\\\/location-mobil-homes\\\/lagon\\\/#primaryimage\"},\"thumbnailUrl\":\"https:\\\/\\\/camping-ledauphin.com\\\/wp-content\\\/uploads\\\/2025\\\/10\\\/promo-mobil-home-lagon-4-camping-le-dauphin.png\",\"datePublished\":\"2025-10-23T09:31:05+00:00\",\"dateModified\":\"2026-05-05T15:03:07+00:00\",\"description\":\"R\u00e9servez le mobil-home Lagon au Camping Le Dauphin \u00e0 Saint-Georges-de-Didonne, pr\u00e8s de Royan : 2 chambres, climatisation et terrasse couverte.\",\"breadcrumb\":{\"@id\":\"https:\\\/\\\/camping-ledauphin.com\\\/hebergements\\\/location-mobil-homes\\\/lagon\\\/#breadcrumb\"},\"inLanguage\":\"nl-NL\",\"potentialAction\":[{\"@type\":\"ReadAction\",\"target\":[\"https:\\\/\\\/camping-ledauphin.com\\\/hebergements\\\/location-mobil-homes\\\/lagon\\\/\"]}]},{\"@type\":\"ImageObject\",\"inLanguage\":\"nl-NL\",\"@id\":\"https:\\\/\\\/camping-ledauphin.com\\\/hebergements\\\/location-mobil-homes\\\/lagon\\\/#primaryimage\",\"url\":\"https:\\\/\\\/camping-ledauphin.com\\\/wp-content\\\/uploads\\\/2025\\\/10\\\/promo-mobil-home-lagon-4-camping-le-dauphin.png\",\"contentUrl\":\"https:\\\/\\\/camping-ledauphin.com\\\/wp-content\\\/uploads\\\/2025\\\/10\\\/promo-mobil-home-lagon-4-camping-le-dauphin.png\",\"width\":1200,\"height\":800,\"caption\":\"Promo Mobil Home Lagon 4 Camping Le Dauphin\"},{\"@type\":\"BreadcrumbList\",\"@id\":\"https:\\\/\\\/camping-ledauphin.com\\\/hebergements\\\/location-mobil-homes\\\/lagon\\\/#breadcrumb\",\"itemListElement\":[{\"@type\":\"ListItem\",\"position\":1,\"name\":\"Home\",\"item\":\"https:\\\/\\\/camping-ledauphin.com\\\/\"},{\"@type\":\"ListItem\",\"position\":2,\"name\":\"Tous nos h\u00e9bergements en Charente-Maritime\",\"item\":\"https:\\\/\\\/camping-ledauphin.com\\\/hebergement\\\/\"},{\"@type\":\"ListItem\",\"position\":3,\"name\":\"Lagon\"}]},{\"@type\":\"WebSite\",\"@id\":\"https:\\\/\\\/camping-ledauphin.com\\\/#website\",\"url\":\"https:\\\/\\\/camping-ledauphin.com\\\/\",\"name\":\"Camping Le Dauphin\",\"description\":\"Camping 4 \u00e9toiles - Saint-Georges-de-Didonne\",\"publisher\":{\"@id\":\"https:\\\/\\\/camping-ledauphin.com\\\/#organization\"},\"alternateName\":\"Camping les Embruns d'Ol\u00e9ron\",\"potentialAction\":[{\"@type\":\"SearchAction\",\"target\":{\"@type\":\"EntryPoint\",\"urlTemplate\":\"https:\\\/\\\/camping-ledauphin.com\\\/?s={search_term_string}\"},\"query-input\":{\"@type\":\"PropertyValueSpecification\",\"valueRequired\":true,\"valueName\":\"search_term_string\"}}],\"inLanguage\":\"nl-NL\"},{\"@type\":\"Organization\",\"@id\":\"https:\\\/\\\/camping-ledauphin.com\\\/#organization\",\"name\":\"Camping Le Dauphin\",\"url\":\"https:\\\/\\\/camping-ledauphin.com\\\/\",\"logo\":{\"@type\":\"ImageObject\",\"inLanguage\":\"nl-NL\",\"@id\":\"https:\\\/\\\/camping-ledauphin.com\\\/#\\\/schema\\\/logo\\\/image\\\/\",\"url\":\"https:\\\/\\\/camping-ledauphin.com\\\/wp-content\\\/uploads\\\/2025\\\/10\\\/Logo-Camping-Le-Dauphin.svg\",\"contentUrl\":\"https:\\\/\\\/camping-ledauphin.com\\\/wp-content\\\/uploads\\\/2025\\\/10\\\/Logo-Camping-Le-Dauphin.svg\",\"width\":454,\"height\":276,\"caption\":\"Camping Le Dauphin\"},\"image\":{\"@id\":\"https:\\\/\\\/camping-ledauphin.com\\\/#\\\/schema\\\/logo\\\/image\\\/\"},\"sameAs\":[\"https:\\\/\\\/www.facebook.com\\\/CampingLeDauphinSaintGeorgesDeDidonne\\\/\",\"https:\\\/\\\/www.instagram.com\\\/campingledauphin\\\/\",\"https:\\\/\\\/www.youtube.com\\\/@Campaldia\"]}]}<\/script>\n<!-- \/ Yoast SEO plugin. -->","yoast_head_json":{"title":"Stacaravan Lagon te huur voor 4 personen bij Royan","description":"Reserveer de stacaravan Lagon op Camping Le Dauphin in Saint-Georges-de-Didonne, vlakbij Royan: 2 slaapkamers, airconditioning en overdekt terras.","robots":{"index":"index","follow":"follow","max-snippet":"max-snippet:-1","max-image-preview":"max-image-preview:large","max-video-preview":"max-video-preview:-1"},"canonical":"https:\/\/camping-ledauphin.com\/nl\/accommodatie-3\/mobiele-huizen\/lagune\/","og_locale":"nl_NL","og_type":"article","og_title":"Le mobil home Lagon \u00e0 louer pour 4 personnes proche de Royan","og_description":"R\u00e9servez le mobil-home Lagon au Camping Le Dauphin \u00e0 Saint-Georges-de-Didonne, pr\u00e8s de Royan : 2 chambres, climatisation et terrasse couverte.","og_url":"https:\/\/camping-ledauphin.com\/nl\/accommodatie-3\/mobiele-huizen\/lagune\/","og_site_name":"Camping le Dauphin","article_publisher":"https:\/\/www.facebook.com\/CampingLeDauphinSaintGeorgesDeDidonne\/","article_modified_time":"2026-05-05T15:03:07+00:00","og_image":[{"width":1200,"height":800,"url":"https:\/\/camping-ledauphin.com\/wp-content\/uploads\/2025\/10\/promo-mobil-home-lagon-4-camping-le-dauphin.png","type":"image\/png"}],"twitter_card":"summary_large_image","twitter_misc":{"Geschatte leestijd":"2 minuten"},"schema":{"@context":"https:\/\/schema.org","@graph":[{"@type":"WebPage","@id":"https:\/\/camping-ledauphin.com\/hebergements\/location-mobil-homes\/lagon\/","url":"https:\/\/camping-ledauphin.com\/hebergements\/location-mobil-homes\/lagon\/","name":"Stacaravan Lagon te huur voor 4 personen bij Royan","isPartOf":{"@id":"https:\/\/camping-ledauphin.com\/#website"},"primaryImageOfPage":{"@id":"https:\/\/camping-ledauphin.com\/hebergements\/location-mobil-homes\/lagon\/#primaryimage"},"image":{"@id":"https:\/\/camping-ledauphin.com\/hebergements\/location-mobil-homes\/lagon\/#primaryimage"},"thumbnailUrl":"https:\/\/camping-ledauphin.com\/wp-content\/uploads\/2025\/10\/promo-mobil-home-lagon-4-camping-le-dauphin.png","datePublished":"2025-10-23T09:31:05+00:00","dateModified":"2026-05-05T15:03:07+00:00","description":"Reserveer de stacaravan Lagon op Camping Le Dauphin in Saint-Georges-de-Didonne, vlakbij Royan: 2 slaapkamers, airconditioning en overdekt terras.","breadcrumb":{"@id":"https:\/\/camping-ledauphin.com\/hebergements\/location-mobil-homes\/lagon\/#breadcrumb"},"inLanguage":"nl-NL","potentialAction":[{"@type":"ReadAction","target":["https:\/\/camping-ledauphin.com\/hebergements\/location-mobil-homes\/lagon\/"]}]},{"@type":"ImageObject","inLanguage":"nl-NL","@id":"https:\/\/camping-ledauphin.com\/hebergements\/location-mobil-homes\/lagon\/#primaryimage","url":"https:\/\/camping-ledauphin.com\/wp-content\/uploads\/2025\/10\/promo-mobil-home-lagon-4-camping-le-dauphin.png","contentUrl":"https:\/\/camping-ledauphin.com\/wp-content\/uploads\/2025\/10\/promo-mobil-home-lagon-4-camping-le-dauphin.png","width":1200,"height":800,"caption":"Promo Mobil Home Lagon 4 Camping Le Dauphin"},{"@type":"BreadcrumbList","@id":"https:\/\/camping-ledauphin.com\/hebergements\/location-mobil-homes\/lagon\/#breadcrumb","itemListElement":[{"@type":"ListItem","position":1,"name":"Home","item":"https:\/\/camping-ledauphin.com\/"},{"@type":"ListItem","position":2,"name":"Tous nos h\u00e9bergements en Charente-Maritime","item":"https:\/\/camping-ledauphin.com\/hebergement\/"},{"@type":"ListItem","position":3,"name":"Lagon"}]},{"@type":"WebSite","@id":"https:\/\/camping-ledauphin.com\/#website","url":"https:\/\/camping-ledauphin.com\/","name":"Camping Le Dauphin","description":"4-sterren camping - Saint-Georges-de-Didonne","publisher":{"@id":"https:\/\/camping-ledauphin.com\/#organization"},"alternateName":"Camping les Embruns d'Ol\u00e9ron","potentialAction":[{"@type":"SearchAction","target":{"@type":"EntryPoint","urlTemplate":"https:\/\/camping-ledauphin.com\/?s={search_term_string}"},"query-input":{"@type":"PropertyValueSpecification","valueRequired":true,"valueName":"search_term_string"}}],"inLanguage":"nl-NL"},{"@type":"Organization","@id":"https:\/\/camping-ledauphin.com\/#organization","name":"Camping Le Dauphin","url":"https:\/\/camping-ledauphin.com\/","logo":{"@type":"ImageObject","inLanguage":"nl-NL","@id":"https:\/\/camping-ledauphin.com\/#\/schema\/logo\/image\/","url":"https:\/\/camping-ledauphin.com\/wp-content\/uploads\/2025\/10\/Logo-Camping-Le-Dauphin.svg","contentUrl":"https:\/\/camping-ledauphin.com\/wp-content\/uploads\/2025\/10\/Logo-Camping-Le-Dauphin.svg","width":454,"height":276,"caption":"Camping Le Dauphin"},"image":{"@id":"https:\/\/camping-ledauphin.com\/#\/schema\/logo\/image\/"},"sameAs":["https:\/\/www.facebook.com\/CampingLeDauphinSaintGeorgesDeDidonne\/","https:\/\/www.instagram.com\/campingledauphin\/","https:\/\/www.youtube.com\/@Campaldia"]}]}},"_links":{"self":[{"href":"https:\/\/camping-ledauphin.com\/nl\/wp-json\/wp\/v2\/product\/7763","targetHints":{"allow":["GET"]}}],"collection":[{"href":"https:\/\/camping-ledauphin.com\/nl\/wp-json\/wp\/v2\/product"}],"about":[{"href":"https:\/\/camping-ledauphin.com\/nl\/wp-json\/wp\/v2\/types\/product"}],"wp:featuredmedia":[{"embeddable":true,"href":"https:\/\/camping-ledauphin.com\/nl\/wp-json\/wp\/v2\/media\/8757"}],"wp:attachment":[{"href":"https:\/\/camping-ledauphin.com\/nl\/wp-json\/wp\/v2\/media?parent=7763"}],"wp:term":[{"taxonomy":"product_brand","embeddable":true,"href":"https:\/\/camping-ledauphin.com\/nl\/wp-json\/wp\/v2\/product_brand?post=7763"},{"taxonomy":"product_cat","embeddable":true,"href":"https:\/\/camping-ledauphin.com\/nl\/wp-json\/wp\/v2\/product_cat?post=7763"},{"taxonomy":"product_tag","embeddable":true,"href":"https:\/\/camping-ledauphin.com\/nl\/wp-json\/wp\/v2\/product_tag?post=7763"}],"curies":[{"name":"wp","href":"https:\/\/api.w.org\/{rel}","templated":true}]}}