{"id":7446,"date":"2025-03-07T10:16:01","date_gmt":"2025-03-07T09:16:01","guid":{"rendered":"https:\/\/camping-ledauphin.com\/?post_type=product&#038;p=7446"},"modified":"2026-01-08T14:20:21","modified_gmt":"2026-01-08T13:20:21","slug":"comfortabele-tent-locatie-dicht-bij-het-strand","status":"publish","type":"product","link":"https:\/\/camping-ledauphin.com\/nl\/accommodatie-3\/locaties\/comfortabele-tent-locatie-dicht-bij-het-strand\/","title":{"rendered":"Plaats Comfort Tent"},"content":{"rendered":"","protected":false},"excerpt":{"rendered":"<p>De kampeerplaats Comfort Tent is exclusief voor tenten tot 6 personen. Uitgerust met een elektrische aansluiting, biedt het een natuurlijke, vriendelijke omgeving voor het ervaren van de geest van kamperen in alle eenvoud in Saint-Georges-de-Didonne.<\/p>","protected":false},"featured_media":7954,"template":"","meta":{"_acf_changed":false,"inline_featured_image":false},"product_brand":[],"product_cat":[381],"product_tag":[],"class_list":{"0":"post-7446","1":"product","2":"type-product","3":"status-publish","4":"has-post-thumbnail","6":"product_cat-emplacements","8":"first","9":"instock","10":"shipping-taxable","11":"product-type-simple"},"acf":[],"yoast_head":"<!-- This site is optimized with the Yoast SEO plugin v27.5 - https:\/\/yoast.com\/product\/yoast-seo-wordpress\/ -->\n<title>Emplacement Confort Tente | Camping Le Dauphin Royan<\/title>\n<meta name=\"description\" content=\"Emplacement Confort Tente pour 6 personnes au Camping Le Dauphin \u00e0 Saint-Georges-de-Didonne, pr\u00e8s de Royan. Id\u00e9al pour vos vacances en Charente-Maritime.\" \/>\n<meta name=\"robots\" content=\"index, follow, max-snippet:-1, max-image-preview:large, max-video-preview:-1\" \/>\n<link rel=\"canonical\" href=\"https:\/\/camping-ledauphin.com\/nl\/accommodatie-3\/locaties\/comfortabele-tent-locatie-dicht-bij-het-strand\/\" \/>\n<meta property=\"og:locale\" content=\"nl_NL\" \/>\n<meta property=\"og:type\" content=\"article\" \/>\n<meta property=\"og:title\" content=\"Emplacement Confort Tente | Camping Le Dauphin Royan\" \/>\n<meta property=\"og:description\" content=\"Emplacement Confort Tente pour 6 personnes au Camping Le Dauphin \u00e0 Saint-Georges-de-Didonne, pr\u00e8s de Royan. Id\u00e9al pour vos vacances en Charente-Maritime.\" \/>\n<meta property=\"og:url\" content=\"https:\/\/camping-ledauphin.com\/nl\/accommodatie-3\/locaties\/comfortabele-tent-locatie-dicht-bij-het-strand\/\" \/>\n<meta property=\"og:site_name\" content=\"Camping le Dauphin\" \/>\n<meta property=\"article:publisher\" content=\"https:\/\/www.facebook.com\/CampingLeDauphinSaintGeorgesDeDidonne\/\" \/>\n<meta property=\"article:modified_time\" content=\"2026-01-08T13:20:21+00:00\" \/>\n<meta name=\"twitter:card\" content=\"summary_large_image\" \/>\n<meta name=\"twitter:label1\" content=\"Geschatte leestijd\" \/>\n\t<meta name=\"twitter:data1\" content=\"1 minuut\" \/>\n<script type=\"application\/ld+json\" class=\"yoast-schema-graph\">{\"@context\":\"https:\\\/\\\/schema.org\",\"@graph\":[{\"@type\":\"WebPage\",\"@id\":\"https:\\\/\\\/camping-ledauphin.com\\\/hebergements\\\/emplacements\\\/emplacement-confort-tente-proche-plage\\\/\",\"url\":\"https:\\\/\\\/camping-ledauphin.com\\\/hebergements\\\/emplacements\\\/emplacement-confort-tente-proche-plage\\\/\",\"name\":\"Emplacement Confort Tente | Camping Le Dauphin Royan\",\"isPartOf\":{\"@id\":\"https:\\\/\\\/camping-ledauphin.com\\\/#website\"},\"primaryImageOfPage\":{\"@id\":\"https:\\\/\\\/camping-ledauphin.com\\\/hebergements\\\/emplacements\\\/emplacement-confort-tente-proche-plage\\\/#primaryimage\"},\"image\":{\"@id\":\"https:\\\/\\\/camping-ledauphin.com\\\/hebergements\\\/emplacements\\\/emplacement-confort-tente-proche-plage\\\/#primaryimage\"},\"thumbnailUrl\":\"https:\\\/\\\/camping-ledauphin.com\\\/wp-content\\\/uploads\\\/2025\\\/10\\\/emplacement-tente-camping-le-dauphin.svg\",\"datePublished\":\"2025-03-07T09:16:01+00:00\",\"dateModified\":\"2026-01-08T13:20:21+00:00\",\"description\":\"Emplacement Confort Tente pour 6 personnes au Camping Le Dauphin \u00e0 Saint-Georges-de-Didonne, pr\u00e8s de Royan. Id\u00e9al pour vos vacances en Charente-Maritime.\",\"breadcrumb\":{\"@id\":\"https:\\\/\\\/camping-ledauphin.com\\\/hebergements\\\/emplacements\\\/emplacement-confort-tente-proche-plage\\\/#breadcrumb\"},\"inLanguage\":\"nl-NL\",\"potentialAction\":[{\"@type\":\"ReadAction\",\"target\":[\"https:\\\/\\\/camping-ledauphin.com\\\/hebergements\\\/emplacements\\\/emplacement-confort-tente-proche-plage\\\/\"]}]},{\"@type\":\"ImageObject\",\"inLanguage\":\"nl-NL\",\"@id\":\"https:\\\/\\\/camping-ledauphin.com\\\/hebergements\\\/emplacements\\\/emplacement-confort-tente-proche-plage\\\/#primaryimage\",\"url\":\"https:\\\/\\\/camping-ledauphin.com\\\/wp-content\\\/uploads\\\/2025\\\/10\\\/emplacement-tente-camping-le-dauphin.svg\",\"contentUrl\":\"https:\\\/\\\/camping-ledauphin.com\\\/wp-content\\\/uploads\\\/2025\\\/10\\\/emplacement-tente-camping-le-dauphin.svg\",\"width\":1200,\"height\":800,\"caption\":\"Emplacement Tente Camping Le Dauphin\"},{\"@type\":\"BreadcrumbList\",\"@id\":\"https:\\\/\\\/camping-ledauphin.com\\\/hebergements\\\/emplacements\\\/emplacement-confort-tente-proche-plage\\\/#breadcrumb\",\"itemListElement\":[{\"@type\":\"ListItem\",\"position\":1,\"name\":\"Home\",\"item\":\"https:\\\/\\\/camping-ledauphin.com\\\/\"},{\"@type\":\"ListItem\",\"position\":2,\"name\":\"Tous nos h\u00e9bergements en Charente-Maritime\",\"item\":\"https:\\\/\\\/camping-ledauphin.com\\\/hebergement\\\/\"},{\"@type\":\"ListItem\",\"position\":3,\"name\":\"Emplacement Confort Tente\"}]},{\"@type\":\"WebSite\",\"@id\":\"https:\\\/\\\/camping-ledauphin.com\\\/#website\",\"url\":\"https:\\\/\\\/camping-ledauphin.com\\\/\",\"name\":\"Camping Le Dauphin\",\"description\":\"Camping 4 \u00e9toiles - Saint-Georges-de-Didonne\",\"publisher\":{\"@id\":\"https:\\\/\\\/camping-ledauphin.com\\\/#organization\"},\"alternateName\":\"Camping les Embruns d'Ol\u00e9ron\",\"potentialAction\":[{\"@type\":\"SearchAction\",\"target\":{\"@type\":\"EntryPoint\",\"urlTemplate\":\"https:\\\/\\\/camping-ledauphin.com\\\/?s={search_term_string}\"},\"query-input\":{\"@type\":\"PropertyValueSpecification\",\"valueRequired\":true,\"valueName\":\"search_term_string\"}}],\"inLanguage\":\"nl-NL\"},{\"@type\":\"Organization\",\"@id\":\"https:\\\/\\\/camping-ledauphin.com\\\/#organization\",\"name\":\"Camping Le Dauphin\",\"url\":\"https:\\\/\\\/camping-ledauphin.com\\\/\",\"logo\":{\"@type\":\"ImageObject\",\"inLanguage\":\"nl-NL\",\"@id\":\"https:\\\/\\\/camping-ledauphin.com\\\/#\\\/schema\\\/logo\\\/image\\\/\",\"url\":\"https:\\\/\\\/camping-ledauphin.com\\\/wp-content\\\/uploads\\\/2025\\\/10\\\/Logo-Camping-Le-Dauphin.svg\",\"contentUrl\":\"https:\\\/\\\/camping-ledauphin.com\\\/wp-content\\\/uploads\\\/2025\\\/10\\\/Logo-Camping-Le-Dauphin.svg\",\"width\":454,\"height\":276,\"caption\":\"Camping Le Dauphin\"},\"image\":{\"@id\":\"https:\\\/\\\/camping-ledauphin.com\\\/#\\\/schema\\\/logo\\\/image\\\/\"},\"sameAs\":[\"https:\\\/\\\/www.facebook.com\\\/CampingLeDauphinSaintGeorgesDeDidonne\\\/\",\"https:\\\/\\\/www.instagram.com\\\/campingledauphin\\\/\",\"https:\\\/\\\/www.youtube.com\\\/@Campaldia\"]}]}<\/script>\n<!-- \/ Yoast SEO plugin. -->","yoast_head_json":{"title":"Plaats Comfort Tent | Camping Le Dauphin Royan","description":"Comfortabele staanplaats voor 6 personen op Camping Le Dauphin in Saint-Georges-de-Didonne, vlakbij Royan. Ideaal voor je vakantie in Charente-Maritime.","robots":{"index":"index","follow":"follow","max-snippet":"max-snippet:-1","max-image-preview":"max-image-preview:large","max-video-preview":"max-video-preview:-1"},"canonical":"https:\/\/camping-ledauphin.com\/nl\/accommodatie-3\/locaties\/comfortabele-tent-locatie-dicht-bij-het-strand\/","og_locale":"nl_NL","og_type":"article","og_title":"Emplacement Confort Tente | Camping Le Dauphin Royan","og_description":"Emplacement Confort Tente pour 6 personnes au Camping Le Dauphin \u00e0 Saint-Georges-de-Didonne, pr\u00e8s de Royan. Id\u00e9al pour vos vacances en Charente-Maritime.","og_url":"https:\/\/camping-ledauphin.com\/nl\/accommodatie-3\/locaties\/comfortabele-tent-locatie-dicht-bij-het-strand\/","og_site_name":"Camping le Dauphin","article_publisher":"https:\/\/www.facebook.com\/CampingLeDauphinSaintGeorgesDeDidonne\/","article_modified_time":"2026-01-08T13:20:21+00:00","twitter_card":"summary_large_image","twitter_misc":{"Geschatte leestijd":"1 minuut"},"schema":{"@context":"https:\/\/schema.org","@graph":[{"@type":"WebPage","@id":"https:\/\/camping-ledauphin.com\/hebergements\/emplacements\/emplacement-confort-tente-proche-plage\/","url":"https:\/\/camping-ledauphin.com\/hebergements\/emplacements\/emplacement-confort-tente-proche-plage\/","name":"Plaats Comfort Tent | Camping Le Dauphin Royan","isPartOf":{"@id":"https:\/\/camping-ledauphin.com\/#website"},"primaryImageOfPage":{"@id":"https:\/\/camping-ledauphin.com\/hebergements\/emplacements\/emplacement-confort-tente-proche-plage\/#primaryimage"},"image":{"@id":"https:\/\/camping-ledauphin.com\/hebergements\/emplacements\/emplacement-confort-tente-proche-plage\/#primaryimage"},"thumbnailUrl":"https:\/\/camping-ledauphin.com\/wp-content\/uploads\/2025\/10\/emplacement-tente-camping-le-dauphin.svg","datePublished":"2025-03-07T09:16:01+00:00","dateModified":"2026-01-08T13:20:21+00:00","description":"Comfortabele staanplaats voor 6 personen op Camping Le Dauphin in Saint-Georges-de-Didonne, vlakbij Royan. Ideaal voor je vakantie in Charente-Maritime.","breadcrumb":{"@id":"https:\/\/camping-ledauphin.com\/hebergements\/emplacements\/emplacement-confort-tente-proche-plage\/#breadcrumb"},"inLanguage":"nl-NL","potentialAction":[{"@type":"ReadAction","target":["https:\/\/camping-ledauphin.com\/hebergements\/emplacements\/emplacement-confort-tente-proche-plage\/"]}]},{"@type":"ImageObject","inLanguage":"nl-NL","@id":"https:\/\/camping-ledauphin.com\/hebergements\/emplacements\/emplacement-confort-tente-proche-plage\/#primaryimage","url":"https:\/\/camping-ledauphin.com\/wp-content\/uploads\/2025\/10\/emplacement-tente-camping-le-dauphin.svg","contentUrl":"https:\/\/camping-ledauphin.com\/wp-content\/uploads\/2025\/10\/emplacement-tente-camping-le-dauphin.svg","width":1200,"height":800,"caption":"Emplacement Tente Camping Le Dauphin"},{"@type":"BreadcrumbList","@id":"https:\/\/camping-ledauphin.com\/hebergements\/emplacements\/emplacement-confort-tente-proche-plage\/#breadcrumb","itemListElement":[{"@type":"ListItem","position":1,"name":"Home","item":"https:\/\/camping-ledauphin.com\/"},{"@type":"ListItem","position":2,"name":"Tous nos h\u00e9bergements en Charente-Maritime","item":"https:\/\/camping-ledauphin.com\/hebergement\/"},{"@type":"ListItem","position":3,"name":"Emplacement Confort Tente"}]},{"@type":"WebSite","@id":"https:\/\/camping-ledauphin.com\/#website","url":"https:\/\/camping-ledauphin.com\/","name":"Camping Le Dauphin","description":"4-sterren camping - Saint-Georges-de-Didonne","publisher":{"@id":"https:\/\/camping-ledauphin.com\/#organization"},"alternateName":"Camping les Embruns d'Ol\u00e9ron","potentialAction":[{"@type":"SearchAction","target":{"@type":"EntryPoint","urlTemplate":"https:\/\/camping-ledauphin.com\/?s={search_term_string}"},"query-input":{"@type":"PropertyValueSpecification","valueRequired":true,"valueName":"search_term_string"}}],"inLanguage":"nl-NL"},{"@type":"Organization","@id":"https:\/\/camping-ledauphin.com\/#organization","name":"Camping Le Dauphin","url":"https:\/\/camping-ledauphin.com\/","logo":{"@type":"ImageObject","inLanguage":"nl-NL","@id":"https:\/\/camping-ledauphin.com\/#\/schema\/logo\/image\/","url":"https:\/\/camping-ledauphin.com\/wp-content\/uploads\/2025\/10\/Logo-Camping-Le-Dauphin.svg","contentUrl":"https:\/\/camping-ledauphin.com\/wp-content\/uploads\/2025\/10\/Logo-Camping-Le-Dauphin.svg","width":454,"height":276,"caption":"Camping Le Dauphin"},"image":{"@id":"https:\/\/camping-ledauphin.com\/#\/schema\/logo\/image\/"},"sameAs":["https:\/\/www.facebook.com\/CampingLeDauphinSaintGeorgesDeDidonne\/","https:\/\/www.instagram.com\/campingledauphin\/","https:\/\/www.youtube.com\/@Campaldia"]}]}},"_links":{"self":[{"href":"https:\/\/camping-ledauphin.com\/nl\/wp-json\/wp\/v2\/product\/7446","targetHints":{"allow":["GET"]}}],"collection":[{"href":"https:\/\/camping-ledauphin.com\/nl\/wp-json\/wp\/v2\/product"}],"about":[{"href":"https:\/\/camping-ledauphin.com\/nl\/wp-json\/wp\/v2\/types\/product"}],"wp:featuredmedia":[{"embeddable":true,"href":"https:\/\/camping-ledauphin.com\/nl\/wp-json\/wp\/v2\/media\/7954"}],"wp:attachment":[{"href":"https:\/\/camping-ledauphin.com\/nl\/wp-json\/wp\/v2\/media?parent=7446"}],"wp:term":[{"taxonomy":"product_brand","embeddable":true,"href":"https:\/\/camping-ledauphin.com\/nl\/wp-json\/wp\/v2\/product_brand?post=7446"},{"taxonomy":"product_cat","embeddable":true,"href":"https:\/\/camping-ledauphin.com\/nl\/wp-json\/wp\/v2\/product_cat?post=7446"},{"taxonomy":"product_tag","embeddable":true,"href":"https:\/\/camping-ledauphin.com\/nl\/wp-json\/wp\/v2\/product_tag?post=7446"}],"curies":[{"name":"wp","href":"https:\/\/api.w.org\/{rel}","templated":true}]}}