{"id":8091,"date":"2025-10-27T11:19:15","date_gmt":"2025-10-27T10:19:15","guid":{"rendered":"https:\/\/camping-ledauphin.com\/?page_id=8091"},"modified":"2025-10-28T11:55:16","modified_gmt":"2025-10-28T10:55:16","slug":"vaux-sur-mer","status":"publish","type":"page","link":"https:\/\/camping-ledauphin.com\/nl\/toerisme-charente-maritime\/vaux-sur-mer\/","title":{"rendered":"Vaux sur Mer"},"content":{"rendered":"<div id=\"gap-1682569973\" class=\"gap-element clearfix\" style=\"display:block; height:auto;\">\n\t\t\n<style>\n#gap-1682569973 {\n  padding-top: 50px;\n}\n@media (min-width:550px) {\n  #gap-1682569973 {\n    padding-top: 30px;\n  }\n}\n<\/style>\n\t<\/div>\n\t\n\n\t<section class=\"section\" id=\"section_1369064435\">\n\t\t<div class=\"section-bg fill\" >\n\t\t\t<img loading=\"lazy\" decoding=\"async\" width=\"1200\" height=\"800\" src=\"https:\/\/camping-ledauphin.com\/wp-content\/uploads\/2025\/10\/vacances-en-famille-a-saint-georges-de-didonne-1-1.svg\" class=\"bg attachment-original size-original\" alt=\"Familievakantie in Saint Georges De Didonne 1\" \/>\t\t\t\t\t\t\n\t\t\t\n\n\t\t<\/div>\n\n\t\t\t<div class=\"ux-shape-divider ux-shape-divider--top ux-shape-divider--style-waves-opacity-3\">\n\t\t<svg viewbox=\"0 0 1000 300\" xmlns=\"http:\/\/www.w3.org\/2000\/svg\" preserveaspectratio=\"none\">\n\t<path class=\"ux-shape-fill\" opacity=\"0.05\" d=\"M1014 264V386H206L34 300C34 300 344.42 277.16 436 221C542 156 590 160 704 209C811 255 899.11 214.94 979 346L1014 264Z\"\/>\n\t<path class=\"ux-shape-fill\" opacity=\"0.1\" d=\"M-302 55C-302 55 -66.73 263.25 50 214C178 160 283 116 353 141C445.68 174.1 534.28 256.19 588 249C692.9 235 764.52 75.94 855 131C940.61 183.09 1000 254 1000 254V328L-306 338L-302 55Z\"\/>\n\t<path class=\"ux-shape-fill\" opacity=\"0.15\" d=\"M-286 255C-286 255 -72 152 52 126C176 100 255 155 436 227C581.57 284.91 614.7 277.79 708 227C787 184 1009 3.0001 1093 164C1146 265.63 1031 293 1031 293L924 377L-288 389L-286 255Z\"\/>\n\t<path class=\"ux-shape-fill\" opacity=\"0.3\" d=\"M-24 69C-24 69 275.68 370.66 389 314C397 310 622 316 673 356C690.47 369.7 845 224 890 182C944.8 130.85 1018 92 1078 143C1154.12 207.7 1196 242 1196 242L1184 374L-28 386L-24 69Z\"\/>\n\t<path class=\"ux-shape-fill\" d=\"M-12 201C-12 201 58 284 182 258C306 232 342.29 221.23 456 264C565 305 640.82 288.36 721 249C776 222 837.5 191.31 935 253C984 284 1030 279 1030 279L1024 430L-12 440V201Z\"\/>\n<\/svg>\n\t<\/div>\n\n\t<div class=\"ux-shape-divider ux-shape-divider--bottom ux-shape-divider--style-waves-opacity-2\">\n\t\t<svg viewbox=\"0 0 1000 300\" xmlns=\"http:\/\/www.w3.org\/2000\/svg\" preserveaspectratio=\"none\">\n  <path class=\"ux-shape-fill\" opacity=\"0.15\" d=\"M0 299L-2 19.9998C153 -16.0002 308 155 413 184C515.64 212.35 562 152 645 153C725 154 787 206 874 233C939.54 253.34 975 248 1000 244.61V299H0Z\"\/>\n  <path class=\"ux-shape-fill\" opacity=\"0.3\" d=\"M0 300L-2 34C155 -9.00003 300 178 403 212C504.11 245.38 562 165 645 166C725 167 790.09 220.07 874 253C939.21 278.59 978.07 269.72 1000 263.61V300H0Z\"\/>\n  <path class=\"ux-shape-fill\" d=\"M0 300L-1 69.7099C216 56.9999 299.47 198.86 403 226C506 253 577 196 660 197C740 198 790.09 234.07 874 267C935.23 291 982 282.61 1000 277.61V300H0Z\"\/>\n<\/svg>\n\t<\/div>\n\n\t\t<div class=\"section-content relative\">\n\t\t\t\n<div class=\"row align-right\"  id=\"row-1197179903\">\n\n\t<div id=\"col-47391713\" class=\"col medium-6 small-12 large-6\"  >\n\t\t\t\t<div class=\"col-inner text-center\" style=\"background-color:rgba(255, 255, 255, 0.86);\" >\n\t\t\t\n\t\t\t\n<h1>Wat te doen in Vaux-sur-Mer<\/h1>\n<p>Het is een badplaats met dorpse charme en biedt zowel inwoners als vakantiegangers de kans om een wandeling te maken langs het kustpad of door het stadscentrum.<\/p>\n\t\t<\/div>\n\t\t\t\t\n<style>\n#col-47391713 > .col-inner {\n  padding: 30px 30px 30px 30px;\n  margin: 30px 0px 0px 0px;\n  border-radius: 30px;\n}\n@media (min-width:550px) {\n  #col-47391713 > .col-inner {\n    padding: 30px 30px 30px 30px;\n    margin: 50px 0px 0px 0px;\n  }\n}\n<\/style>\n\t<\/div>\n\n\t\n<\/div>\n\t\t<\/div>\n\n\t\t\n<style>\n#section_1369064435 {\n  padding-top: 50px;\n  padding-bottom: 50px;\n}\n#section_1369064435 .ux-shape-divider--top svg {\n  height: 100px;\n  --divider-top-width: 100%;\n}\n#section_1369064435 .ux-shape-divider--top .ux-shape-fill {\n  fill: #fefaf0;\n}\n#section_1369064435 .ux-shape-divider--bottom svg {\n  height: 150px;\n  --divider-width: 130%;\n}\n#section_1369064435 .ux-shape-divider--bottom .ux-shape-fill {\n  fill: #fefaf0;\n}\n@media (min-width:550px) {\n  #section_1369064435 .ux-shape-divider--top svg {\n    height: 200px;\n    --divider-top-width: 100%;\n  }\n}\n<\/style>\n\t<\/section>\n\t\n<div class=\"row row-large align-middle\"  id=\"row-1220698467\">\n\n\t<div id=\"col-925502410\" class=\"col medium-6 small-12 large-6\"  data-animate=\"fadeInLeft\">\n\t\t\t\t<div class=\"col-inner\"  >\n\t\t\t\n\t<div class=\"is-border\"\n\t\tstyle=\"border-width:0px 0px 0px 0px;margin:0px 0px 0px 0px;\">\n\t<\/div>\n\t\t\t\n<h2>Kerk Saint-\u00c9tienne<\/h2>\n<p>Het eerste pad leidt naar de kerk Saint-\u00c9tienne, waarvan alleen de chevetboog met modillions en gebeeldhouwde kapitelen nog over is. Het zijn de overblijfselen van een benedictijnenabdij gesticht in 1075 en geklasseerd als Historisch Monument sinds 1913, omringd door een oude begraafplaats met bewaarde cenotafen.<\/p>\n\t\t<\/div>\n\t\t\t\t\n<style>\n#col-925502410 > .col-inner {\n  margin: 0px 0px 20px 0px;\n}\n@media (min-width:550px) {\n  #col-925502410 > .col-inner {\n    margin: 50px 0px 50px 0px;\n  }\n}\n<\/style>\n\t<\/div>\n\n\t\n\n\t<div id=\"col-1826591451\" class=\"col medium-6 small-12 large-6 small-col-first\"  data-animate=\"fadeInRight\">\n\t\t\t\t<div class=\"col-inner\"  >\n\t\t\t\n\t<div class=\"is-border\"\n\t\tstyle=\"border-width:0px 0px 0px 0px;margin:0px 0px 0px 0px;\">\n\t<\/div>\n\t\t\t\n\t<div class=\"img has-hover x md-x lg-x y md-y lg-y\" id=\"image_1471550324\">\n\t\t\t\t\t\t\t\t<div class=\"img-inner image-cover dark\" style=\"padding-top:70%;\">\n\t\t\t<img loading=\"lazy\" decoding=\"async\" width=\"768\" height=\"537\" src=\"https:\/\/camping-ledauphin.com\/wp-content\/uploads\/2025\/10\/eglise-vaux-a-thierry-avan-768x537.jpg\" class=\"attachment-medium_large size-medium_large\" alt=\"Kerk Vaux A Thierry Avan\" srcset=\"https:\/\/camping-ledauphin.com\/wp-content\/uploads\/2025\/10\/eglise-vaux-a-thierry-avan-768x537.jpg 768w, https:\/\/camping-ledauphin.com\/wp-content\/uploads\/2025\/10\/eglise-vaux-a-thierry-avan-370x259.jpg 370w, https:\/\/camping-ledauphin.com\/wp-content\/uploads\/2025\/10\/eglise-vaux-a-thierry-avan-1020x713.jpg 1020w, https:\/\/camping-ledauphin.com\/wp-content\/uploads\/2025\/10\/eglise-vaux-a-thierry-avan-1536x1074.jpg 1536w, https:\/\/camping-ledauphin.com\/wp-content\/uploads\/2025\/10\/eglise-vaux-a-thierry-avan-18x12.jpg 18w, https:\/\/camping-ledauphin.com\/wp-content\/uploads\/2025\/10\/eglise-vaux-a-thierry-avan-510x357.jpg 510w, https:\/\/camping-ledauphin.com\/wp-content\/uploads\/2025\/10\/eglise-vaux-a-thierry-avan.jpg 1600w\" sizes=\"auto, (max-width: 768px) 100vw, 768px\" \/>\t\t\t\t\t\t\n\t\t\t\t\t<\/div>\n\t\t\t\t\t\t\t\t\n<style>\n#image_1471550324 {\n  width: 100%;\n}\n<\/style>\n\t<\/div>\n\t\n\t\t<\/div>\n\t\t\t\t\n<style>\n#col-1826591451 > .col-inner {\n  margin: 0px 0px -20px 0px;\n}\n@media (min-width:550px) {\n  #col-1826591451 > .col-inner {\n    margin: 50px 0px 50px 0px;\n  }\n}\n<\/style>\n\t<\/div>\n\n\t\n\n\t<div id=\"col-1505561428\" class=\"col small-12 large-12\"  data-animate=\"fadeInRight\">\n\t\t\t\t<div class=\"col-inner text-center\"  >\n\t\t\t\n\t<div class=\"is-border\"\n\t\tstyle=\"border-width:0px 0px 0px 0px;margin:0px 0px 0px 0px;\">\n\t<\/div>\n\t\t\t\n<a href=\"https:\/\/camping-ledauphin.com\/nl\/accommodatie\/\" class=\"button primary\" >\n\t\t<span>Ik kies mijn accommodatie<\/span>\n\t<\/a>\n\n\t\t<\/div>\n\t\t\t\t\n<style>\n#col-1505561428 > .col-inner {\n  margin: 0px 0px 20px 0px;\n}\n@media (min-width:550px) {\n  #col-1505561428 > .col-inner {\n    margin: 0px 0px 0px 0px;\n  }\n}\n<\/style>\n\t<\/div>\n\n\t\n<\/div>\n<div class=\"row row-large align-middle\"  id=\"row-355695666\">\n\n\t<div id=\"col-669795262\" class=\"col medium-6 small-12 large-6 small-col-first\"  data-animate=\"fadeInLeft\">\n\t\t\t\t<div class=\"col-inner\"  >\n\t\t\t\n\t<div class=\"is-border\"\n\t\tstyle=\"border-width:0px 0px 0px 0px;margin:0px 0px 0px 0px;\">\n\t<\/div>\n\t\t\t\n\t<div class=\"img has-hover x md-x lg-x y md-y lg-y\" id=\"image_1716312485\">\n\t\t\t\t\t\t\t\t<div class=\"img-inner image-cover dark\" style=\"padding-top:70%;\">\n\t\t\t<img loading=\"lazy\" decoding=\"async\" width=\"768\" height=\"1069\" src=\"https:\/\/camping-ledauphin.com\/wp-content\/uploads\/2025\/10\/plage-conseil-2-a-thierry-avan-768x1069.jpg\" class=\"attachment-medium_large size-medium_large\" alt=\"Plage Conseil 2 A Thierry Avan\" srcset=\"https:\/\/camping-ledauphin.com\/wp-content\/uploads\/2025\/10\/plage-conseil-2-a-thierry-avan-768x1069.jpg 768w, https:\/\/camping-ledauphin.com\/wp-content\/uploads\/2025\/10\/plage-conseil-2-a-thierry-avan-370x515.jpg 370w, https:\/\/camping-ledauphin.com\/wp-content\/uploads\/2025\/10\/plage-conseil-2-a-thierry-avan-732x1020.jpg 732w, https:\/\/camping-ledauphin.com\/wp-content\/uploads\/2025\/10\/plage-conseil-2-a-thierry-avan-1103x1536.jpg 1103w, https:\/\/camping-ledauphin.com\/wp-content\/uploads\/2025\/10\/plage-conseil-2-a-thierry-avan-9x12.jpg 9w, https:\/\/camping-ledauphin.com\/wp-content\/uploads\/2025\/10\/plage-conseil-2-a-thierry-avan-510x710.jpg 510w, https:\/\/camping-ledauphin.com\/wp-content\/uploads\/2025\/10\/plage-conseil-2-a-thierry-avan.jpg 1149w\" sizes=\"auto, (max-width: 768px) 100vw, 768px\" \/>\t\t\t\t\t\t\n\t\t\t\t\t<\/div>\n\t\t\t\t\t\t\t\t\n<style>\n#image_1716312485 {\n  width: 100%;\n}\n<\/style>\n\t<\/div>\n\t\n\t\t<\/div>\n\t\t\t\t\n<style>\n#col-669795262 > .col-inner {\n  margin: 0px 0px -20px 0px;\n}\n@media (min-width:550px) {\n  #col-669795262 > .col-inner {\n    margin: 50px 0px 50px 0px;\n  }\n}\n<\/style>\n\t<\/div>\n\n\t\n\n\t<div id=\"col-2104150424\" class=\"col medium-6 small-12 large-6 small-col-first\"  data-animate=\"fadeInRight\">\n\t\t\t\t<div class=\"col-inner\"  >\n\t\t\t\n\t\t\t\n<h2>Het Douanierspad<\/h2>\n<p>Het Sentier des Douaniers loopt langs de vier kreken van Vaux-sur-Mer. Verstopt door het Bois des F\u00e9es en zijn kronkelende steeneiken, onthult het halverwege de Conche du Conseil, vredig ondanks zijn stedelijke omgeving. Als je het bos verlaat, bereik je de twee kreken Saint-Sordelin en Gilet.<\/p>\n\t\t<\/div>\n\t\t\t\t\n<style>\n#col-2104150424 > .col-inner {\n  margin: 0px 0px 0px 0px;\n}\n@media (min-width:550px) {\n  #col-2104150424 > .col-inner {\n    margin: 50px 0px 50px 0px;\n  }\n}\n<\/style>\n\t<\/div>\n\n\t\n<\/div>\n<div class=\"row row-large align-middle align-center\"  id=\"row-180265377\">\n\n\t<div id=\"col-466098268\" class=\"col medium-10 small-12 large-10 small-col-first\"  data-animate=\"fadeInRight\">\n\t\t\t\t<div class=\"col-inner text-center\"  >\n\t\t\t\n\t\t\t\n<h2>Uw camping dichtbij Vaux-sur-Mer<\/h2>\n<p>Als je op Camping Le Dauphin verblijft, geniet je van een comfortabele accommodatie op een paar minuten van Vaux-Sur-Mer. Recente stacaravans, verwarmd zwembad, restaurant en gezinsanimatie: alles is voorzien voor een geslaagd verblijf dat ontspanning op de camping combineert met ontdekkingen. Een ideale uitvalsbasis om de Charente-Maritime en haar schatten te ontdekken.<\/p>\n\t\t<\/div>\n\t\t\t\t\n<style>\n#col-466098268 > .col-inner {\n  margin: 0px 0px 0px 0px;\n}\n@media (min-width:550px) {\n  #col-466098268 > .col-inner {\n    margin: 0px 0px 50px 0px;\n  }\n}\n<\/style>\n\t<\/div>\n\n\t\n<\/div>","protected":false},"excerpt":{"rendered":"","protected":false},"author":7,"featured_media":0,"parent":6421,"menu_order":0,"comment_status":"closed","ping_status":"closed","template":"page-blank.php","meta":{"_acf_changed":false,"inline_featured_image":false,"footnotes":""},"class_list":["post-8091","page","type-page","status-publish","hentry"],"acf":[],"yoast_head":"<!-- This site is optimized with the Yoast SEO plugin v27.5 - https:\/\/yoast.com\/product\/yoast-seo-wordpress\/ -->\n<title>Tourisme \u00e0 Vaux sur Mer : les activit\u00e9s immanquables \u00e0 Vaux sur Mer<\/title>\n<meta name=\"description\" content=\"D\u00e9couvrez Vaux-sur-Mer depuis le Camping Le Dauphin \u00e0 Saint-Georges-de-Didonne. Plages, sentiers c\u00f4tiers et activit\u00e9s locales incontournables pour des vacances en Charente-Maritime.\" \/>\n<meta name=\"robots\" content=\"index, follow, max-snippet:-1, max-image-preview:large, max-video-preview:-1\" \/>\n<link rel=\"canonical\" href=\"https:\/\/camping-ledauphin.com\/nl\/toerisme-charente-maritime\/vaux-sur-mer\/\" \/>\n<meta property=\"og:locale\" content=\"nl_NL\" \/>\n<meta property=\"og:type\" content=\"article\" \/>\n<meta property=\"og:title\" content=\"Tourisme \u00e0 Vaux sur Mer : les activit\u00e9s immanquables \u00e0 Vaux sur Mer\" \/>\n<meta property=\"og:description\" content=\"D\u00e9couvrez Vaux-sur-Mer depuis le Camping Le Dauphin \u00e0 Saint-Georges-de-Didonne. Plages, sentiers c\u00f4tiers et activit\u00e9s locales incontournables pour des vacances en Charente-Maritime.\" \/>\n<meta property=\"og:url\" content=\"https:\/\/camping-ledauphin.com\/nl\/toerisme-charente-maritime\/vaux-sur-mer\/\" \/>\n<meta property=\"og:site_name\" content=\"Camping le Dauphin\" \/>\n<meta property=\"article:publisher\" content=\"https:\/\/www.facebook.com\/CampingLeDauphinSaintGeorgesDeDidonne\/\" \/>\n<meta property=\"article:modified_time\" content=\"2025-10-28T10:55:16+00:00\" \/>\n<meta name=\"twitter:card\" content=\"summary_large_image\" \/>\n<meta name=\"twitter:label1\" content=\"Geschatte leestijd\" \/>\n\t<meta name=\"twitter:data1\" content=\"5 minuten\" \/>\n<script type=\"application\/ld+json\" class=\"yoast-schema-graph\">{\"@context\":\"https:\\\/\\\/schema.org\",\"@graph\":[{\"@type\":\"WebPage\",\"@id\":\"https:\\\/\\\/camping-ledauphin.com\\\/tourisme-charente-maritime\\\/vaux-sur-mer\\\/\",\"url\":\"https:\\\/\\\/camping-ledauphin.com\\\/tourisme-charente-maritime\\\/vaux-sur-mer\\\/\",\"name\":\"Tourisme \u00e0 Vaux sur Mer : les activit\u00e9s immanquables \u00e0 Vaux sur Mer\",\"isPartOf\":{\"@id\":\"https:\\\/\\\/camping-ledauphin.com\\\/#website\"},\"datePublished\":\"2025-10-27T10:19:15+00:00\",\"dateModified\":\"2025-10-28T10:55:16+00:00\",\"description\":\"D\u00e9couvrez Vaux-sur-Mer depuis le Camping Le Dauphin \u00e0 Saint-Georges-de-Didonne. Plages, sentiers c\u00f4tiers et activit\u00e9s locales incontournables pour des vacances en Charente-Maritime.\",\"breadcrumb\":{\"@id\":\"https:\\\/\\\/camping-ledauphin.com\\\/tourisme-charente-maritime\\\/vaux-sur-mer\\\/#breadcrumb\"},\"inLanguage\":\"nl-NL\",\"potentialAction\":[{\"@type\":\"ReadAction\",\"target\":[\"https:\\\/\\\/camping-ledauphin.com\\\/tourisme-charente-maritime\\\/vaux-sur-mer\\\/\"]}]},{\"@type\":\"BreadcrumbList\",\"@id\":\"https:\\\/\\\/camping-ledauphin.com\\\/tourisme-charente-maritime\\\/vaux-sur-mer\\\/#breadcrumb\",\"itemListElement\":[{\"@type\":\"ListItem\",\"position\":1,\"name\":\"Home\",\"item\":\"https:\\\/\\\/camping-ledauphin.com\\\/\"},{\"@type\":\"ListItem\",\"position\":2,\"name\":\"La R\u00e9gion\",\"item\":\"https:\\\/\\\/camping-ledauphin.com\\\/tourisme-charente-maritime\\\/\"},{\"@type\":\"ListItem\",\"position\":3,\"name\":\"Vaux sur Mer\"}]},{\"@type\":\"WebSite\",\"@id\":\"https:\\\/\\\/camping-ledauphin.com\\\/#website\",\"url\":\"https:\\\/\\\/camping-ledauphin.com\\\/\",\"name\":\"Camping Le Dauphin\",\"description\":\"Camping 4 \u00e9toiles - Saint-Georges-de-Didonne\",\"publisher\":{\"@id\":\"https:\\\/\\\/camping-ledauphin.com\\\/#organization\"},\"alternateName\":\"Camping les Embruns d'Ol\u00e9ron\",\"potentialAction\":[{\"@type\":\"SearchAction\",\"target\":{\"@type\":\"EntryPoint\",\"urlTemplate\":\"https:\\\/\\\/camping-ledauphin.com\\\/?s={search_term_string}\"},\"query-input\":{\"@type\":\"PropertyValueSpecification\",\"valueRequired\":true,\"valueName\":\"search_term_string\"}}],\"inLanguage\":\"nl-NL\"},{\"@type\":\"Organization\",\"@id\":\"https:\\\/\\\/camping-ledauphin.com\\\/#organization\",\"name\":\"Camping Le Dauphin\",\"url\":\"https:\\\/\\\/camping-ledauphin.com\\\/\",\"logo\":{\"@type\":\"ImageObject\",\"inLanguage\":\"nl-NL\",\"@id\":\"https:\\\/\\\/camping-ledauphin.com\\\/#\\\/schema\\\/logo\\\/image\\\/\",\"url\":\"https:\\\/\\\/camping-ledauphin.com\\\/wp-content\\\/uploads\\\/2025\\\/10\\\/Logo-Camping-Le-Dauphin.svg\",\"contentUrl\":\"https:\\\/\\\/camping-ledauphin.com\\\/wp-content\\\/uploads\\\/2025\\\/10\\\/Logo-Camping-Le-Dauphin.svg\",\"width\":454,\"height\":276,\"caption\":\"Camping Le Dauphin\"},\"image\":{\"@id\":\"https:\\\/\\\/camping-ledauphin.com\\\/#\\\/schema\\\/logo\\\/image\\\/\"},\"sameAs\":[\"https:\\\/\\\/www.facebook.com\\\/CampingLeDauphinSaintGeorgesDeDidonne\\\/\",\"https:\\\/\\\/www.instagram.com\\\/campingledauphin\\\/\",\"https:\\\/\\\/www.youtube.com\\\/@Campaldia\"]}]}<\/script>\n<!-- \/ Yoast SEO plugin. -->","yoast_head_json":{"title":"Toerisme in Vaux sur Mer: niet te missen activiteiten in Vaux sur Mer","description":"Ontdek Vaux-sur-Mer vanaf Camping Le Dauphin in Saint-Georges-de-Didonne. Stranden, kustpaden en essenti\u00eble lokale activiteiten voor een vakantie in Charente-Maritime.","robots":{"index":"index","follow":"follow","max-snippet":"max-snippet:-1","max-image-preview":"max-image-preview:large","max-video-preview":"max-video-preview:-1"},"canonical":"https:\/\/camping-ledauphin.com\/nl\/toerisme-charente-maritime\/vaux-sur-mer\/","og_locale":"nl_NL","og_type":"article","og_title":"Tourisme \u00e0 Vaux sur Mer : les activit\u00e9s immanquables \u00e0 Vaux sur Mer","og_description":"D\u00e9couvrez Vaux-sur-Mer depuis le Camping Le Dauphin \u00e0 Saint-Georges-de-Didonne. Plages, sentiers c\u00f4tiers et activit\u00e9s locales incontournables pour des vacances en Charente-Maritime.","og_url":"https:\/\/camping-ledauphin.com\/nl\/toerisme-charente-maritime\/vaux-sur-mer\/","og_site_name":"Camping le Dauphin","article_publisher":"https:\/\/www.facebook.com\/CampingLeDauphinSaintGeorgesDeDidonne\/","article_modified_time":"2025-10-28T10:55:16+00:00","twitter_card":"summary_large_image","twitter_misc":{"Geschatte leestijd":"5 minuten"},"schema":{"@context":"https:\/\/schema.org","@graph":[{"@type":"WebPage","@id":"https:\/\/camping-ledauphin.com\/tourisme-charente-maritime\/vaux-sur-mer\/","url":"https:\/\/camping-ledauphin.com\/tourisme-charente-maritime\/vaux-sur-mer\/","name":"Toerisme in Vaux sur Mer: niet te missen activiteiten in Vaux sur Mer","isPartOf":{"@id":"https:\/\/camping-ledauphin.com\/#website"},"datePublished":"2025-10-27T10:19:15+00:00","dateModified":"2025-10-28T10:55:16+00:00","description":"Ontdek Vaux-sur-Mer vanaf Camping Le Dauphin in Saint-Georges-de-Didonne. Stranden, kustpaden en essenti\u00eble lokale activiteiten voor een vakantie in Charente-Maritime.","breadcrumb":{"@id":"https:\/\/camping-ledauphin.com\/tourisme-charente-maritime\/vaux-sur-mer\/#breadcrumb"},"inLanguage":"nl-NL","potentialAction":[{"@type":"ReadAction","target":["https:\/\/camping-ledauphin.com\/tourisme-charente-maritime\/vaux-sur-mer\/"]}]},{"@type":"BreadcrumbList","@id":"https:\/\/camping-ledauphin.com\/tourisme-charente-maritime\/vaux-sur-mer\/#breadcrumb","itemListElement":[{"@type":"ListItem","position":1,"name":"Home","item":"https:\/\/camping-ledauphin.com\/"},{"@type":"ListItem","position":2,"name":"La R\u00e9gion","item":"https:\/\/camping-ledauphin.com\/tourisme-charente-maritime\/"},{"@type":"ListItem","position":3,"name":"Vaux sur Mer"}]},{"@type":"WebSite","@id":"https:\/\/camping-ledauphin.com\/#website","url":"https:\/\/camping-ledauphin.com\/","name":"Camping Le Dauphin","description":"4-sterren camping - Saint-Georges-de-Didonne","publisher":{"@id":"https:\/\/camping-ledauphin.com\/#organization"},"alternateName":"Camping les Embruns d'Ol\u00e9ron","potentialAction":[{"@type":"SearchAction","target":{"@type":"EntryPoint","urlTemplate":"https:\/\/camping-ledauphin.com\/?s={search_term_string}"},"query-input":{"@type":"PropertyValueSpecification","valueRequired":true,"valueName":"search_term_string"}}],"inLanguage":"nl-NL"},{"@type":"Organization","@id":"https:\/\/camping-ledauphin.com\/#organization","name":"Camping Le Dauphin","url":"https:\/\/camping-ledauphin.com\/","logo":{"@type":"ImageObject","inLanguage":"nl-NL","@id":"https:\/\/camping-ledauphin.com\/#\/schema\/logo\/image\/","url":"https:\/\/camping-ledauphin.com\/wp-content\/uploads\/2025\/10\/Logo-Camping-Le-Dauphin.svg","contentUrl":"https:\/\/camping-ledauphin.com\/wp-content\/uploads\/2025\/10\/Logo-Camping-Le-Dauphin.svg","width":454,"height":276,"caption":"Camping Le Dauphin"},"image":{"@id":"https:\/\/camping-ledauphin.com\/#\/schema\/logo\/image\/"},"sameAs":["https:\/\/www.facebook.com\/CampingLeDauphinSaintGeorgesDeDidonne\/","https:\/\/www.instagram.com\/campingledauphin\/","https:\/\/www.youtube.com\/@Campaldia"]}]}},"_links":{"self":[{"href":"https:\/\/camping-ledauphin.com\/nl\/wp-json\/wp\/v2\/pages\/8091","targetHints":{"allow":["GET"]}}],"collection":[{"href":"https:\/\/camping-ledauphin.com\/nl\/wp-json\/wp\/v2\/pages"}],"about":[{"href":"https:\/\/camping-ledauphin.com\/nl\/wp-json\/wp\/v2\/types\/page"}],"author":[{"embeddable":true,"href":"https:\/\/camping-ledauphin.com\/nl\/wp-json\/wp\/v2\/users\/7"}],"replies":[{"embeddable":true,"href":"https:\/\/camping-ledauphin.com\/nl\/wp-json\/wp\/v2\/comments?post=8091"}],"version-history":[{"count":1,"href":"https:\/\/camping-ledauphin.com\/nl\/wp-json\/wp\/v2\/pages\/8091\/revisions"}],"predecessor-version":[{"id":8344,"href":"https:\/\/camping-ledauphin.com\/nl\/wp-json\/wp\/v2\/pages\/8091\/revisions\/8344"}],"up":[{"embeddable":true,"href":"https:\/\/camping-ledauphin.com\/nl\/wp-json\/wp\/v2\/pages\/6421"}],"wp:attachment":[{"href":"https:\/\/camping-ledauphin.com\/nl\/wp-json\/wp\/v2\/media?parent=8091"}],"curies":[{"name":"wp","href":"https:\/\/api.w.org\/{rel}","templated":true}]}}