{"id":7807,"date":"2025-10-23T13:37:04","date_gmt":"2025-10-23T11:37:04","guid":{"rendered":"https:\/\/camping-ledauphin.com\/?page_id=7807"},"modified":"2026-02-16T11:44:04","modified_gmt":"2026-02-16T10:44:04","slug":"winkels","status":"publish","type":"page","link":"https:\/\/camping-ledauphin.com\/nl\/winkels\/","title":{"rendered":"Winkels"},"content":{"rendered":"<div id=\"gap-1528675939\" class=\"gap-element clearfix\" style=\"display:block; height:auto;\">\n\t\t\n<style>\n#gap-1528675939 {\n  padding-top: 50px;\n}\n@media (min-width:550px) {\n  #gap-1528675939 {\n    padding-top: 30px;\n  }\n}\n<\/style>\n\t<\/div>\n\t\n\n\t<section class=\"section\" id=\"section_1574235563\">\n\t\t<div class=\"section-bg fill\" >\n\t\t\t<img loading=\"lazy\" decoding=\"async\" width=\"1200\" height=\"800\" src=\"https:\/\/camping-ledauphin.com\/wp-content\/uploads\/2025\/10\/sanitaires-du-camping-le-dauphin-pres-de-royan.svg\" class=\"bg attachment-original size-original\" alt=\"Sanitaire voorzieningen op camping Le Dauphin bij Royan\" \/>\t\t\t\t\t\t\n\t\t\t\n\n\t\t<\/div>\n\n\t\t\t<div class=\"ux-shape-divider ux-shape-divider--top ux-shape-divider--style-waves-opacity-3\">\n\t\t<svg viewbox=\"0 0 1000 300\" xmlns=\"http:\/\/www.w3.org\/2000\/svg\" preserveaspectratio=\"none\">\n\t<path class=\"ux-shape-fill\" opacity=\"0.05\" d=\"M1014 264V386H206L34 300C34 300 344.42 277.16 436 221C542 156 590 160 704 209C811 255 899.11 214.94 979 346L1014 264Z\"\/>\n\t<path class=\"ux-shape-fill\" opacity=\"0.1\" d=\"M-302 55C-302 55 -66.73 263.25 50 214C178 160 283 116 353 141C445.68 174.1 534.28 256.19 588 249C692.9 235 764.52 75.94 855 131C940.61 183.09 1000 254 1000 254V328L-306 338L-302 55Z\"\/>\n\t<path class=\"ux-shape-fill\" opacity=\"0.15\" d=\"M-286 255C-286 255 -72 152 52 126C176 100 255 155 436 227C581.57 284.91 614.7 277.79 708 227C787 184 1009 3.0001 1093 164C1146 265.63 1031 293 1031 293L924 377L-288 389L-286 255Z\"\/>\n\t<path class=\"ux-shape-fill\" opacity=\"0.3\" d=\"M-24 69C-24 69 275.68 370.66 389 314C397 310 622 316 673 356C690.47 369.7 845 224 890 182C944.8 130.85 1018 92 1078 143C1154.12 207.7 1196 242 1196 242L1184 374L-28 386L-24 69Z\"\/>\n\t<path class=\"ux-shape-fill\" d=\"M-12 201C-12 201 58 284 182 258C306 232 342.29 221.23 456 264C565 305 640.82 288.36 721 249C776 222 837.5 191.31 935 253C984 284 1030 279 1030 279L1024 430L-12 440V201Z\"\/>\n<\/svg>\n\t<\/div>\n\n\t<div class=\"ux-shape-divider ux-shape-divider--bottom ux-shape-divider--style-waves-opacity-2\">\n\t\t<svg viewbox=\"0 0 1000 300\" xmlns=\"http:\/\/www.w3.org\/2000\/svg\" preserveaspectratio=\"none\">\n  <path class=\"ux-shape-fill\" opacity=\"0.15\" d=\"M0 299L-2 19.9998C153 -16.0002 308 155 413 184C515.64 212.35 562 152 645 153C725 154 787 206 874 233C939.54 253.34 975 248 1000 244.61V299H0Z\"\/>\n  <path class=\"ux-shape-fill\" opacity=\"0.3\" d=\"M0 300L-2 34C155 -9.00003 300 178 403 212C504.11 245.38 562 165 645 166C725 167 790.09 220.07 874 253C939.21 278.59 978.07 269.72 1000 263.61V300H0Z\"\/>\n  <path class=\"ux-shape-fill\" d=\"M0 300L-1 69.7099C216 56.9999 299.47 198.86 403 226C506 253 577 196 660 197C740 198 790.09 234.07 874 267C935.23 291 982 282.61 1000 277.61V300H0Z\"\/>\n<\/svg>\n\t<\/div>\n\n\t\t<div class=\"section-content relative\">\n\t\t\t\n<div class=\"row align-right\"  id=\"row-1925985444\">\n\n\t<div id=\"col-352179128\" class=\"col medium-6 small-12 large-6\"  >\n\t\t\t\t<div class=\"col-inner text-center\" style=\"background-color:rgba(255, 255, 255, 0.86);\" >\n\t\t\t\n\t\t\t\n<h1>Winkels en diensten op camping Le Dauphin in Saint-Georges-de-Didonne<\/h1>\n<p>Profiteer van alle winkels en diensten op Camping Le Dauphin, voor een zorgeloze vakantie in Charente-Maritime. Onze 4-sterrencamping biedt alle faciliteiten en diensten om je verblijf zo aangenaam en praktisch mogelijk te maken, in een groene omgeving op een steenworp afstand van het strand en Royan.<\/p>\n\t\t<\/div>\n\t\t\t\t\n<style>\n#col-352179128 > .col-inner {\n  padding: 30px 30px 30px 30px;\n  margin: 30px 0px 0px 0px;\n  border-radius: 30px;\n}\n@media (min-width:550px) {\n  #col-352179128 > .col-inner {\n    padding: 30px 30px 30px 30px;\n    margin: 50px 0px 0px 0px;\n  }\n}\n<\/style>\n\t<\/div>\n\n\t\n<\/div>\n\t\t<\/div>\n\n\t\t\n<style>\n#section_1574235563 {\n  padding-top: 50px;\n  padding-bottom: 50px;\n}\n#section_1574235563 .ux-shape-divider--top svg {\n  height: 100px;\n  --divider-top-width: 100%;\n}\n#section_1574235563 .ux-shape-divider--top .ux-shape-fill {\n  fill: #fefaf0;\n}\n#section_1574235563 .ux-shape-divider--bottom svg {\n  height: 150px;\n  --divider-width: 130%;\n}\n#section_1574235563 .ux-shape-divider--bottom .ux-shape-fill {\n  fill: #fefaf0;\n}\n@media (min-width:550px) {\n  #section_1574235563 .ux-shape-divider--top svg {\n    height: 200px;\n    --divider-top-width: 100%;\n  }\n}\n<\/style>\n\t<\/section>\n\t\n\n\t<section class=\"section\" id=\"section_697657370\">\n\t\t<div class=\"section-bg fill\" >\n\t\t\t\t\t\t\t\t\t\n\t\t\t\n\n\t\t<\/div>\n\n\t\t\n\n\t\t<div class=\"section-content relative\">\n\t\t\t\n<div class=\"row row-large align-center\"  id=\"row-1408736710\">\n\n\t<div id=\"col-1844501454\" class=\"col medium-12 small-12 large-6\"  >\n\t\t\t\t<div class=\"col-inner\"  >\n\t\t\t\n\t\t\t\n\t<div class=\"img has-hover x md-x lg-x y md-y lg-y\" id=\"image_964468401\">\n\t\t\t\t\t\t\t\t<div class=\"img-inner dark\" >\n\t\t\t<img loading=\"lazy\" decoding=\"async\" width=\"1020\" height=\"680\" src=\"https:\/\/camping-ledauphin.com\/wp-content\/uploads\/2025\/10\/lavrie-du-camping-le-dauphin-a-saiint-georges-de-didonne.svg\" class=\"attachment-large size-large\" alt=\"Lavrie Du Camping Le Dauphin in Saiint Georges De Didonne\" \/>\t\t\t\t\t\t\n\t\t\t\t\t<\/div>\n\t\t\t\t\t\t\t\t\n<style>\n#image_964468401 {\n  width: 100%;\n}\n<\/style>\n\t<\/div>\n\t\n\t\t<\/div>\n\t\t\t\t\n<style>\n#col-1844501454 > .col-inner {\n  padding: 0px 0px 0px 0px;\n  margin: 0px 0px 0px 0px;\n}\n@media (min-width:550px) {\n  #col-1844501454 > .col-inner {\n    padding: 50px 0px 0px 0px;\n  }\n}\n<\/style>\n\t<\/div>\n\n\t\n\n\t<div id=\"col-2002027534\" class=\"col medium-12 small-12 large-6 small-col-first\"  >\n\t\t\t\t<div class=\"col-inner\"  >\n\t\t\t\n\t\t\t\n<h2 style=\"position: relative; width: 100%;\">Praktische diensten voor een comfortabel verblijf<\/h2>\n<ul>\n<li>Receptie: ons team verwelkomt je met een glimlach en staat tijdens je hele verblijf voor je klaar.<\/li>\n<li>Een souvenirwinkel bij de receptie betekent dat je een stukje van je vakantie mee naar huis kunt nemen.<\/li>\n<li>Gratis wifi-verbinding: blijf verbonden met de snelle glasvezelverbinding die op de hele camping beschikbaar is.<\/li>\n<li>Wasserij: ge\u00efntegreerde machines 7 kg<\/li>\n<li>Sanitaire voorzieningen: continu onderhouden blokken, met toegang voor kinderdagverblijven en PBM's, en onbeperkt warm water.<\/li>\n<li>Nachtbewaking: in juli en augustus is er nachtbewaking voor een rustige en serene vakantie.<\/li>\n<\/ul>\n\t\t<\/div>\n\t\t\t\t\n<style>\n#col-2002027534 > .col-inner {\n  padding: 0px 0 0px 0px;\n  margin: 0px 0px 0px 0px;\n}\n@media (min-width:550px) {\n  #col-2002027534 > .col-inner {\n    padding: 0px 10% 0px 0px;\n  }\n}\n@media (min-width:850px) {\n  #col-2002027534 > .col-inner {\n    padding: 50px 0px 0px 0px;\n  }\n}\n<\/style>\n\t<\/div>\n\n\t\n\n\t<div id=\"col-149043059\" class=\"col medium-12 small-12 large-12 small-col-first\"  >\n\t\t\t\t<div class=\"col-inner text-center\"  >\n\t\t\t\n\t\t\t\n<a href=\"https:\/\/camping-ledauphin.com\/nl\/accommodatie\/\" class=\"button primary\" >\n\t\t<span>Ik kies mijn accommodatie<\/span>\n\t<\/a>\n\n\t\t<\/div>\n\t\t\t\t\n<style>\n#col-149043059 > .col-inner {\n  padding: 0px 0 0px 0px;\n  margin: 0px 0px 30px 0px;\n}\n@media (min-width:550px) {\n  #col-149043059 > .col-inner {\n    padding: 0px 10% 0px 0px;\n    margin: 30px 0px 0px 0px;\n  }\n}\n@media (min-width:850px) {\n  #col-149043059 > .col-inner {\n    padding: 0px 0px 0px 0px;\n  }\n}\n<\/style>\n\t<\/div>\n\n\t\n<\/div>\n<div class=\"row row-large\"  id=\"row-1055247074\">\n\n\t<div id=\"col-1898454755\" class=\"col medium-12 small-12 large-6\"  >\n\t\t\t\t<div class=\"col-inner\"  >\n\t\t\t\n\t\t\t\n<h2>Plaatselijke winkels en voorzieningen<\/h2>\n<ul>\n<li>Kruidenierswinkel: geopend van 8.00 tot 20.00 uur, met basisbenodigdheden, ter plekke gebakken brood en gebak, dat de dag van tevoren besteld kan worden.<\/li>\n<li>Gemeenschappelijke barbecues: er zijn twee houtskoolbarbecues beschikbaar in de buurt van het restaurant, met gratis leenbarbecues en houtskool te koop in de kruidenierswinkel.<\/li>\n<li>Afvoerzone voor campers: vrije toegang behalve voor grote modellen.<\/li>\n<\/ul>\n<p>En om je verblijf compleet te maken, vind je het volgende in de buurt:<\/p>\n<ul>\n<li>Een supermarkt ligt op 5 minuten rijden,<\/li>\n<li>Een groenteboer op 5 minuten lopen,<\/li>\n<li>En alle winkels in het stadscentrum liggen op slechts 30 minuten lopen, bereikbaar via een veilige voetgangerslaan met fietspaden langs het strand.<\/li>\n<\/ul>\n\t\t<\/div>\n\t\t\t\t\n<style>\n#col-1898454755 > .col-inner {\n  padding: 0px 0 0px 0px;\n  margin: 0px 0px 0px 0px;\n}\n@media (min-width:550px) {\n  #col-1898454755 > .col-inner {\n    padding: 0px 10% 0px 0px;\n  }\n}\n@media (min-width:850px) {\n  #col-1898454755 > .col-inner {\n    padding: 50px 0px 0px 0px;\n  }\n}\n<\/style>\n\t<\/div>\n\n\t\n\n\t<div id=\"col-397091100\" class=\"col medium-12 small-12 large-6\"  >\n\t\t\t\t<div class=\"col-inner\"  >\n\t\t\t\n\t\t\t\n<div class=\"row\"  id=\"row-532399919\">\n\n\t<div id=\"col-715482379\" class=\"col medium-6 small-12 large-7\"  >\n\t\t\t\t<div class=\"col-inner\"  >\n\t\t\t\n\t\t\t\n\n  <div class=\"banner has-hover\" id=\"banner-1401845309\">\n          <div class=\"banner-inner fill\">\n        <div class=\"banner-bg fill\" >\n            <img loading=\"lazy\" decoding=\"async\" width=\"1020\" height=\"680\" src=\"https:\/\/camping-ledauphin.com\/wp-content\/uploads\/2025\/10\/epicerie-camping-le-dauphin-a-saint-georges-de-didonne-1.svg\" class=\"bg attachment-large size-large\" alt=\"Kruidenierswinkel Camping Le Dauphin in Saint Georges De Didonne 1\" \/>                                    \n                    <\/div>\n\t\t\n        <div class=\"banner-layers container\">\n            <div class=\"fill banner-link\"><\/div>            \n        <\/div>\n      <\/div>\n\n            \n<style>\n#banner-1401845309 {\n  padding-top: 99.99%;\n  background-color: rgba(0, 0, 0, 0);\n}\n@media (min-width:550px) {\n  #banner-1401845309 {\n    padding-top: 150%;\n  }\n}\n@media (min-width:850px) {\n  #banner-1401845309 {\n    padding-top: 117%;\n  }\n}\n<\/style>\n  <\/div>\n\n\n\t\t<\/div>\n\t\t\t\t\t<\/div>\n\n\t\n\n\t<div id=\"col-1334007447\" class=\"col medium-6 small-12 large-5\"  >\n\t\t\t\t<div class=\"col-inner\"  >\n\t\t\t\n\t\t\t\n\n  <div class=\"banner has-hover\" id=\"banner-588424618\">\n          <div class=\"banner-inner fill\">\n        <div class=\"banner-bg fill\" >\n            <img loading=\"lazy\" decoding=\"async\" width=\"1020\" height=\"680\" src=\"https:\/\/camping-ledauphin.com\/wp-content\/uploads\/2025\/10\/epicerie-camping-le-dauphin-a-saint-georges-de-didonne.svg\" class=\"bg attachment-large size-large\" alt=\"Kruidenierswinkel Camping Le Dauphin in Saint Georges De Didonne\" \/>                                    \n                    <\/div>\n\t\t\n        <div class=\"banner-layers container\">\n            <div class=\"fill banner-link\"><\/div>            \n        <\/div>\n      <\/div>\n\n            \n<style>\n#banner-588424618 {\n  padding-top: 60%;\n  background-color: rgba(0, 0, 0, 0);\n}\n@media (min-width:550px) {\n  #banner-588424618 {\n    padding-top: 76%;\n  }\n}\n@media (min-width:850px) {\n  #banner-588424618 {\n    padding-top: 87%;\n  }\n}\n<\/style>\n  <\/div>\n\n\n\t\t<\/div>\n\t\t\t\t\t<\/div>\n\n\t\n<\/div>\n<div class=\"row align-right\"  id=\"row-1055209871\">\n\n\t<div id=\"col-187871481\" class=\"col medium-7 small-12 large-7\"  >\n\t\t\t\t<div class=\"col-inner\"  >\n\t\t\t\n\t\t\t\n\n  <div class=\"banner has-hover\" id=\"banner-865213222\">\n          <div class=\"banner-inner fill\">\n        <div class=\"banner-bg fill\" >\n            <img loading=\"lazy\" decoding=\"async\" width=\"1020\" height=\"680\" src=\"https:\/\/camping-ledauphin.com\/wp-content\/uploads\/2025\/10\/epicerie-camping-le-dauphin-a-saint-georges-de-didonne-2.svg\" class=\"bg attachment-large size-large\" alt=\"Kruidenierswinkel Camping Le Dauphin in Saint Georges De Didonne 2\" \/>                                    \n                    <\/div>\n\t\t\n        <div class=\"banner-layers container\">\n            <div class=\"fill banner-link\"><\/div>            \n        <\/div>\n      <\/div>\n\n            \n<style>\n#banner-865213222 {\n  padding-top: 60%;\n  background-color: rgba(0, 0, 0, 0);\n}\n@media (min-width:550px) {\n  #banner-865213222 {\n    padding-top: 75%;\n  }\n}\n<\/style>\n  <\/div>\n\n\n\t\t<\/div>\n\t\t\t\t\n<style>\n#col-187871481 > .col-inner {\n  margin: 0 0px 0px 0px;\n}\n@media (min-width:550px) {\n  #col-187871481 > .col-inner {\n    margin: -290px 0px 0px 0px;\n  }\n}\n@media (min-width:850px) {\n  #col-187871481 > .col-inner {\n    margin: -165px 0px 0px 0px;\n  }\n}\n<\/style>\n\t<\/div>\n\n\t\n<\/div>\n\t\t<\/div>\n\t\t\t\t\n<style>\n#col-397091100 > .col-inner {\n  padding: 0px 0px 0px 0px;\n  margin: 0px 0px 0px 0px;\n}\n@media (min-width:550px) {\n  #col-397091100 > .col-inner {\n    padding: 50px 0px 0px 0px;\n    margin: 0px 0px 0px 0px;\n  }\n}\n<\/style>\n\t<\/div>\n\n\t\n<\/div>\n\t\t<\/div>\n\n\t\t\n<style>\n#section_697657370 {\n  padding-top: 0px;\n  padding-bottom: 0px;\n}\n<\/style>\n\t<\/section>\n\t\n<div class=\"row row-large align-center\"  id=\"row-371156811\">\n\n\t<div id=\"col-911525104\" class=\"col medium-12 small-12 large-6\"  >\n\t\t\t\t<div class=\"col-inner\"  >\n\t\t\t\n\t\t\t\n<div class=\"row\"  id=\"row-1460213795\">\n\n\t<div id=\"col-841177034\" class=\"col medium-6 small-12 large-7\"  >\n\t\t\t\t<div class=\"col-inner\"  >\n\t\t\t\n\t\t\t\n\n  <div class=\"banner has-hover\" id=\"banner-1143123304\">\n          <div class=\"banner-inner fill\">\n        <div class=\"banner-bg fill\" >\n            <img loading=\"lazy\" decoding=\"async\" width=\"1020\" height=\"895\" src=\"https:\/\/camping-ledauphin.com\/wp-content\/uploads\/2025\/10\/draps-en-location-au-camping-le-dauphin.svg\" class=\"bg attachment-large size-large\" alt=\"Verhuur lakens Camping Le Dauphin\" \/>                                    \n                    <\/div>\n\t\t\n        <div class=\"banner-layers container\">\n            <div class=\"fill banner-link\"><\/div>            \n        <\/div>\n      <\/div>\n\n            \n<style>\n#banner-1143123304 {\n  padding-top: 99.99%;\n  background-color: rgba(0, 0, 0, 0);\n}\n@media (min-width:550px) {\n  #banner-1143123304 {\n    padding-top: 150%;\n  }\n}\n@media (min-width:850px) {\n  #banner-1143123304 {\n    padding-top: 117%;\n  }\n}\n<\/style>\n  <\/div>\n\n\n\t\t<\/div>\n\t\t\t\t\t<\/div>\n\n\t\n<\/div>\n<div class=\"row align-right\"  id=\"row-392190471\">\n\n\t<div id=\"col-533489295\" class=\"col medium-7 small-12 large-7\"  >\n\t\t\t\t<div class=\"col-inner\"  >\n\t\t\t\n\t\t\t\n\n  <div class=\"banner has-hover\" id=\"banner-1268998941\">\n          <div class=\"banner-inner fill\">\n        <div class=\"banner-bg fill\" >\n            <img loading=\"lazy\" decoding=\"async\" width=\"1020\" height=\"895\" src=\"https:\/\/camping-ledauphin.com\/wp-content\/uploads\/2025\/10\/chaise-haute-pour-enfant-en-location-au-camping-le-dauphin.svg\" class=\"bg attachment-large size-large\" alt=\"Kinderstoel te huur op camping Le Dauphin\" \/>                                    \n                    <\/div>\n\t\t\n        <div class=\"banner-layers container\">\n            <div class=\"fill banner-link\"><\/div>            \n        <\/div>\n      <\/div>\n\n            \n<style>\n#banner-1268998941 {\n  padding-top: 60%;\n  background-color: rgba(0, 0, 0, 0);\n}\n@media (min-width:550px) {\n  #banner-1268998941 {\n    padding-top: 75%;\n  }\n}\n<\/style>\n  <\/div>\n\n\n\t\t<\/div>\n\t\t\t\t\n<style>\n#col-533489295 > .col-inner {\n  margin: 0 0px 0px 0px;\n}\n@media (min-width:550px) {\n  #col-533489295 > .col-inner {\n    margin: -290px 0px 0px 0px;\n  }\n}\n@media (min-width:850px) {\n  #col-533489295 > .col-inner {\n    margin: -300px 0px 0px 0px;\n  }\n}\n<\/style>\n\t<\/div>\n\n\t\n<\/div>\n\t\t<\/div>\n\t\t\t\t\n<style>\n#col-911525104 > .col-inner {\n  padding: 0px 0px 0px 0px;\n  margin: 0px 0px 0px 0px;\n}\n@media (min-width:550px) {\n  #col-911525104 > .col-inner {\n    padding: 50px 0px 0px 0px;\n  }\n}\n<\/style>\n\t<\/div>\n\n\t\n\n\t<div id=\"col-1236643350\" class=\"col medium-12 small-12 large-6 small-col-first\"  >\n\t\t\t\t<div class=\"col-inner\"  >\n\t\t\t\n\t\t\t\n<h2 style=\"position: relative; width: 100%;\">Extra verhuur<\/h2>\n<p>Voor extra comfort zijn er verschillende opties te huur:<\/p>\n<ul>\n<li>Babyfaciliteiten: kinderbed, kinderstoel en bad (tegen betaling).<\/li>\n<li>Beddengoed en handdoeken (tegen betaling).<\/li>\n<\/ul>\n<p>Op camping Le Dauphin in Charente-Maritime is aan alles gedacht om je gezinsvakantie te vergemakkelijken.<\/p>\n\t\t<\/div>\n\t\t\t\t\n<style>\n#col-1236643350 > .col-inner {\n  padding: 0px 0 0px 0px;\n  margin: 0px 0px 0px 0px;\n}\n@media (min-width:550px) {\n  #col-1236643350 > .col-inner {\n    padding: 0px 10% 0px 0px;\n  }\n}\n@media (min-width:850px) {\n  #col-1236643350 > .col-inner {\n    padding: 50px 0px 0px 0px;\n  }\n}\n<\/style>\n\t<\/div>\n\n\t\n\n\t<div id=\"col-1368695209\" class=\"col medium-12 small-12 large-12 small-col-first\"  >\n\t\t\t\t<div class=\"col-inner text-center\"  >\n\t\t\t\n\t\t\t\n<a href=\"https:\/\/camping-ledauphin.com\/nl\/accommodatie\/\" class=\"button primary\" >\n\t\t<span>Ik kies mijn accommodatie<\/span>\n\t<\/a>\n\n\t\t<\/div>\n\t\t\t\t\n<style>\n#col-1368695209 > .col-inner {\n  padding: 0px 0 0px 0px;\n  margin: 0px 0px 30px 0px;\n}\n@media (min-width:550px) {\n  #col-1368695209 > .col-inner {\n    padding: 0px 10% 0px 0px;\n    margin: 30px 0px 50px 0px;\n  }\n}\n@media (min-width:850px) {\n  #col-1368695209 > .col-inner {\n    padding: 0px 0px 0px 0px;\n  }\n}\n<\/style>\n\t<\/div>\n\n\t\n<\/div>","protected":false},"excerpt":{"rendered":"","protected":false},"author":7,"featured_media":0,"parent":0,"menu_order":0,"comment_status":"closed","ping_status":"closed","template":"page-blank.php","meta":{"_acf_changed":false,"inline_featured_image":false,"footnotes":""},"class_list":["post-7807","page","type-page","status-publish","hentry"],"acf":[],"yoast_head":"<!-- This site is optimized with the Yoast SEO plugin v27.5 - https:\/\/yoast.com\/product\/yoast-seo-wordpress\/ -->\n<title>Commerces au camping Le Dauphin<\/title>\n<meta name=\"description\" content=\"D\u00e9couvrez tous les commerces et services du camping Le Dauphin \u00e0 Saint-Georges-de-Didonne : \u00e9picerie, laverie, wifi, barbecues collectifs, gardiennage et location de kits b\u00e9b\u00e9 pour des vacances sereines en Charente-Maritime.\" \/>\n<meta name=\"robots\" content=\"index, follow, max-snippet:-1, max-image-preview:large, max-video-preview:-1\" \/>\n<link rel=\"canonical\" href=\"https:\/\/camping-ledauphin.com\/nl\/winkels\/\" \/>\n<meta property=\"og:locale\" content=\"nl_NL\" \/>\n<meta property=\"og:type\" content=\"article\" \/>\n<meta property=\"og:title\" content=\"Commerces au camping Le Dauphin\" \/>\n<meta property=\"og:description\" content=\"D\u00e9couvrez tous les commerces et services du camping Le Dauphin \u00e0 Saint-Georges-de-Didonne : \u00e9picerie, laverie, wifi, barbecues collectifs, gardiennage et location de kits b\u00e9b\u00e9 pour des vacances sereines en Charente-Maritime.\" \/>\n<meta property=\"og:url\" content=\"https:\/\/camping-ledauphin.com\/nl\/winkels\/\" \/>\n<meta property=\"og:site_name\" content=\"Camping le Dauphin\" \/>\n<meta property=\"article:publisher\" content=\"https:\/\/www.facebook.com\/CampingLeDauphinSaintGeorgesDeDidonne\/\" \/>\n<meta property=\"article:modified_time\" content=\"2026-02-16T10:44:04+00:00\" \/>\n<meta name=\"twitter:card\" content=\"summary_large_image\" \/>\n<script type=\"application\/ld+json\" class=\"yoast-schema-graph\">{\"@context\":\"https:\\\/\\\/schema.org\",\"@graph\":[{\"@type\":\"WebPage\",\"@id\":\"https:\\\/\\\/camping-ledauphin.com\\\/commerces\\\/\",\"url\":\"https:\\\/\\\/camping-ledauphin.com\\\/commerces\\\/\",\"name\":\"Commerces au camping Le Dauphin\",\"isPartOf\":{\"@id\":\"https:\\\/\\\/camping-ledauphin.com\\\/#website\"},\"datePublished\":\"2025-10-23T11:37:04+00:00\",\"dateModified\":\"2026-02-16T10:44:04+00:00\",\"description\":\"D\u00e9couvrez tous les commerces et services du camping Le Dauphin \u00e0 Saint-Georges-de-Didonne : \u00e9picerie, laverie, wifi, barbecues collectifs, gardiennage et location de kits b\u00e9b\u00e9 pour des vacances sereines en Charente-Maritime.\",\"breadcrumb\":{\"@id\":\"https:\\\/\\\/camping-ledauphin.com\\\/commerces\\\/#breadcrumb\"},\"inLanguage\":\"nl-NL\",\"potentialAction\":[{\"@type\":\"ReadAction\",\"target\":[\"https:\\\/\\\/camping-ledauphin.com\\\/commerces\\\/\"]}]},{\"@type\":\"BreadcrumbList\",\"@id\":\"https:\\\/\\\/camping-ledauphin.com\\\/commerces\\\/#breadcrumb\",\"itemListElement\":[{\"@type\":\"ListItem\",\"position\":1,\"name\":\"Home\",\"item\":\"https:\\\/\\\/camping-ledauphin.com\\\/\"},{\"@type\":\"ListItem\",\"position\":2,\"name\":\"Commerces\"}]},{\"@type\":\"WebSite\",\"@id\":\"https:\\\/\\\/camping-ledauphin.com\\\/#website\",\"url\":\"https:\\\/\\\/camping-ledauphin.com\\\/\",\"name\":\"Camping Le Dauphin\",\"description\":\"Camping 4 \u00e9toiles - Saint-Georges-de-Didonne\",\"publisher\":{\"@id\":\"https:\\\/\\\/camping-ledauphin.com\\\/#organization\"},\"alternateName\":\"Camping les Embruns d'Ol\u00e9ron\",\"potentialAction\":[{\"@type\":\"SearchAction\",\"target\":{\"@type\":\"EntryPoint\",\"urlTemplate\":\"https:\\\/\\\/camping-ledauphin.com\\\/?s={search_term_string}\"},\"query-input\":{\"@type\":\"PropertyValueSpecification\",\"valueRequired\":true,\"valueName\":\"search_term_string\"}}],\"inLanguage\":\"nl-NL\"},{\"@type\":\"Organization\",\"@id\":\"https:\\\/\\\/camping-ledauphin.com\\\/#organization\",\"name\":\"Camping Le Dauphin\",\"url\":\"https:\\\/\\\/camping-ledauphin.com\\\/\",\"logo\":{\"@type\":\"ImageObject\",\"inLanguage\":\"nl-NL\",\"@id\":\"https:\\\/\\\/camping-ledauphin.com\\\/#\\\/schema\\\/logo\\\/image\\\/\",\"url\":\"https:\\\/\\\/camping-ledauphin.com\\\/wp-content\\\/uploads\\\/2025\\\/10\\\/Logo-Camping-Le-Dauphin.svg\",\"contentUrl\":\"https:\\\/\\\/camping-ledauphin.com\\\/wp-content\\\/uploads\\\/2025\\\/10\\\/Logo-Camping-Le-Dauphin.svg\",\"width\":454,\"height\":276,\"caption\":\"Camping Le Dauphin\"},\"image\":{\"@id\":\"https:\\\/\\\/camping-ledauphin.com\\\/#\\\/schema\\\/logo\\\/image\\\/\"},\"sameAs\":[\"https:\\\/\\\/www.facebook.com\\\/CampingLeDauphinSaintGeorgesDeDidonne\\\/\",\"https:\\\/\\\/www.instagram.com\\\/campingledauphin\\\/\",\"https:\\\/\\\/www.youtube.com\\\/@Campaldia\"]}]}<\/script>\n<!-- \/ Yoast SEO plugin. -->","yoast_head_json":{"title":"Winkels op camping Le Dauphin","description":"Ontdek alle winkels en diensten op camping Le Dauphin in Saint-Georges-de-Didonne: kruidenierswinkel, wasserette, wifi, gemeenschappelijke barbecues, babysit en verhuur van babykit voor een zorgeloze vakantie in Charente-Maritime.","robots":{"index":"index","follow":"follow","max-snippet":"max-snippet:-1","max-image-preview":"max-image-preview:large","max-video-preview":"max-video-preview:-1"},"canonical":"https:\/\/camping-ledauphin.com\/nl\/winkels\/","og_locale":"nl_NL","og_type":"article","og_title":"Commerces au camping Le Dauphin","og_description":"D\u00e9couvrez tous les commerces et services du camping Le Dauphin \u00e0 Saint-Georges-de-Didonne : \u00e9picerie, laverie, wifi, barbecues collectifs, gardiennage et location de kits b\u00e9b\u00e9 pour des vacances sereines en Charente-Maritime.","og_url":"https:\/\/camping-ledauphin.com\/nl\/winkels\/","og_site_name":"Camping le Dauphin","article_publisher":"https:\/\/www.facebook.com\/CampingLeDauphinSaintGeorgesDeDidonne\/","article_modified_time":"2026-02-16T10:44:04+00:00","twitter_card":"summary_large_image","schema":{"@context":"https:\/\/schema.org","@graph":[{"@type":"WebPage","@id":"https:\/\/camping-ledauphin.com\/commerces\/","url":"https:\/\/camping-ledauphin.com\/commerces\/","name":"Winkels op camping Le Dauphin","isPartOf":{"@id":"https:\/\/camping-ledauphin.com\/#website"},"datePublished":"2025-10-23T11:37:04+00:00","dateModified":"2026-02-16T10:44:04+00:00","description":"Ontdek alle winkels en diensten op camping Le Dauphin in Saint-Georges-de-Didonne: kruidenierswinkel, wasserette, wifi, gemeenschappelijke barbecues, babysit en verhuur van babykit voor een zorgeloze vakantie in Charente-Maritime.","breadcrumb":{"@id":"https:\/\/camping-ledauphin.com\/commerces\/#breadcrumb"},"inLanguage":"nl-NL","potentialAction":[{"@type":"ReadAction","target":["https:\/\/camping-ledauphin.com\/commerces\/"]}]},{"@type":"BreadcrumbList","@id":"https:\/\/camping-ledauphin.com\/commerces\/#breadcrumb","itemListElement":[{"@type":"ListItem","position":1,"name":"Home","item":"https:\/\/camping-ledauphin.com\/"},{"@type":"ListItem","position":2,"name":"Commerces"}]},{"@type":"WebSite","@id":"https:\/\/camping-ledauphin.com\/#website","url":"https:\/\/camping-ledauphin.com\/","name":"Camping Le Dauphin","description":"4-sterren camping - Saint-Georges-de-Didonne","publisher":{"@id":"https:\/\/camping-ledauphin.com\/#organization"},"alternateName":"Camping les Embruns d'Ol\u00e9ron","potentialAction":[{"@type":"SearchAction","target":{"@type":"EntryPoint","urlTemplate":"https:\/\/camping-ledauphin.com\/?s={search_term_string}"},"query-input":{"@type":"PropertyValueSpecification","valueRequired":true,"valueName":"search_term_string"}}],"inLanguage":"nl-NL"},{"@type":"Organization","@id":"https:\/\/camping-ledauphin.com\/#organization","name":"Camping Le Dauphin","url":"https:\/\/camping-ledauphin.com\/","logo":{"@type":"ImageObject","inLanguage":"nl-NL","@id":"https:\/\/camping-ledauphin.com\/#\/schema\/logo\/image\/","url":"https:\/\/camping-ledauphin.com\/wp-content\/uploads\/2025\/10\/Logo-Camping-Le-Dauphin.svg","contentUrl":"https:\/\/camping-ledauphin.com\/wp-content\/uploads\/2025\/10\/Logo-Camping-Le-Dauphin.svg","width":454,"height":276,"caption":"Camping Le Dauphin"},"image":{"@id":"https:\/\/camping-ledauphin.com\/#\/schema\/logo\/image\/"},"sameAs":["https:\/\/www.facebook.com\/CampingLeDauphinSaintGeorgesDeDidonne\/","https:\/\/www.instagram.com\/campingledauphin\/","https:\/\/www.youtube.com\/@Campaldia"]}]}},"_links":{"self":[{"href":"https:\/\/camping-ledauphin.com\/nl\/wp-json\/wp\/v2\/pages\/7807","targetHints":{"allow":["GET"]}}],"collection":[{"href":"https:\/\/camping-ledauphin.com\/nl\/wp-json\/wp\/v2\/pages"}],"about":[{"href":"https:\/\/camping-ledauphin.com\/nl\/wp-json\/wp\/v2\/types\/page"}],"author":[{"embeddable":true,"href":"https:\/\/camping-ledauphin.com\/nl\/wp-json\/wp\/v2\/users\/7"}],"replies":[{"embeddable":true,"href":"https:\/\/camping-ledauphin.com\/nl\/wp-json\/wp\/v2\/comments?post=7807"}],"version-history":[{"count":2,"href":"https:\/\/camping-ledauphin.com\/nl\/wp-json\/wp\/v2\/pages\/7807\/revisions"}],"predecessor-version":[{"id":8681,"href":"https:\/\/camping-ledauphin.com\/nl\/wp-json\/wp\/v2\/pages\/7807\/revisions\/8681"}],"wp:attachment":[{"href":"https:\/\/camping-ledauphin.com\/nl\/wp-json\/wp\/v2\/media?parent=7807"}],"curies":[{"name":"wp","href":"https:\/\/api.w.org\/{rel}","templated":true}]}}