{"id":7767,"date":"2025-10-23T12:05:12","date_gmt":"2025-10-23T10:05:12","guid":{"rendered":"https:\/\/camping-ledauphin.com\/?post_type=product&#038;p=7767"},"modified":"2026-01-19T14:40:26","modified_gmt":"2026-01-19T13:40:26","slug":"galleon","status":"publish","type":"product","link":"https:\/\/camping-ledauphin.com\/en\/accommodations\/mobile-homes-2\/galleon\/","title":{"rendered":"Galleon"},"content":{"rendered":"<p>The Galion mobile home is designed to provide comfort and convenience for your holidays with family or friends in Saint-Georges-de-Didonne. It has two bedrooms: one with a double bed and one with two single beds, perfect for up to 4 people.<\/p>\n<p>The bright living room with dining area and television is a convivial place to meet up after a day on the beach or out exploring. The fully-equipped kitchen (fridge, hob, microwave, coffee maker and crockery) means you can prepare your own meals.<\/p>\n<p>For added comfort, the Galion mobile home has a bathroom with shower and washbasin, separate WC and reversible air conditioning for a pleasant stay in any season. Outside, a covered terrace with garden furniture invites you to enjoy outdoor meals or simply relax in the warm atmosphere of Camping Le Dauphin ****.<\/p>\n<p>Practical, modern accommodation for a successful holiday near Royan.<\/p>\n<p><em>Non-contractual photos and plans<\/em><\/p>","protected":false},"excerpt":{"rendered":"<p>The Galion mobile home sleeps up to 4 people, with its two bedrooms, bright living room, fully-equipped kitchen and covered terrace. Air-conditioned and comfortable, it's ideal for family holidays in Saint-Georges-de-Didonne.<\/p>\n<p><em> Photos and plans are non-contractual.<\/em><\/p>","protected":false},"featured_media":7909,"template":"","meta":{"_acf_changed":false,"inline_featured_image":false},"product_brand":[],"product_cat":[409,55],"product_tag":[],"class_list":{"0":"post-7767","1":"product","2":"type-product","3":"status-publish","4":"has-post-thumbnail","6":"product_cat-locations-4-personnes","7":"product_cat-location-mobil-homes","9":"first","10":"instock","11":"shipping-taxable","12":"product-type-simple"},"acf":[],"yoast_head":"<!-- This site is optimized with the Yoast SEO plugin v27.4 - https:\/\/yoast.com\/product\/yoast-seo-wordpress\/ -->\n<title>Location mobil home 4 personnes | Saint-Georges-de-Didonne<\/title>\n<meta name=\"description\" content=\"S\u00e9journez en mobil-home Galion au Camping Le Dauphin \u00e0 Saint-Georges-de-Didonne, pr\u00e8s de Royan : un h\u00e9bergement pour 4 personnes en Charente-Maritime.\" \/>\n<meta name=\"robots\" content=\"index, follow, max-snippet:-1, max-image-preview:large, max-video-preview:-1\" \/>\n<link rel=\"canonical\" href=\"https:\/\/camping-ledauphin.com\/en\/accommodations\/mobile-homes-2\/galleon\/\" \/>\n<meta property=\"og:locale\" content=\"en_GB\" \/>\n<meta property=\"og:type\" content=\"article\" \/>\n<meta property=\"og:title\" content=\"Location mobil home 4 personnes | Saint-Georges-de-Didonne\" \/>\n<meta property=\"og:description\" content=\"S\u00e9journez en mobil-home Galion au Camping Le Dauphin \u00e0 Saint-Georges-de-Didonne, pr\u00e8s de Royan : un h\u00e9bergement pour 4 personnes en Charente-Maritime.\" \/>\n<meta property=\"og:url\" content=\"https:\/\/camping-ledauphin.com\/en\/accommodations\/mobile-homes-2\/galleon\/\" \/>\n<meta property=\"og:site_name\" content=\"Camping le Dauphin\" \/>\n<meta property=\"article:publisher\" content=\"https:\/\/www.facebook.com\/CampingLeDauphinSaintGeorgesDeDidonne\/\" \/>\n<meta property=\"article:modified_time\" content=\"2026-01-19T13:40:26+00:00\" \/>\n<meta property=\"og:image\" content=\"https:\/\/camping-ledauphin.com\/wp-content\/uploads\/2025\/10\/mobil-home-galion-pour-4-personnes-au-dauphin-a-royan.png\" \/>\n\t<meta property=\"og:image:width\" content=\"1200\" \/>\n\t<meta property=\"og:image:height\" content=\"800\" \/>\n\t<meta property=\"og:image:type\" content=\"image\/png\" \/>\n<meta name=\"twitter:card\" content=\"summary_large_image\" \/>\n<meta name=\"twitter:label1\" content=\"Estimated reading time\" \/>\n\t<meta name=\"twitter:data1\" content=\"2 minutes\" \/>\n<script type=\"application\/ld+json\" class=\"yoast-schema-graph\">{\"@context\":\"https:\\\/\\\/schema.org\",\"@graph\":[{\"@type\":\"WebPage\",\"@id\":\"https:\\\/\\\/camping-ledauphin.com\\\/hebergements\\\/location-mobil-homes\\\/galion\\\/\",\"url\":\"https:\\\/\\\/camping-ledauphin.com\\\/hebergements\\\/location-mobil-homes\\\/galion\\\/\",\"name\":\"Location mobil home 4 personnes | Saint-Georges-de-Didonne\",\"isPartOf\":{\"@id\":\"https:\\\/\\\/camping-ledauphin.com\\\/#website\"},\"primaryImageOfPage\":{\"@id\":\"https:\\\/\\\/camping-ledauphin.com\\\/hebergements\\\/location-mobil-homes\\\/galion\\\/#primaryimage\"},\"image\":{\"@id\":\"https:\\\/\\\/camping-ledauphin.com\\\/hebergements\\\/location-mobil-homes\\\/galion\\\/#primaryimage\"},\"thumbnailUrl\":\"https:\\\/\\\/camping-ledauphin.com\\\/wp-content\\\/uploads\\\/2025\\\/10\\\/mobil-home-galion-pour-4-personnes-au-dauphin-a-royan.png\",\"datePublished\":\"2025-10-23T10:05:12+00:00\",\"dateModified\":\"2026-01-19T13:40:26+00:00\",\"description\":\"S\u00e9journez en mobil-home Galion au Camping Le Dauphin \u00e0 Saint-Georges-de-Didonne, pr\u00e8s de Royan : un h\u00e9bergement pour 4 personnes en Charente-Maritime.\",\"breadcrumb\":{\"@id\":\"https:\\\/\\\/camping-ledauphin.com\\\/hebergements\\\/location-mobil-homes\\\/galion\\\/#breadcrumb\"},\"inLanguage\":\"en-GB\",\"potentialAction\":[{\"@type\":\"ReadAction\",\"target\":[\"https:\\\/\\\/camping-ledauphin.com\\\/hebergements\\\/location-mobil-homes\\\/galion\\\/\"]}]},{\"@type\":\"ImageObject\",\"inLanguage\":\"en-GB\",\"@id\":\"https:\\\/\\\/camping-ledauphin.com\\\/hebergements\\\/location-mobil-homes\\\/galion\\\/#primaryimage\",\"url\":\"https:\\\/\\\/camping-ledauphin.com\\\/wp-content\\\/uploads\\\/2025\\\/10\\\/mobil-home-galion-pour-4-personnes-au-dauphin-a-royan.png\",\"contentUrl\":\"https:\\\/\\\/camping-ledauphin.com\\\/wp-content\\\/uploads\\\/2025\\\/10\\\/mobil-home-galion-pour-4-personnes-au-dauphin-a-royan.png\",\"width\":1200,\"height\":800,\"caption\":\"Mobil Home Galion Pour 4 Personnes Au Dauphin \u00e0 Royan\"},{\"@type\":\"BreadcrumbList\",\"@id\":\"https:\\\/\\\/camping-ledauphin.com\\\/hebergements\\\/location-mobil-homes\\\/galion\\\/#breadcrumb\",\"itemListElement\":[{\"@type\":\"ListItem\",\"position\":1,\"name\":\"Home\",\"item\":\"https:\\\/\\\/camping-ledauphin.com\\\/\"},{\"@type\":\"ListItem\",\"position\":2,\"name\":\"Tous nos h\u00e9bergements en Charente-Maritime\",\"item\":\"https:\\\/\\\/camping-ledauphin.com\\\/hebergement\\\/\"},{\"@type\":\"ListItem\",\"position\":3,\"name\":\"Galion\"}]},{\"@type\":\"WebSite\",\"@id\":\"https:\\\/\\\/camping-ledauphin.com\\\/#website\",\"url\":\"https:\\\/\\\/camping-ledauphin.com\\\/\",\"name\":\"Camping Le Dauphin\",\"description\":\"Camping 4 \u00e9toiles - Saint-Georges-de-Didonne\",\"publisher\":{\"@id\":\"https:\\\/\\\/camping-ledauphin.com\\\/#organization\"},\"alternateName\":\"Camping les Embruns d'Ol\u00e9ron\",\"potentialAction\":[{\"@type\":\"SearchAction\",\"target\":{\"@type\":\"EntryPoint\",\"urlTemplate\":\"https:\\\/\\\/camping-ledauphin.com\\\/?s={search_term_string}\"},\"query-input\":{\"@type\":\"PropertyValueSpecification\",\"valueRequired\":true,\"valueName\":\"search_term_string\"}}],\"inLanguage\":\"en-GB\"},{\"@type\":\"Organization\",\"@id\":\"https:\\\/\\\/camping-ledauphin.com\\\/#organization\",\"name\":\"Camping Le Dauphin\",\"url\":\"https:\\\/\\\/camping-ledauphin.com\\\/\",\"logo\":{\"@type\":\"ImageObject\",\"inLanguage\":\"en-GB\",\"@id\":\"https:\\\/\\\/camping-ledauphin.com\\\/#\\\/schema\\\/logo\\\/image\\\/\",\"url\":\"https:\\\/\\\/camping-ledauphin.com\\\/wp-content\\\/uploads\\\/2025\\\/10\\\/Logo-Camping-Le-Dauphin.svg\",\"contentUrl\":\"https:\\\/\\\/camping-ledauphin.com\\\/wp-content\\\/uploads\\\/2025\\\/10\\\/Logo-Camping-Le-Dauphin.svg\",\"width\":454,\"height\":276,\"caption\":\"Camping Le Dauphin\"},\"image\":{\"@id\":\"https:\\\/\\\/camping-ledauphin.com\\\/#\\\/schema\\\/logo\\\/image\\\/\"},\"sameAs\":[\"https:\\\/\\\/www.facebook.com\\\/CampingLeDauphinSaintGeorgesDeDidonne\\\/\",\"https:\\\/\\\/www.instagram.com\\\/campingledauphin\\\/\",\"https:\\\/\\\/www.youtube.com\\\/@Campaldia\"]}]}<\/script>\n<!-- \/ Yoast SEO plugin. -->","yoast_head_json":{"title":"Mobile home rental 4 people | Saint-Georges-de-Didonne","description":"Stay in a Galion mobile home at Camping Le Dauphin in Saint-Georges-de-Didonne, near Royan: accommodation for 4 people in Charente-Maritime.","robots":{"index":"index","follow":"follow","max-snippet":"max-snippet:-1","max-image-preview":"max-image-preview:large","max-video-preview":"max-video-preview:-1"},"canonical":"https:\/\/camping-ledauphin.com\/en\/accommodations\/mobile-homes-2\/galleon\/","og_locale":"en_GB","og_type":"article","og_title":"Location mobil home 4 personnes | Saint-Georges-de-Didonne","og_description":"S\u00e9journez en mobil-home Galion au Camping Le Dauphin \u00e0 Saint-Georges-de-Didonne, pr\u00e8s de Royan : un h\u00e9bergement pour 4 personnes en Charente-Maritime.","og_url":"https:\/\/camping-ledauphin.com\/en\/accommodations\/mobile-homes-2\/galleon\/","og_site_name":"Camping le Dauphin","article_publisher":"https:\/\/www.facebook.com\/CampingLeDauphinSaintGeorgesDeDidonne\/","article_modified_time":"2026-01-19T13:40:26+00:00","og_image":[{"width":1200,"height":800,"url":"https:\/\/camping-ledauphin.com\/wp-content\/uploads\/2025\/10\/mobil-home-galion-pour-4-personnes-au-dauphin-a-royan.png","type":"image\/png"}],"twitter_card":"summary_large_image","twitter_misc":{"Estimated reading time":"2 minutes"},"schema":{"@context":"https:\/\/schema.org","@graph":[{"@type":"WebPage","@id":"https:\/\/camping-ledauphin.com\/hebergements\/location-mobil-homes\/galion\/","url":"https:\/\/camping-ledauphin.com\/hebergements\/location-mobil-homes\/galion\/","name":"Mobile home rental 4 people | Saint-Georges-de-Didonne","isPartOf":{"@id":"https:\/\/camping-ledauphin.com\/#website"},"primaryImageOfPage":{"@id":"https:\/\/camping-ledauphin.com\/hebergements\/location-mobil-homes\/galion\/#primaryimage"},"image":{"@id":"https:\/\/camping-ledauphin.com\/hebergements\/location-mobil-homes\/galion\/#primaryimage"},"thumbnailUrl":"https:\/\/camping-ledauphin.com\/wp-content\/uploads\/2025\/10\/mobil-home-galion-pour-4-personnes-au-dauphin-a-royan.png","datePublished":"2025-10-23T10:05:12+00:00","dateModified":"2026-01-19T13:40:26+00:00","description":"Stay in a Galion mobile home at Camping Le Dauphin in Saint-Georges-de-Didonne, near Royan: accommodation for 4 people in Charente-Maritime.","breadcrumb":{"@id":"https:\/\/camping-ledauphin.com\/hebergements\/location-mobil-homes\/galion\/#breadcrumb"},"inLanguage":"en-GB","potentialAction":[{"@type":"ReadAction","target":["https:\/\/camping-ledauphin.com\/hebergements\/location-mobil-homes\/galion\/"]}]},{"@type":"ImageObject","inLanguage":"en-GB","@id":"https:\/\/camping-ledauphin.com\/hebergements\/location-mobil-homes\/galion\/#primaryimage","url":"https:\/\/camping-ledauphin.com\/wp-content\/uploads\/2025\/10\/mobil-home-galion-pour-4-personnes-au-dauphin-a-royan.png","contentUrl":"https:\/\/camping-ledauphin.com\/wp-content\/uploads\/2025\/10\/mobil-home-galion-pour-4-personnes-au-dauphin-a-royan.png","width":1200,"height":800,"caption":"Mobil Home Galion Pour 4 Personnes Au Dauphin \u00e0 Royan"},{"@type":"BreadcrumbList","@id":"https:\/\/camping-ledauphin.com\/hebergements\/location-mobil-homes\/galion\/#breadcrumb","itemListElement":[{"@type":"ListItem","position":1,"name":"Home","item":"https:\/\/camping-ledauphin.com\/"},{"@type":"ListItem","position":2,"name":"Tous nos h\u00e9bergements en Charente-Maritime","item":"https:\/\/camping-ledauphin.com\/hebergement\/"},{"@type":"ListItem","position":3,"name":"Galion"}]},{"@type":"WebSite","@id":"https:\/\/camping-ledauphin.com\/#website","url":"https:\/\/camping-ledauphin.com\/","name":"Camping Le Dauphin","description":"4-star campsite - Saint-Georges-de-Didonne","publisher":{"@id":"https:\/\/camping-ledauphin.com\/#organization"},"alternateName":"Camping les Embruns d'Ol\u00e9ron","potentialAction":[{"@type":"SearchAction","target":{"@type":"EntryPoint","urlTemplate":"https:\/\/camping-ledauphin.com\/?s={search_term_string}"},"query-input":{"@type":"PropertyValueSpecification","valueRequired":true,"valueName":"search_term_string"}}],"inLanguage":"en-GB"},{"@type":"Organization","@id":"https:\/\/camping-ledauphin.com\/#organization","name":"Camping Le Dauphin","url":"https:\/\/camping-ledauphin.com\/","logo":{"@type":"ImageObject","inLanguage":"en-GB","@id":"https:\/\/camping-ledauphin.com\/#\/schema\/logo\/image\/","url":"https:\/\/camping-ledauphin.com\/wp-content\/uploads\/2025\/10\/Logo-Camping-Le-Dauphin.svg","contentUrl":"https:\/\/camping-ledauphin.com\/wp-content\/uploads\/2025\/10\/Logo-Camping-Le-Dauphin.svg","width":454,"height":276,"caption":"Camping Le Dauphin"},"image":{"@id":"https:\/\/camping-ledauphin.com\/#\/schema\/logo\/image\/"},"sameAs":["https:\/\/www.facebook.com\/CampingLeDauphinSaintGeorgesDeDidonne\/","https:\/\/www.instagram.com\/campingledauphin\/","https:\/\/www.youtube.com\/@Campaldia"]}]}},"_links":{"self":[{"href":"https:\/\/camping-ledauphin.com\/en\/wp-json\/wp\/v2\/product\/7767","targetHints":{"allow":["GET"]}}],"collection":[{"href":"https:\/\/camping-ledauphin.com\/en\/wp-json\/wp\/v2\/product"}],"about":[{"href":"https:\/\/camping-ledauphin.com\/en\/wp-json\/wp\/v2\/types\/product"}],"wp:featuredmedia":[{"embeddable":true,"href":"https:\/\/camping-ledauphin.com\/en\/wp-json\/wp\/v2\/media\/7909"}],"wp:attachment":[{"href":"https:\/\/camping-ledauphin.com\/en\/wp-json\/wp\/v2\/media?parent=7767"}],"wp:term":[{"taxonomy":"product_brand","embeddable":true,"href":"https:\/\/camping-ledauphin.com\/en\/wp-json\/wp\/v2\/product_brand?post=7767"},{"taxonomy":"product_cat","embeddable":true,"href":"https:\/\/camping-ledauphin.com\/en\/wp-json\/wp\/v2\/product_cat?post=7767"},{"taxonomy":"product_tag","embeddable":true,"href":"https:\/\/camping-ledauphin.com\/en\/wp-json\/wp\/v2\/product_tag?post=7767"}],"curies":[{"name":"wp","href":"https:\/\/api.w.org\/{rel}","templated":true}]}}