{"id":8093,"date":"2025-10-27T11:20:34","date_gmt":"2025-10-27T10:20:34","guid":{"rendered":"https:\/\/camping-ledauphin.com\/?page_id=8093"},"modified":"2025-10-28T11:56:03","modified_gmt":"2025-10-28T10:56:03","slug":"saint-palais-sur-mer","status":"publish","type":"page","link":"https:\/\/camping-ledauphin.com\/en\/tourism-charente-maritime\/saint-palais-sur-mer\/","title":{"rendered":"Saint Palais sur Mer"},"content":{"rendered":"<div id=\"gap-565984100\" class=\"gap-element clearfix\" style=\"display:block; height:auto;\">\n\t\t\n<style>\n#gap-565984100 {\n  padding-top: 50px;\n}\n@media (min-width:550px) {\n  #gap-565984100 {\n    padding-top: 30px;\n  }\n}\n<\/style>\n\t<\/div>\n\t\n\n\t<section class=\"section\" id=\"section_253799510\">\n\t\t<div class=\"section-bg fill\" >\n\t\t\t<img loading=\"lazy\" decoding=\"async\" width=\"1200\" height=\"800\" src=\"https:\/\/camping-ledauphin.com\/wp-content\/uploads\/2025\/10\/vacances-en-famille-a-saint-georges-de-didonne-1-1.svg\" class=\"bg attachment-original size-original\" alt=\"Family holidays in Saint Georges De Didonne 1\" \/>\t\t\t\t\t\t\n\t\t\t\n\n\t\t<\/div>\n\n\t\t\t<div class=\"ux-shape-divider ux-shape-divider--top ux-shape-divider--style-waves-opacity-3\">\n\t\t<svg viewbox=\"0 0 1000 300\" xmlns=\"http:\/\/www.w3.org\/2000\/svg\" preserveaspectratio=\"none\">\n\t<path class=\"ux-shape-fill\" opacity=\"0.05\" d=\"M1014 264V386H206L34 300C34 300 344.42 277.16 436 221C542 156 590 160 704 209C811 255 899.11 214.94 979 346L1014 264Z\"\/>\n\t<path class=\"ux-shape-fill\" opacity=\"0.1\" d=\"M-302 55C-302 55 -66.73 263.25 50 214C178 160 283 116 353 141C445.68 174.1 534.28 256.19 588 249C692.9 235 764.52 75.94 855 131C940.61 183.09 1000 254 1000 254V328L-306 338L-302 55Z\"\/>\n\t<path class=\"ux-shape-fill\" opacity=\"0.15\" d=\"M-286 255C-286 255 -72 152 52 126C176 100 255 155 436 227C581.57 284.91 614.7 277.79 708 227C787 184 1009 3.0001 1093 164C1146 265.63 1031 293 1031 293L924 377L-288 389L-286 255Z\"\/>\n\t<path class=\"ux-shape-fill\" opacity=\"0.3\" d=\"M-24 69C-24 69 275.68 370.66 389 314C397 310 622 316 673 356C690.47 369.7 845 224 890 182C944.8 130.85 1018 92 1078 143C1154.12 207.7 1196 242 1196 242L1184 374L-28 386L-24 69Z\"\/>\n\t<path class=\"ux-shape-fill\" d=\"M-12 201C-12 201 58 284 182 258C306 232 342.29 221.23 456 264C565 305 640.82 288.36 721 249C776 222 837.5 191.31 935 253C984 284 1030 279 1030 279L1024 430L-12 440V201Z\"\/>\n<\/svg>\n\t<\/div>\n\n\t<div class=\"ux-shape-divider ux-shape-divider--bottom ux-shape-divider--style-waves-opacity-2\">\n\t\t<svg viewbox=\"0 0 1000 300\" xmlns=\"http:\/\/www.w3.org\/2000\/svg\" preserveaspectratio=\"none\">\n  <path class=\"ux-shape-fill\" opacity=\"0.15\" d=\"M0 299L-2 19.9998C153 -16.0002 308 155 413 184C515.64 212.35 562 152 645 153C725 154 787 206 874 233C939.54 253.34 975 248 1000 244.61V299H0Z\"\/>\n  <path class=\"ux-shape-fill\" opacity=\"0.3\" d=\"M0 300L-2 34C155 -9.00003 300 178 403 212C504.11 245.38 562 165 645 166C725 167 790.09 220.07 874 253C939.21 278.59 978.07 269.72 1000 263.61V300H0Z\"\/>\n  <path class=\"ux-shape-fill\" d=\"M0 300L-1 69.7099C216 56.9999 299.47 198.86 403 226C506 253 577 196 660 197C740 198 790.09 234.07 874 267C935.23 291 982 282.61 1000 277.61V300H0Z\"\/>\n<\/svg>\n\t<\/div>\n\n\t\t<div class=\"section-content relative\">\n\t\t\t\n<div class=\"row align-right\"  id=\"row-1706991071\">\n\n\t<div id=\"col-1618135131\" class=\"col medium-6 small-12 large-6\"  >\n\t\t\t\t<div class=\"col-inner text-center\" style=\"background-color:rgba(255, 255, 255, 0.86);\" >\n\t\t\t\n\t\t\t\n<h1>What to do in Saint-Palais-sur-Mer<\/h1>\n<p>Just 4km from Royan, Saint-Palais-sur-Mer is a family resort renowned for its fine sandy beaches, carrelets, Belle \u00c9poque villas and wide-open spaces.<\/p>\n\t\t<\/div>\n\t\t\t\t\n<style>\n#col-1618135131 > .col-inner {\n  padding: 30px 30px 30px 30px;\n  margin: 30px 0px 0px 0px;\n  border-radius: 30px;\n}\n@media (min-width:550px) {\n  #col-1618135131 > .col-inner {\n    padding: 30px 30px 30px 30px;\n    margin: 50px 0px 0px 0px;\n  }\n}\n<\/style>\n\t<\/div>\n\n\t\n<\/div>\n\t\t<\/div>\n\n\t\t\n<style>\n#section_253799510 {\n  padding-top: 50px;\n  padding-bottom: 50px;\n}\n#section_253799510 .ux-shape-divider--top svg {\n  height: 100px;\n  --divider-top-width: 100%;\n}\n#section_253799510 .ux-shape-divider--top .ux-shape-fill {\n  fill: #fefaf0;\n}\n#section_253799510 .ux-shape-divider--bottom svg {\n  height: 150px;\n  --divider-width: 130%;\n}\n#section_253799510 .ux-shape-divider--bottom .ux-shape-fill {\n  fill: #fefaf0;\n}\n@media (min-width:550px) {\n  #section_253799510 .ux-shape-divider--top svg {\n    height: 200px;\n    --divider-top-width: 100%;\n  }\n}\n<\/style>\n\t<\/section>\n\t\n<div class=\"row row-large align-middle\"  id=\"row-1676910901\">\n\n\t<div id=\"col-1150940391\" class=\"col medium-6 small-12 large-6\"  data-animate=\"fadeInLeft\">\n\t\t\t\t<div class=\"col-inner\"  >\n\t\t\t\n\t<div class=\"is-border\"\n\t\tstyle=\"border-width:0px 0px 0px 0px;margin:0px 0px 0px 0px;\">\n\t<\/div>\n\t\t\t\n<h2>The great coast<\/h2>\n<p>The 2.5km-long Grande C\u00f4te beach is bordered by dunes and forest. Marked by its Second World War blockhouses, it is home to sand yachting, surfcasting and summer entertainment on the esplanade. The seaside area extends as far as La Palmyre with the Combots naturist beach.<\/p>\n\t\t<\/div>\n\t\t\t\t\n<style>\n#col-1150940391 > .col-inner {\n  margin: 0px 0px 0px 0px;\n}\n@media (min-width:550px) {\n  #col-1150940391 > .col-inner {\n    margin: 50px 0px 50px 0px;\n  }\n}\n<\/style>\n\t<\/div>\n\n\t\n\n\t<div id=\"col-307048899\" class=\"col medium-6 small-12 large-6 small-col-first\"  data-animate=\"fadeInRight\">\n\t\t\t\t<div class=\"col-inner\"  >\n\t\t\t\n\t<div class=\"is-border\"\n\t\tstyle=\"border-width:0px 0px 0px 0px;margin:0px 0px 0px 0px;\">\n\t<\/div>\n\t\t\t\n\t<div class=\"img has-hover x md-x lg-x y md-y lg-y\" id=\"image_706759946\">\n\t\t\t\t\t\t\t\t<div class=\"img-inner image-cover dark\" style=\"padding-top:70%;\">\n\t\t\t<img loading=\"lazy\" decoding=\"async\" width=\"768\" height=\"488\" src=\"https:\/\/camping-ledauphin.com\/wp-content\/uploads\/2025\/10\/plage-grande-cote-saint-palais-sur-mera-t.avan-1536x975-1-768x488.jpg\" class=\"attachment-medium_large size-medium_large\" alt=\"Beach Grande Cote Saint Palais Sur Mera T.avan 1536x975\" srcset=\"https:\/\/camping-ledauphin.com\/wp-content\/uploads\/2025\/10\/plage-grande-cote-saint-palais-sur-mera-t.avan-1536x975-1-768x488.jpg 768w, https:\/\/camping-ledauphin.com\/wp-content\/uploads\/2025\/10\/plage-grande-cote-saint-palais-sur-mera-t.avan-1536x975-1-370x235.jpg 370w, https:\/\/camping-ledauphin.com\/wp-content\/uploads\/2025\/10\/plage-grande-cote-saint-palais-sur-mera-t.avan-1536x975-1-1020x647.jpg 1020w, https:\/\/camping-ledauphin.com\/wp-content\/uploads\/2025\/10\/plage-grande-cote-saint-palais-sur-mera-t.avan-1536x975-1-18x12.jpg 18w, https:\/\/camping-ledauphin.com\/wp-content\/uploads\/2025\/10\/plage-grande-cote-saint-palais-sur-mera-t.avan-1536x975-1-510x324.jpg 510w, https:\/\/camping-ledauphin.com\/wp-content\/uploads\/2025\/10\/plage-grande-cote-saint-palais-sur-mera-t.avan-1536x975-1.jpg 1536w\" sizes=\"auto, (max-width: 768px) 100vw, 768px\" \/>\t\t\t\t\t\t\n\t\t\t\t\t<\/div>\n\t\t\t\t\t\t\t\t\n<style>\n#image_706759946 {\n  width: 100%;\n}\n<\/style>\n\t<\/div>\n\t\n\t\t<\/div>\n\t\t\t\t\n<style>\n#col-307048899 > .col-inner {\n  margin: 0px 0px -20px 0px;\n}\n@media (min-width:550px) {\n  #col-307048899 > .col-inner {\n    margin: 50px 0px 50px 0px;\n  }\n}\n<\/style>\n\t<\/div>\n\n\t\n\n\t<div id=\"col-939975259\" class=\"col small-12 large-12\"  data-animate=\"fadeInRight\">\n\t\t\t\t<div class=\"col-inner text-center\"  >\n\t\t\t\n\t<div class=\"is-border\"\n\t\tstyle=\"border-width:0px 0px 0px 0px;margin:0px 0px 0px 0px;\">\n\t<\/div>\n\t\t\t\n<a href=\"https:\/\/camping-ledauphin.com\/en\/accommodation\/\" class=\"button primary\" >\n\t\t<span>I choose my accommodation<\/span>\n\t<\/a>\n\n\t\t<\/div>\n\t\t\t\t\n<style>\n#col-939975259 > .col-inner {\n  margin: 0px 0px 20px 0px;\n}\n@media (min-width:550px) {\n  #col-939975259 > .col-inner {\n    margin: 0px 0px 0px 0px;\n  }\n}\n<\/style>\n\t<\/div>\n\n\t\n<\/div>\n<div class=\"row row-large align-middle\"  id=\"row-1648549097\">\n\n\t<div id=\"col-172526433\" class=\"col medium-6 small-12 large-6 small-col-first\"  data-animate=\"fadeInLeft\">\n\t\t\t\t<div class=\"col-inner\"  >\n\t\t\t\n\t<div class=\"is-border\"\n\t\tstyle=\"border-width:0px 0px 0px 0px;margin:0px 0px 0px 0px;\">\n\t<\/div>\n\t\t\t\n\t<div class=\"img has-hover x md-x lg-x y md-y lg-y\" id=\"image_921578768\">\n\t\t\t\t\t\t\t\t<div class=\"img-inner image-cover dark\" style=\"padding-top:70%;\">\n\t\t\t<img loading=\"lazy\" decoding=\"async\" width=\"768\" height=\"512\" src=\"https:\/\/camping-ledauphin.com\/wp-content\/uploads\/2025\/10\/plage-bureau-saint-palais-sur-mera-t.avan-1536x1024-1-768x512.jpg\" class=\"attachment-medium_large size-medium_large\" alt=\"Beach Office Saint Palais Sur Mera T.avan 1536x1024\" srcset=\"https:\/\/camping-ledauphin.com\/wp-content\/uploads\/2025\/10\/plage-bureau-saint-palais-sur-mera-t.avan-1536x1024-1-768x512.jpg 768w, https:\/\/camping-ledauphin.com\/wp-content\/uploads\/2025\/10\/plage-bureau-saint-palais-sur-mera-t.avan-1536x1024-1-370x247.jpg 370w, https:\/\/camping-ledauphin.com\/wp-content\/uploads\/2025\/10\/plage-bureau-saint-palais-sur-mera-t.avan-1536x1024-1-1020x680.jpg 1020w, https:\/\/camping-ledauphin.com\/wp-content\/uploads\/2025\/10\/plage-bureau-saint-palais-sur-mera-t.avan-1536x1024-1-18x12.jpg 18w, https:\/\/camping-ledauphin.com\/wp-content\/uploads\/2025\/10\/plage-bureau-saint-palais-sur-mera-t.avan-1536x1024-1-510x340.jpg 510w, https:\/\/camping-ledauphin.com\/wp-content\/uploads\/2025\/10\/plage-bureau-saint-palais-sur-mera-t.avan-1536x1024-1.jpg 1536w\" sizes=\"auto, (max-width: 768px) 100vw, 768px\" \/>\t\t\t\t\t\t\n\t\t\t\t\t<\/div>\n\t\t\t\t\t\t\t\t\n<style>\n#image_921578768 {\n  width: 100%;\n}\n<\/style>\n\t<\/div>\n\t\n\t\t<\/div>\n\t\t\t\t\n<style>\n#col-172526433 > .col-inner {\n  margin: 0px 0px -20px 0px;\n}\n@media (min-width:550px) {\n  #col-172526433 > .col-inner {\n    margin: 50px 0px 50px 0px;\n  }\n}\n<\/style>\n\t<\/div>\n\n\t\n\n\t<div id=\"col-712464504\" class=\"col medium-6 small-12 large-6 small-col-first\"  data-animate=\"fadeInRight\">\n\t\t\t\t<div class=\"col-inner\"  >\n\t\t\t\n\t\t\t\n<h2>La conche du Bureau\u00a0<\/h2>\n<p>In the centre of the resort, the Plage du Bureau, lined with Belle \u00c9poque villas, is a meeting place for regulars. Lively terraces and children's clubs create a friendly atmosphere.<\/p>\n\t\t<\/div>\n\t\t\t\t\n<style>\n#col-712464504 > .col-inner {\n  margin: 0px 0px 20px 0px;\n}\n@media (min-width:550px) {\n  #col-712464504 > .col-inner {\n    margin: 50px 0px 50px 0px;\n  }\n}\n<\/style>\n\t<\/div>\n\n\t\n<\/div>\n<div class=\"row row-large align-middle align-center\"  id=\"row-423476782\">\n\n\t<div id=\"col-370560840\" class=\"col medium-10 small-12 large-10 small-col-first\"  data-animate=\"fadeInRight\">\n\t\t\t\t<div class=\"col-inner text-center\"  >\n\t\t\t\n\t\t\t\n<h2>Your campsite near Saint-Palais-sur-Mer<\/h2>\n<p>When you stay at Camping Le Dauphin, you'll enjoy comfortable accommodation just a few minutes from Saint-Palais-sur-Mer. Recent mobile homes, heated swimming pool, restaurant and family entertainment: everything is provided for a successful stay combining relaxation at the campsite with discovery. An ideal base for exploring the Charente-Maritime and its treasures.<\/p>\n\t\t<\/div>\n\t\t\t\t\n<style>\n#col-370560840 > .col-inner {\n  margin: 0px 0px 20px 0px;\n}\n@media (min-width:550px) {\n  #col-370560840 > .col-inner {\n    margin: 0px 0px 50px 0px;\n  }\n}\n<\/style>\n\t<\/div>\n\n\t\n<\/div>","protected":false},"excerpt":{"rendered":"","protected":false},"author":7,"featured_media":0,"parent":6421,"menu_order":0,"comment_status":"closed","ping_status":"closed","template":"page-blank.php","meta":{"_acf_changed":false,"inline_featured_image":false,"footnotes":""},"class_list":["post-8093","page","type-page","status-publish","hentry"],"acf":[],"yoast_head":"<!-- This site is optimized with the Yoast SEO plugin v27.5 - https:\/\/yoast.com\/product\/yoast-seo-wordpress\/ -->\n<title>Tourisme Saint Palais sur Mer : que faire \u00e0 Saint Palais sur Mer en Charente-Maritime<\/title>\n<meta name=\"description\" content=\"D\u00e9couvrez Saint-Palais-sur-Mer depuis le Camping Le Dauphin \u00e0 Saint-Georges-de-Didonne. Plages, balades, loisirs et activit\u00e9s locales pour des vacances r\u00e9ussies en Charente-Maritime.\" \/>\n<meta name=\"robots\" content=\"index, follow, max-snippet:-1, max-image-preview:large, max-video-preview:-1\" \/>\n<link rel=\"canonical\" href=\"https:\/\/camping-ledauphin.com\/en\/tourism-charente-maritime\/saint-palais-sur-mer\/\" \/>\n<meta property=\"og:locale\" content=\"en_GB\" \/>\n<meta property=\"og:type\" content=\"article\" \/>\n<meta property=\"og:title\" content=\"Tourisme Saint Palais sur Mer : que faire \u00e0 Saint Palais sur Mer en Charente-Maritime\" \/>\n<meta property=\"og:description\" content=\"D\u00e9couvrez Saint-Palais-sur-Mer depuis le Camping Le Dauphin \u00e0 Saint-Georges-de-Didonne. Plages, balades, loisirs et activit\u00e9s locales pour des vacances r\u00e9ussies en Charente-Maritime.\" \/>\n<meta property=\"og:url\" content=\"https:\/\/camping-ledauphin.com\/en\/tourism-charente-maritime\/saint-palais-sur-mer\/\" \/>\n<meta property=\"og:site_name\" content=\"Camping le Dauphin\" \/>\n<meta property=\"article:publisher\" content=\"https:\/\/www.facebook.com\/CampingLeDauphinSaintGeorgesDeDidonne\/\" \/>\n<meta property=\"article:modified_time\" content=\"2025-10-28T10:56:03+00:00\" \/>\n<meta name=\"twitter:card\" content=\"summary_large_image\" \/>\n<meta name=\"twitter:label1\" content=\"Estimated reading time\" \/>\n\t<meta name=\"twitter:data1\" content=\"5 minutes\" \/>\n<script type=\"application\/ld+json\" class=\"yoast-schema-graph\">{\"@context\":\"https:\\\/\\\/schema.org\",\"@graph\":[{\"@type\":\"WebPage\",\"@id\":\"https:\\\/\\\/camping-ledauphin.com\\\/tourisme-charente-maritime\\\/saint-palais-sur-mer\\\/\",\"url\":\"https:\\\/\\\/camping-ledauphin.com\\\/tourisme-charente-maritime\\\/saint-palais-sur-mer\\\/\",\"name\":\"Tourisme Saint Palais sur Mer : que faire \u00e0 Saint Palais sur Mer en Charente-Maritime\",\"isPartOf\":{\"@id\":\"https:\\\/\\\/camping-ledauphin.com\\\/#website\"},\"datePublished\":\"2025-10-27T10:20:34+00:00\",\"dateModified\":\"2025-10-28T10:56:03+00:00\",\"description\":\"D\u00e9couvrez Saint-Palais-sur-Mer depuis le Camping Le Dauphin \u00e0 Saint-Georges-de-Didonne. Plages, balades, loisirs et activit\u00e9s locales pour des vacances r\u00e9ussies en Charente-Maritime.\",\"breadcrumb\":{\"@id\":\"https:\\\/\\\/camping-ledauphin.com\\\/tourisme-charente-maritime\\\/saint-palais-sur-mer\\\/#breadcrumb\"},\"inLanguage\":\"en-GB\",\"potentialAction\":[{\"@type\":\"ReadAction\",\"target\":[\"https:\\\/\\\/camping-ledauphin.com\\\/tourisme-charente-maritime\\\/saint-palais-sur-mer\\\/\"]}]},{\"@type\":\"BreadcrumbList\",\"@id\":\"https:\\\/\\\/camping-ledauphin.com\\\/tourisme-charente-maritime\\\/saint-palais-sur-mer\\\/#breadcrumb\",\"itemListElement\":[{\"@type\":\"ListItem\",\"position\":1,\"name\":\"Home\",\"item\":\"https:\\\/\\\/camping-ledauphin.com\\\/\"},{\"@type\":\"ListItem\",\"position\":2,\"name\":\"La R\u00e9gion\",\"item\":\"https:\\\/\\\/camping-ledauphin.com\\\/tourisme-charente-maritime\\\/\"},{\"@type\":\"ListItem\",\"position\":3,\"name\":\"Saint Palais sur Mer\"}]},{\"@type\":\"WebSite\",\"@id\":\"https:\\\/\\\/camping-ledauphin.com\\\/#website\",\"url\":\"https:\\\/\\\/camping-ledauphin.com\\\/\",\"name\":\"Camping Le Dauphin\",\"description\":\"Camping 4 \u00e9toiles - Saint-Georges-de-Didonne\",\"publisher\":{\"@id\":\"https:\\\/\\\/camping-ledauphin.com\\\/#organization\"},\"alternateName\":\"Camping les Embruns d'Ol\u00e9ron\",\"potentialAction\":[{\"@type\":\"SearchAction\",\"target\":{\"@type\":\"EntryPoint\",\"urlTemplate\":\"https:\\\/\\\/camping-ledauphin.com\\\/?s={search_term_string}\"},\"query-input\":{\"@type\":\"PropertyValueSpecification\",\"valueRequired\":true,\"valueName\":\"search_term_string\"}}],\"inLanguage\":\"en-GB\"},{\"@type\":\"Organization\",\"@id\":\"https:\\\/\\\/camping-ledauphin.com\\\/#organization\",\"name\":\"Camping Le Dauphin\",\"url\":\"https:\\\/\\\/camping-ledauphin.com\\\/\",\"logo\":{\"@type\":\"ImageObject\",\"inLanguage\":\"en-GB\",\"@id\":\"https:\\\/\\\/camping-ledauphin.com\\\/#\\\/schema\\\/logo\\\/image\\\/\",\"url\":\"https:\\\/\\\/camping-ledauphin.com\\\/wp-content\\\/uploads\\\/2025\\\/10\\\/Logo-Camping-Le-Dauphin.svg\",\"contentUrl\":\"https:\\\/\\\/camping-ledauphin.com\\\/wp-content\\\/uploads\\\/2025\\\/10\\\/Logo-Camping-Le-Dauphin.svg\",\"width\":454,\"height\":276,\"caption\":\"Camping Le Dauphin\"},\"image\":{\"@id\":\"https:\\\/\\\/camping-ledauphin.com\\\/#\\\/schema\\\/logo\\\/image\\\/\"},\"sameAs\":[\"https:\\\/\\\/www.facebook.com\\\/CampingLeDauphinSaintGeorgesDeDidonne\\\/\",\"https:\\\/\\\/www.instagram.com\\\/campingledauphin\\\/\",\"https:\\\/\\\/www.youtube.com\\\/@Campaldia\"]}]}<\/script>\n<!-- \/ Yoast SEO plugin. -->","yoast_head_json":{"title":"Tourism Saint Palais sur Mer: what to do in Saint Palais sur Mer in Charente-Maritime","description":"Discover Saint-Palais-sur-Mer from Camping Le Dauphin in Saint-Georges-de-Didonne. Beaches, walks, leisure activities and local activities for a great holiday in Charente-Maritime.","robots":{"index":"index","follow":"follow","max-snippet":"max-snippet:-1","max-image-preview":"max-image-preview:large","max-video-preview":"max-video-preview:-1"},"canonical":"https:\/\/camping-ledauphin.com\/en\/tourism-charente-maritime\/saint-palais-sur-mer\/","og_locale":"en_GB","og_type":"article","og_title":"Tourisme Saint Palais sur Mer : que faire \u00e0 Saint Palais sur Mer en Charente-Maritime","og_description":"D\u00e9couvrez Saint-Palais-sur-Mer depuis le Camping Le Dauphin \u00e0 Saint-Georges-de-Didonne. Plages, balades, loisirs et activit\u00e9s locales pour des vacances r\u00e9ussies en Charente-Maritime.","og_url":"https:\/\/camping-ledauphin.com\/en\/tourism-charente-maritime\/saint-palais-sur-mer\/","og_site_name":"Camping le Dauphin","article_publisher":"https:\/\/www.facebook.com\/CampingLeDauphinSaintGeorgesDeDidonne\/","article_modified_time":"2025-10-28T10:56:03+00:00","twitter_card":"summary_large_image","twitter_misc":{"Estimated reading time":"5 minutes"},"schema":{"@context":"https:\/\/schema.org","@graph":[{"@type":"WebPage","@id":"https:\/\/camping-ledauphin.com\/tourisme-charente-maritime\/saint-palais-sur-mer\/","url":"https:\/\/camping-ledauphin.com\/tourisme-charente-maritime\/saint-palais-sur-mer\/","name":"Tourism Saint Palais sur Mer: what to do in Saint Palais sur Mer in Charente-Maritime","isPartOf":{"@id":"https:\/\/camping-ledauphin.com\/#website"},"datePublished":"2025-10-27T10:20:34+00:00","dateModified":"2025-10-28T10:56:03+00:00","description":"Discover Saint-Palais-sur-Mer from Camping Le Dauphin in Saint-Georges-de-Didonne. Beaches, walks, leisure activities and local activities for a great holiday in Charente-Maritime.","breadcrumb":{"@id":"https:\/\/camping-ledauphin.com\/tourisme-charente-maritime\/saint-palais-sur-mer\/#breadcrumb"},"inLanguage":"en-GB","potentialAction":[{"@type":"ReadAction","target":["https:\/\/camping-ledauphin.com\/tourisme-charente-maritime\/saint-palais-sur-mer\/"]}]},{"@type":"BreadcrumbList","@id":"https:\/\/camping-ledauphin.com\/tourisme-charente-maritime\/saint-palais-sur-mer\/#breadcrumb","itemListElement":[{"@type":"ListItem","position":1,"name":"Home","item":"https:\/\/camping-ledauphin.com\/"},{"@type":"ListItem","position":2,"name":"La R\u00e9gion","item":"https:\/\/camping-ledauphin.com\/tourisme-charente-maritime\/"},{"@type":"ListItem","position":3,"name":"Saint Palais sur Mer"}]},{"@type":"WebSite","@id":"https:\/\/camping-ledauphin.com\/#website","url":"https:\/\/camping-ledauphin.com\/","name":"Camping Le Dauphin","description":"4-star campsite - Saint-Georges-de-Didonne","publisher":{"@id":"https:\/\/camping-ledauphin.com\/#organization"},"alternateName":"Camping les Embruns d'Ol\u00e9ron","potentialAction":[{"@type":"SearchAction","target":{"@type":"EntryPoint","urlTemplate":"https:\/\/camping-ledauphin.com\/?s={search_term_string}"},"query-input":{"@type":"PropertyValueSpecification","valueRequired":true,"valueName":"search_term_string"}}],"inLanguage":"en-GB"},{"@type":"Organization","@id":"https:\/\/camping-ledauphin.com\/#organization","name":"Camping Le Dauphin","url":"https:\/\/camping-ledauphin.com\/","logo":{"@type":"ImageObject","inLanguage":"en-GB","@id":"https:\/\/camping-ledauphin.com\/#\/schema\/logo\/image\/","url":"https:\/\/camping-ledauphin.com\/wp-content\/uploads\/2025\/10\/Logo-Camping-Le-Dauphin.svg","contentUrl":"https:\/\/camping-ledauphin.com\/wp-content\/uploads\/2025\/10\/Logo-Camping-Le-Dauphin.svg","width":454,"height":276,"caption":"Camping Le Dauphin"},"image":{"@id":"https:\/\/camping-ledauphin.com\/#\/schema\/logo\/image\/"},"sameAs":["https:\/\/www.facebook.com\/CampingLeDauphinSaintGeorgesDeDidonne\/","https:\/\/www.instagram.com\/campingledauphin\/","https:\/\/www.youtube.com\/@Campaldia"]}]}},"_links":{"self":[{"href":"https:\/\/camping-ledauphin.com\/en\/wp-json\/wp\/v2\/pages\/8093","targetHints":{"allow":["GET"]}}],"collection":[{"href":"https:\/\/camping-ledauphin.com\/en\/wp-json\/wp\/v2\/pages"}],"about":[{"href":"https:\/\/camping-ledauphin.com\/en\/wp-json\/wp\/v2\/types\/page"}],"author":[{"embeddable":true,"href":"https:\/\/camping-ledauphin.com\/en\/wp-json\/wp\/v2\/users\/7"}],"replies":[{"embeddable":true,"href":"https:\/\/camping-ledauphin.com\/en\/wp-json\/wp\/v2\/comments?post=8093"}],"version-history":[{"count":1,"href":"https:\/\/camping-ledauphin.com\/en\/wp-json\/wp\/v2\/pages\/8093\/revisions"}],"predecessor-version":[{"id":8345,"href":"https:\/\/camping-ledauphin.com\/en\/wp-json\/wp\/v2\/pages\/8093\/revisions\/8345"}],"up":[{"embeddable":true,"href":"https:\/\/camping-ledauphin.com\/en\/wp-json\/wp\/v2\/pages\/6421"}],"wp:attachment":[{"href":"https:\/\/camping-ledauphin.com\/en\/wp-json\/wp\/v2\/media?parent=8093"}],"curies":[{"name":"wp","href":"https:\/\/api.w.org\/{rel}","templated":true}]}}