{"id":8079,"date":"2025-10-27T11:04:55","date_gmt":"2025-10-27T10:04:55","guid":{"rendered":"https:\/\/camping-ledauphin.com\/?page_id=8079"},"modified":"2025-12-08T09:42:07","modified_gmt":"2025-12-08T08:42:07","slug":"la-palmyre","status":"publish","type":"page","link":"https:\/\/camping-ledauphin.com\/en\/tourism-charente-maritime\/la-palmyre\/","title":{"rendered":"La Palmyre"},"content":{"rendered":"<div id=\"gap-802092156\" class=\"gap-element clearfix\" style=\"display:block; height:auto;\">\n\t\t\n<style>\n#gap-802092156 {\n  padding-top: 50px;\n}\n@media (min-width:550px) {\n  #gap-802092156 {\n    padding-top: 30px;\n  }\n}\n<\/style>\n\t<\/div>\n\t\n\n\t<section class=\"section\" id=\"section_1965527818\">\n\t\t<div class=\"section-bg fill\" >\n\t\t\t<img loading=\"lazy\" decoding=\"async\" width=\"1200\" height=\"800\" src=\"https:\/\/camping-ledauphin.com\/wp-content\/uploads\/2025\/10\/vacances-en-famille-a-saint-georges-de-didonne-1-1.svg\" class=\"bg attachment-original size-original\" alt=\"Family holidays in Saint Georges De Didonne 1\" \/>\t\t\t\t\t\t\n\t\t\t\n\n\t\t<\/div>\n\n\t\t\t<div class=\"ux-shape-divider ux-shape-divider--top ux-shape-divider--style-waves-opacity-3\">\n\t\t<svg viewbox=\"0 0 1000 300\" xmlns=\"http:\/\/www.w3.org\/2000\/svg\" preserveaspectratio=\"none\">\n\t<path class=\"ux-shape-fill\" opacity=\"0.05\" d=\"M1014 264V386H206L34 300C34 300 344.42 277.16 436 221C542 156 590 160 704 209C811 255 899.11 214.94 979 346L1014 264Z\"\/>\n\t<path class=\"ux-shape-fill\" opacity=\"0.1\" d=\"M-302 55C-302 55 -66.73 263.25 50 214C178 160 283 116 353 141C445.68 174.1 534.28 256.19 588 249C692.9 235 764.52 75.94 855 131C940.61 183.09 1000 254 1000 254V328L-306 338L-302 55Z\"\/>\n\t<path class=\"ux-shape-fill\" opacity=\"0.15\" d=\"M-286 255C-286 255 -72 152 52 126C176 100 255 155 436 227C581.57 284.91 614.7 277.79 708 227C787 184 1009 3.0001 1093 164C1146 265.63 1031 293 1031 293L924 377L-288 389L-286 255Z\"\/>\n\t<path class=\"ux-shape-fill\" opacity=\"0.3\" d=\"M-24 69C-24 69 275.68 370.66 389 314C397 310 622 316 673 356C690.47 369.7 845 224 890 182C944.8 130.85 1018 92 1078 143C1154.12 207.7 1196 242 1196 242L1184 374L-28 386L-24 69Z\"\/>\n\t<path class=\"ux-shape-fill\" d=\"M-12 201C-12 201 58 284 182 258C306 232 342.29 221.23 456 264C565 305 640.82 288.36 721 249C776 222 837.5 191.31 935 253C984 284 1030 279 1030 279L1024 430L-12 440V201Z\"\/>\n<\/svg>\n\t<\/div>\n\n\t<div class=\"ux-shape-divider ux-shape-divider--bottom ux-shape-divider--style-waves-opacity-2\">\n\t\t<svg viewbox=\"0 0 1000 300\" xmlns=\"http:\/\/www.w3.org\/2000\/svg\" preserveaspectratio=\"none\">\n  <path class=\"ux-shape-fill\" opacity=\"0.15\" d=\"M0 299L-2 19.9998C153 -16.0002 308 155 413 184C515.64 212.35 562 152 645 153C725 154 787 206 874 233C939.54 253.34 975 248 1000 244.61V299H0Z\"\/>\n  <path class=\"ux-shape-fill\" opacity=\"0.3\" d=\"M0 300L-2 34C155 -9.00003 300 178 403 212C504.11 245.38 562 165 645 166C725 167 790.09 220.07 874 253C939.21 278.59 978.07 269.72 1000 263.61V300H0Z\"\/>\n  <path class=\"ux-shape-fill\" d=\"M0 300L-1 69.7099C216 56.9999 299.47 198.86 403 226C506 253 577 196 660 197C740 198 790.09 234.07 874 267C935.23 291 982 282.61 1000 277.61V300H0Z\"\/>\n<\/svg>\n\t<\/div>\n\n\t\t<div class=\"section-content relative\">\n\t\t\t\n<div class=\"row align-right\"  id=\"row-951129910\">\n\n\t<div id=\"col-555773627\" class=\"col medium-6 small-12 large-6\"  >\n\t\t\t\t<div class=\"col-inner text-center\" style=\"background-color:rgba(255, 255, 255, 0.86);\" >\n\t\t\t\n\t\t\t\n<h1>Visit La Palmyre<\/h1>\n<p>From Le Dauphin campsite in Saint-Georges-de-Didonne, set off to discover La Palmyre, the emblematic nature destination of Charente-Maritime. With its fine sandy beaches, pine forests and unmissable leisure activities and attractions, La Palmyre has a seaside charm all of its own, with plenty to keep you busy.<\/p>\n\t\t<\/div>\n\t\t\t\t\n<style>\n#col-555773627 > .col-inner {\n  padding: 30px 30px 30px 30px;\n  margin: 30px 0px 0px 0px;\n  border-radius: 30px;\n}\n@media (min-width:550px) {\n  #col-555773627 > .col-inner {\n    padding: 30px 30px 30px 30px;\n    margin: 50px 0px 0px 0px;\n  }\n}\n<\/style>\n\t<\/div>\n\n\t\n<\/div>\n\t\t<\/div>\n\n\t\t\n<style>\n#section_1965527818 {\n  padding-top: 50px;\n  padding-bottom: 50px;\n}\n#section_1965527818 .ux-shape-divider--top svg {\n  height: 100px;\n  --divider-top-width: 100%;\n}\n#section_1965527818 .ux-shape-divider--top .ux-shape-fill {\n  fill: #fefaf0;\n}\n#section_1965527818 .ux-shape-divider--bottom svg {\n  height: 150px;\n  --divider-width: 130%;\n}\n#section_1965527818 .ux-shape-divider--bottom .ux-shape-fill {\n  fill: #fefaf0;\n}\n@media (min-width:550px) {\n  #section_1965527818 .ux-shape-divider--top svg {\n    height: 200px;\n    --divider-top-width: 100%;\n  }\n}\n<\/style>\n\t<\/section>\n\t\n<div class=\"row row-large align-middle\"  id=\"row-193510656\">\n\n\t<div id=\"col-411114256\" class=\"col medium-6 small-12 large-6\"  data-animate=\"fadeInLeft\">\n\t\t\t\t<div class=\"col-inner\"  >\n\t\t\t\n\t<div class=\"is-border\"\n\t\tstyle=\"border-width:0px 0px 0px 0px;margin:0px 0px 0px 0px;\">\n\t<\/div>\n\t\t\t\n<h2>La Palmyre Zoo<\/h2>\n<p><a href=\"https:\/\/www.zoo-palmyre.fr\/\" target=\"_blank\" rel=\"noopener\">La Palmyre Zoo<\/a> is without doubt the region's most famous attraction. With its hundreds of animal species and wide-open spaces, it offers an immersion into a fascinating universe for young and old alike. An ideal visit for families looking for excitement, discovery and escape.<\/p>\n\t\t<\/div>\n\t\t\t\t\n<style>\n#col-411114256 > .col-inner {\n  margin: 0px 0px 20px 0px;\n}\n@media (min-width:550px) {\n  #col-411114256 > .col-inner {\n    margin: 50px 0px 50px 0px;\n  }\n}\n<\/style>\n\t<\/div>\n\n\t\n\n\t<div id=\"col-1263656529\" class=\"col medium-6 small-12 large-6 small-col-first\"  data-animate=\"fadeInRight\">\n\t\t\t\t<div class=\"col-inner\"  >\n\t\t\t\n\t<div class=\"is-border\"\n\t\tstyle=\"border-width:0px 0px 0px 0px;margin:0px 0px 0px 0px;\">\n\t<\/div>\n\t\t\t\n\t<div class=\"img has-hover x md-x lg-x y md-y lg-y\" id=\"image_603138624\">\n\t\t\t\t\t\t\t\t<div class=\"img-inner image-cover dark\" style=\"padding-top:70%;\">\n\t\t\t<img loading=\"lazy\" decoding=\"async\" width=\"768\" height=\"364\" src=\"https:\/\/camping-ledauphin.com\/wp-content\/uploads\/2025\/12\/\u00a9zoo-de-la-palmyre-768x364.jpg\" class=\"attachment-medium_large size-medium_large\" alt=\"La Palmyre zoo\" srcset=\"https:\/\/camping-ledauphin.com\/wp-content\/uploads\/2025\/12\/\u00a9zoo-de-la-palmyre-768x364.jpg 768w, https:\/\/camping-ledauphin.com\/wp-content\/uploads\/2025\/12\/\u00a9zoo-de-la-palmyre-370x175.jpg 370w, https:\/\/camping-ledauphin.com\/wp-content\/uploads\/2025\/12\/\u00a9zoo-de-la-palmyre-18x9.jpg 18w, https:\/\/camping-ledauphin.com\/wp-content\/uploads\/2025\/12\/\u00a9zoo-de-la-palmyre-510x241.jpg 510w, https:\/\/camping-ledauphin.com\/wp-content\/uploads\/2025\/12\/\u00a9zoo-de-la-palmyre.jpg 866w\" sizes=\"auto, (max-width: 768px) 100vw, 768px\" \/>\t\t\t\t\t\t\n\t\t\t\t\t<\/div>\n\t\t\t\t\t\t\t\t\n<style>\n#image_603138624 {\n  width: 100%;\n}\n<\/style>\n\t<\/div>\n\t\n\t\t<\/div>\n\t\t\t\t\n<style>\n#col-1263656529 > .col-inner {\n  margin: 0px 0px -20px 0px;\n}\n@media (min-width:550px) {\n  #col-1263656529 > .col-inner {\n    margin: 50px 0px 50px 0px;\n  }\n}\n<\/style>\n\t<\/div>\n\n\t\n\n\t<div id=\"col-469460693\" class=\"col small-12 large-12\"  data-animate=\"fadeInRight\">\n\t\t\t\t<div class=\"col-inner text-center\"  >\n\t\t\t\n\t<div class=\"is-border\"\n\t\tstyle=\"border-width:0px 0px 0px 0px;margin:0px 0px 0px 0px;\">\n\t<\/div>\n\t\t\t\n<a href=\"https:\/\/camping-ledauphin.com\/en\/accommodation\/\" class=\"button primary\" >\n\t\t<span>I choose my accommodation<\/span>\n\t<\/a>\n\n\t\t<\/div>\n\t\t\t\t\n<style>\n#col-469460693 > .col-inner {\n  margin: 0px 0px 20px 0px;\n}\n@media (min-width:550px) {\n  #col-469460693 > .col-inner {\n    margin: 0px 0px 0px 0px;\n  }\n}\n<\/style>\n\t<\/div>\n\n\t\n<\/div>\n<div class=\"row row-large align-middle\"  id=\"row-422299570\">\n\n\t<div id=\"col-1246633824\" class=\"col medium-6 small-12 large-6 small-col-first\"  data-animate=\"fadeInLeft\">\n\t\t\t\t<div class=\"col-inner\"  >\n\t\t\t\n\t<div class=\"is-border\"\n\t\tstyle=\"border-width:0px 0px 0px 0px;margin:0px 0px 0px 0px;\">\n\t<\/div>\n\t\t\t\n\t<div class=\"img has-hover x md-x lg-x y md-y lg-y\" id=\"image_150720263\">\n\t\t\t\t\t\t\t\t<div class=\"img-inner image-cover dark\" style=\"padding-top:70%;\">\n\t\t\t<img loading=\"lazy\" decoding=\"async\" width=\"768\" height=\"512\" src=\"https:\/\/camping-ledauphin.com\/wp-content\/uploads\/2025\/10\/la-palmyre-charente-maritime.svg\" class=\"attachment-medium_large size-medium_large\" alt=\"La Palmyre Charente Maritime\" \/>\t\t\t\t\t\t\n\t\t\t\t\t<\/div>\n\t\t\t\t\t\t\t\t\n<style>\n#image_150720263 {\n  width: 100%;\n}\n<\/style>\n\t<\/div>\n\t\n\t\t<\/div>\n\t\t\t\t\n<style>\n#col-1246633824 > .col-inner {\n  margin: 0px 0px -20px 0px;\n}\n@media (min-width:550px) {\n  #col-1246633824 > .col-inner {\n    margin: 50px 0px 50px 0px;\n  }\n}\n<\/style>\n\t<\/div>\n\n\t\n\n\t<div id=\"col-226890040\" class=\"col medium-6 small-12 large-6 small-col-first\"  data-animate=\"fadeInRight\">\n\t\t\t\t<div class=\"col-inner\"  >\n\t\t\t\n\t\t\t\n<h2>Nature walks<\/h2>\n<p><strong>Walking in the forest<\/strong><br \/>La Palmyre is bordered by a majestic pine forest, inviting you to walk, cycle or relax in the heart of the vegetation.<br \/><strong>Walking by the ocean<\/strong><br \/>The Palmyra coastline boasts wide sandy beaches, perfect for strolling along the ocean shore at sunrise or sunset.<\/p>\n\t\t<\/div>\n\t\t\t\t\n<style>\n#col-226890040 > .col-inner {\n  margin: 0px 0px 20px 0px;\n}\n@media (min-width:550px) {\n  #col-226890040 > .col-inner {\n    margin: 50px 0px 50px 0px;\n  }\n}\n<\/style>\n\t<\/div>\n\n\t\n<\/div>\n<div class=\"row row-large align-middle\"  id=\"row-299164701\">\n\n\t<div id=\"col-1737812855\" class=\"col medium-6 small-12 large-6\"  data-animate=\"fadeInLeft\">\n\t\t\t\t<div class=\"col-inner\"  >\n\t\t\t\n\t<div class=\"is-border\"\n\t\tstyle=\"border-width:0px 0px 0px 0px;margin:0px 0px 0px 0px;\">\n\t<\/div>\n\t\t\t\n<h2>Luna Park &amp; leisure<\/h2>\n<p>Luna Park is a theme park that completes the leisure panorama at La Palmyre. Rides, thrills and entertainment for children: a fun stop-off on your trip.<\/p>\n\t\t<\/div>\n\t\t\t\t\n<style>\n#col-1737812855 > .col-inner {\n  margin: 0px 0px 20px 0px;\n}\n@media (min-width:550px) {\n  #col-1737812855 > .col-inner {\n    margin: 50px 0px 50px 0px;\n  }\n}\n<\/style>\n\t<\/div>\n\n\t\n\n\t<div id=\"col-853589732\" class=\"col medium-6 small-12 large-6 small-col-first\"  data-animate=\"fadeInRight\">\n\t\t\t\t<div class=\"col-inner\"  >\n\t\t\t\n\t<div class=\"is-border\"\n\t\tstyle=\"border-width:0px 0px 0px 0px;margin:0px 0px 0px 0px;\">\n\t<\/div>\n\t\t\t\n\t<div class=\"img has-hover x md-x lg-x y md-y lg-y\" id=\"image_1028932210\">\n\t\t\t\t\t\t\t\t<div class=\"img-inner image-cover dark\" style=\"padding-top:70%;\">\n\t\t\t<img loading=\"lazy\" decoding=\"async\" width=\"768\" height=\"576\" src=\"https:\/\/camping-ledauphin.com\/wp-content\/uploads\/2025\/10\/Luna-park-la-palmyre-768x576.webp\" class=\"attachment-medium_large size-medium_large\" alt=\"Luna Park La Palmyre\" srcset=\"https:\/\/camping-ledauphin.com\/wp-content\/uploads\/2025\/10\/Luna-park-la-palmyre-768x576.webp 768w, https:\/\/camping-ledauphin.com\/wp-content\/uploads\/2025\/10\/Luna-park-la-palmyre-370x278.webp 370w, https:\/\/camping-ledauphin.com\/wp-content\/uploads\/2025\/10\/Luna-park-la-palmyre-1020x765.webp 1020w, https:\/\/camping-ledauphin.com\/wp-content\/uploads\/2025\/10\/Luna-park-la-palmyre-16x12.webp 16w, https:\/\/camping-ledauphin.com\/wp-content\/uploads\/2025\/10\/Luna-park-la-palmyre-510x383.webp 510w, https:\/\/camping-ledauphin.com\/wp-content\/uploads\/2025\/10\/Luna-park-la-palmyre.webp 1360w\" sizes=\"auto, (max-width: 768px) 100vw, 768px\" \/>\t\t\t\t\t\t\n\t\t\t\t\t<\/div>\n\t\t\t\t\t\t\t\t\n<style>\n#image_1028932210 {\n  width: 100%;\n}\n<\/style>\n\t<\/div>\n\t\n\t\t<\/div>\n\t\t\t\t\n<style>\n#col-853589732 > .col-inner {\n  margin: 0px 0px -20px 0px;\n}\n@media (min-width:550px) {\n  #col-853589732 > .col-inner {\n    margin: 50px 0px 50px 0px;\n  }\n}\n<\/style>\n\t<\/div>\n\n\t\n<\/div>\n<div class=\"row row-large align-middle\"  id=\"row-1467057975\">\n\n\t<div id=\"col-1766016627\" class=\"col medium-6 small-12 large-6 small-col-first\"  data-animate=\"fadeInLeft\">\n\t\t\t\t<div class=\"col-inner\"  >\n\t\t\t\n\t<div class=\"is-border\"\n\t\tstyle=\"border-width:0px 0px 0px 0px;margin:0px 0px 0px 0px;\">\n\t<\/div>\n\t\t\t\n\t<div class=\"img has-hover radius-30 x md-x lg-x y md-y lg-y\" id=\"image_355768714\">\n\t\t\t\t\t\t\t\t<div class=\"img-inner image-cover dark\" style=\"padding-top:70%;\">\n\t\t\t<img loading=\"lazy\" decoding=\"async\" width=\"768\" height=\"576\" src=\"https:\/\/camping-ledauphin.com\/wp-content\/uploads\/2025\/10\/Golf-de-la-Palmyre-768x576.webp\" class=\"attachment-medium_large size-medium_large\" alt=\"Golf De La Palmyre\" srcset=\"https:\/\/camping-ledauphin.com\/wp-content\/uploads\/2025\/10\/Golf-de-la-Palmyre-768x576.webp 768w, https:\/\/camping-ledauphin.com\/wp-content\/uploads\/2025\/10\/Golf-de-la-Palmyre-370x278.webp 370w, https:\/\/camping-ledauphin.com\/wp-content\/uploads\/2025\/10\/Golf-de-la-Palmyre-1020x765.webp 1020w, https:\/\/camping-ledauphin.com\/wp-content\/uploads\/2025\/10\/Golf-de-la-Palmyre-16x12.webp 16w, https:\/\/camping-ledauphin.com\/wp-content\/uploads\/2025\/10\/Golf-de-la-Palmyre-510x383.webp 510w, https:\/\/camping-ledauphin.com\/wp-content\/uploads\/2025\/10\/Golf-de-la-Palmyre.webp 1360w\" sizes=\"auto, (max-width: 768px) 100vw, 768px\" \/>\t\t\t\t\t\t\n\t\t\t\t\t<\/div>\n\t\t\t\t\t\t\t\t\n<style>\n#image_355768714 {\n  width: 100%;\n}\n<\/style>\n\t<\/div>\n\t\n\t\t<\/div>\n\t\t\t\t\n<style>\n#col-1766016627 > .col-inner {\n  margin: 0px 0px -20px 0px;\n}\n@media (min-width:550px) {\n  #col-1766016627 > .col-inner {\n    margin: 50px 0px 50px 0px;\n  }\n}\n<\/style>\n\t<\/div>\n\n\t\n\n\t<div id=\"col-1962263744\" class=\"col medium-6 small-12 large-6 small-col-first\"  data-animate=\"fadeInRight\">\n\t\t\t\t<div class=\"col-inner\"  >\n\t\t\t\n\t\t\t\n<h2>La Palmyre Golf Club<\/h2>\n<p>Set in the heart of the Palmyra countryside, the La Palmyre golf course offers a verdant setting for golf enthusiasts. An elegant way to combine relaxation, nature and sporting activities during your stay.<\/p>\n\t\t<\/div>\n\t\t\t\t\n<style>\n#col-1962263744 > .col-inner {\n  margin: 0px 0px 20px 0px;\n}\n@media (min-width:550px) {\n  #col-1962263744 > .col-inner {\n    margin: 50px 0px 50px 0px;\n  }\n}\n<\/style>\n\t<\/div>\n\n\t\n\n\t<div id=\"col-670028046\" class=\"col small-12 large-12\"  data-animate=\"fadeInRight\">\n\t\t\t\t<div class=\"col-inner text-center\"  >\n\t\t\t\n\t<div class=\"is-border\"\n\t\tstyle=\"border-width:0px 0px 0px 0px;margin:0px 0px 0px 0px;\">\n\t<\/div>\n\t\t\t\n<a href=\"https:\/\/camping-ledauphin.com\/en\/accommodation\/\" class=\"button primary\" >\n\t\t<span>I choose my accommodation<\/span>\n\t<\/a>\n\n\t\t<\/div>\n\t\t\t\t\n<style>\n#col-670028046 > .col-inner {\n  margin: 0px 0px 20px 0px;\n}\n@media (min-width:550px) {\n  #col-670028046 > .col-inner {\n    margin: 50px 0px 50px 0px;\n  }\n}\n<\/style>\n\t<\/div>\n\n\t\n<\/div>","protected":false},"excerpt":{"rendered":"","protected":false},"author":7,"featured_media":0,"parent":6421,"menu_order":0,"comment_status":"closed","ping_status":"closed","template":"page-blank.php","meta":{"_acf_changed":false,"inline_featured_image":false,"footnotes":""},"class_list":["post-8079","page","type-page","status-publish","hentry"],"acf":[],"yoast_head":"<!-- This site is optimized with the Yoast SEO plugin v27.5 - https:\/\/yoast.com\/product\/yoast-seo-wordpress\/ -->\n<title>Tourisme La Palmyre : visitez la ville de La Palmyre pendant votre s\u00e9jour<\/title>\n<meta name=\"description\" content=\"Explorez La Palmyre depuis le Camping Le Dauphin \u00e0 Saint-Georges-de-Didonne. D\u00e9couvrez plages, for\u00eats, le c\u00e9l\u00e8bre zoo et de nombreuses activit\u00e9s pour des vacances inoubliables.\" \/>\n<meta name=\"robots\" content=\"index, follow, max-snippet:-1, max-image-preview:large, max-video-preview:-1\" \/>\n<link rel=\"canonical\" href=\"https:\/\/camping-ledauphin.com\/en\/tourism-charente-maritime\/la-palmyre\/\" \/>\n<meta property=\"og:locale\" content=\"en_GB\" \/>\n<meta property=\"og:type\" content=\"article\" \/>\n<meta property=\"og:title\" content=\"Tourisme La Palmyre : visitez la ville de La Palmyre pendant votre s\u00e9jour\" \/>\n<meta property=\"og:description\" content=\"Explorez La Palmyre depuis le Camping Le Dauphin \u00e0 Saint-Georges-de-Didonne. D\u00e9couvrez plages, for\u00eats, le c\u00e9l\u00e8bre zoo et de nombreuses activit\u00e9s pour des vacances inoubliables.\" \/>\n<meta property=\"og:url\" content=\"https:\/\/camping-ledauphin.com\/en\/tourism-charente-maritime\/la-palmyre\/\" \/>\n<meta property=\"og:site_name\" content=\"Camping le Dauphin\" \/>\n<meta property=\"article:publisher\" content=\"https:\/\/www.facebook.com\/CampingLeDauphinSaintGeorgesDeDidonne\/\" \/>\n<meta property=\"article:modified_time\" content=\"2025-12-08T08:42:07+00:00\" \/>\n<meta name=\"twitter:card\" content=\"summary_large_image\" \/>\n<meta name=\"twitter:label1\" content=\"Estimated reading time\" \/>\n\t<meta name=\"twitter:data1\" content=\"5 minutes\" \/>\n<script type=\"application\/ld+json\" class=\"yoast-schema-graph\">{\"@context\":\"https:\\\/\\\/schema.org\",\"@graph\":[{\"@type\":\"WebPage\",\"@id\":\"https:\\\/\\\/camping-ledauphin.com\\\/tourisme-charente-maritime\\\/la-palmyre\\\/\",\"url\":\"https:\\\/\\\/camping-ledauphin.com\\\/tourisme-charente-maritime\\\/la-palmyre\\\/\",\"name\":\"Tourisme La Palmyre : visitez la ville de La Palmyre pendant votre s\u00e9jour\",\"isPartOf\":{\"@id\":\"https:\\\/\\\/camping-ledauphin.com\\\/#website\"},\"datePublished\":\"2025-10-27T10:04:55+00:00\",\"dateModified\":\"2025-12-08T08:42:07+00:00\",\"description\":\"Explorez La Palmyre depuis le Camping Le Dauphin \u00e0 Saint-Georges-de-Didonne. D\u00e9couvrez plages, for\u00eats, le c\u00e9l\u00e8bre zoo et de nombreuses activit\u00e9s pour des vacances inoubliables.\",\"breadcrumb\":{\"@id\":\"https:\\\/\\\/camping-ledauphin.com\\\/tourisme-charente-maritime\\\/la-palmyre\\\/#breadcrumb\"},\"inLanguage\":\"en-GB\",\"potentialAction\":[{\"@type\":\"ReadAction\",\"target\":[\"https:\\\/\\\/camping-ledauphin.com\\\/tourisme-charente-maritime\\\/la-palmyre\\\/\"]}]},{\"@type\":\"BreadcrumbList\",\"@id\":\"https:\\\/\\\/camping-ledauphin.com\\\/tourisme-charente-maritime\\\/la-palmyre\\\/#breadcrumb\",\"itemListElement\":[{\"@type\":\"ListItem\",\"position\":1,\"name\":\"Home\",\"item\":\"https:\\\/\\\/camping-ledauphin.com\\\/\"},{\"@type\":\"ListItem\",\"position\":2,\"name\":\"La R\u00e9gion\",\"item\":\"https:\\\/\\\/camping-ledauphin.com\\\/tourisme-charente-maritime\\\/\"},{\"@type\":\"ListItem\",\"position\":3,\"name\":\"La Palmyre\"}]},{\"@type\":\"WebSite\",\"@id\":\"https:\\\/\\\/camping-ledauphin.com\\\/#website\",\"url\":\"https:\\\/\\\/camping-ledauphin.com\\\/\",\"name\":\"Camping Le Dauphin\",\"description\":\"Camping 4 \u00e9toiles - Saint-Georges-de-Didonne\",\"publisher\":{\"@id\":\"https:\\\/\\\/camping-ledauphin.com\\\/#organization\"},\"alternateName\":\"Camping les Embruns d'Ol\u00e9ron\",\"potentialAction\":[{\"@type\":\"SearchAction\",\"target\":{\"@type\":\"EntryPoint\",\"urlTemplate\":\"https:\\\/\\\/camping-ledauphin.com\\\/?s={search_term_string}\"},\"query-input\":{\"@type\":\"PropertyValueSpecification\",\"valueRequired\":true,\"valueName\":\"search_term_string\"}}],\"inLanguage\":\"en-GB\"},{\"@type\":\"Organization\",\"@id\":\"https:\\\/\\\/camping-ledauphin.com\\\/#organization\",\"name\":\"Camping Le Dauphin\",\"url\":\"https:\\\/\\\/camping-ledauphin.com\\\/\",\"logo\":{\"@type\":\"ImageObject\",\"inLanguage\":\"en-GB\",\"@id\":\"https:\\\/\\\/camping-ledauphin.com\\\/#\\\/schema\\\/logo\\\/image\\\/\",\"url\":\"https:\\\/\\\/camping-ledauphin.com\\\/wp-content\\\/uploads\\\/2025\\\/10\\\/Logo-Camping-Le-Dauphin.svg\",\"contentUrl\":\"https:\\\/\\\/camping-ledauphin.com\\\/wp-content\\\/uploads\\\/2025\\\/10\\\/Logo-Camping-Le-Dauphin.svg\",\"width\":454,\"height\":276,\"caption\":\"Camping Le Dauphin\"},\"image\":{\"@id\":\"https:\\\/\\\/camping-ledauphin.com\\\/#\\\/schema\\\/logo\\\/image\\\/\"},\"sameAs\":[\"https:\\\/\\\/www.facebook.com\\\/CampingLeDauphinSaintGeorgesDeDidonne\\\/\",\"https:\\\/\\\/www.instagram.com\\\/campingledauphin\\\/\",\"https:\\\/\\\/www.youtube.com\\\/@Campaldia\"]}]}<\/script>\n<!-- \/ Yoast SEO plugin. -->","yoast_head_json":{"title":"Tourism La Palmyre: visit the town of La Palmyre during your stay","description":"Explore La Palmyre from Camping Le Dauphin in Saint-Georges-de-Didonne. Discover beaches, forests, the famous zoo and many activities for an unforgettable holiday.","robots":{"index":"index","follow":"follow","max-snippet":"max-snippet:-1","max-image-preview":"max-image-preview:large","max-video-preview":"max-video-preview:-1"},"canonical":"https:\/\/camping-ledauphin.com\/en\/tourism-charente-maritime\/la-palmyre\/","og_locale":"en_GB","og_type":"article","og_title":"Tourisme La Palmyre : visitez la ville de La Palmyre pendant votre s\u00e9jour","og_description":"Explorez La Palmyre depuis le Camping Le Dauphin \u00e0 Saint-Georges-de-Didonne. D\u00e9couvrez plages, for\u00eats, le c\u00e9l\u00e8bre zoo et de nombreuses activit\u00e9s pour des vacances inoubliables.","og_url":"https:\/\/camping-ledauphin.com\/en\/tourism-charente-maritime\/la-palmyre\/","og_site_name":"Camping le Dauphin","article_publisher":"https:\/\/www.facebook.com\/CampingLeDauphinSaintGeorgesDeDidonne\/","article_modified_time":"2025-12-08T08:42:07+00:00","twitter_card":"summary_large_image","twitter_misc":{"Estimated reading time":"5 minutes"},"schema":{"@context":"https:\/\/schema.org","@graph":[{"@type":"WebPage","@id":"https:\/\/camping-ledauphin.com\/tourisme-charente-maritime\/la-palmyre\/","url":"https:\/\/camping-ledauphin.com\/tourisme-charente-maritime\/la-palmyre\/","name":"Tourism La Palmyre: visit the town of La Palmyre during your stay","isPartOf":{"@id":"https:\/\/camping-ledauphin.com\/#website"},"datePublished":"2025-10-27T10:04:55+00:00","dateModified":"2025-12-08T08:42:07+00:00","description":"Explore La Palmyre from Camping Le Dauphin in Saint-Georges-de-Didonne. Discover beaches, forests, the famous zoo and many activities for an unforgettable holiday.","breadcrumb":{"@id":"https:\/\/camping-ledauphin.com\/tourisme-charente-maritime\/la-palmyre\/#breadcrumb"},"inLanguage":"en-GB","potentialAction":[{"@type":"ReadAction","target":["https:\/\/camping-ledauphin.com\/tourisme-charente-maritime\/la-palmyre\/"]}]},{"@type":"BreadcrumbList","@id":"https:\/\/camping-ledauphin.com\/tourisme-charente-maritime\/la-palmyre\/#breadcrumb","itemListElement":[{"@type":"ListItem","position":1,"name":"Home","item":"https:\/\/camping-ledauphin.com\/"},{"@type":"ListItem","position":2,"name":"La R\u00e9gion","item":"https:\/\/camping-ledauphin.com\/tourisme-charente-maritime\/"},{"@type":"ListItem","position":3,"name":"La Palmyre"}]},{"@type":"WebSite","@id":"https:\/\/camping-ledauphin.com\/#website","url":"https:\/\/camping-ledauphin.com\/","name":"Camping Le Dauphin","description":"4-star campsite - Saint-Georges-de-Didonne","publisher":{"@id":"https:\/\/camping-ledauphin.com\/#organization"},"alternateName":"Camping les Embruns d'Ol\u00e9ron","potentialAction":[{"@type":"SearchAction","target":{"@type":"EntryPoint","urlTemplate":"https:\/\/camping-ledauphin.com\/?s={search_term_string}"},"query-input":{"@type":"PropertyValueSpecification","valueRequired":true,"valueName":"search_term_string"}}],"inLanguage":"en-GB"},{"@type":"Organization","@id":"https:\/\/camping-ledauphin.com\/#organization","name":"Camping Le Dauphin","url":"https:\/\/camping-ledauphin.com\/","logo":{"@type":"ImageObject","inLanguage":"en-GB","@id":"https:\/\/camping-ledauphin.com\/#\/schema\/logo\/image\/","url":"https:\/\/camping-ledauphin.com\/wp-content\/uploads\/2025\/10\/Logo-Camping-Le-Dauphin.svg","contentUrl":"https:\/\/camping-ledauphin.com\/wp-content\/uploads\/2025\/10\/Logo-Camping-Le-Dauphin.svg","width":454,"height":276,"caption":"Camping Le Dauphin"},"image":{"@id":"https:\/\/camping-ledauphin.com\/#\/schema\/logo\/image\/"},"sameAs":["https:\/\/www.facebook.com\/CampingLeDauphinSaintGeorgesDeDidonne\/","https:\/\/www.instagram.com\/campingledauphin\/","https:\/\/www.youtube.com\/@Campaldia"]}]}},"_links":{"self":[{"href":"https:\/\/camping-ledauphin.com\/en\/wp-json\/wp\/v2\/pages\/8079","targetHints":{"allow":["GET"]}}],"collection":[{"href":"https:\/\/camping-ledauphin.com\/en\/wp-json\/wp\/v2\/pages"}],"about":[{"href":"https:\/\/camping-ledauphin.com\/en\/wp-json\/wp\/v2\/types\/page"}],"author":[{"embeddable":true,"href":"https:\/\/camping-ledauphin.com\/en\/wp-json\/wp\/v2\/users\/7"}],"replies":[{"embeddable":true,"href":"https:\/\/camping-ledauphin.com\/en\/wp-json\/wp\/v2\/comments?post=8079"}],"version-history":[{"count":2,"href":"https:\/\/camping-ledauphin.com\/en\/wp-json\/wp\/v2\/pages\/8079\/revisions"}],"predecessor-version":[{"id":8579,"href":"https:\/\/camping-ledauphin.com\/en\/wp-json\/wp\/v2\/pages\/8079\/revisions\/8579"}],"up":[{"embeddable":true,"href":"https:\/\/camping-ledauphin.com\/en\/wp-json\/wp\/v2\/pages\/6421"}],"wp:attachment":[{"href":"https:\/\/camping-ledauphin.com\/en\/wp-json\/wp\/v2\/media?parent=8079"}],"curies":[{"name":"wp","href":"https:\/\/api.w.org\/{rel}","templated":true}]}}