{"id":7784,"date":"2025-10-23T12:57:01","date_gmt":"2025-10-23T10:57:01","guid":{"rendered":"https:\/\/camping-ledauphin.com\/?page_id=7784"},"modified":"2025-10-28T08:54:54","modified_gmt":"2025-10-28T07:54:54","slug":"locations","status":"publish","type":"page","link":"https:\/\/camping-ledauphin.com\/en\/holiday-rentals-charente-maritime\/locations\/","title":{"rendered":"Pitches"},"content":{"rendered":"<div id=\"gap-763055074\" class=\"gap-element clearfix\" style=\"display:block; height:auto;\">\n\t\t\n<style>\n#gap-763055074 {\n  padding-top: 50px;\n}\n@media (min-width:550px) {\n  #gap-763055074 {\n    padding-top: 30px;\n  }\n}\n<\/style>\n\t<\/div>\n\t\n\n\t<section class=\"section\" id=\"section_1835216289\">\n\t\t<div class=\"section-bg fill\" >\n\t\t\t<img loading=\"lazy\" decoding=\"async\" width=\"1200\" height=\"800\" src=\"https:\/\/camping-ledauphin.com\/wp-content\/uploads\/2025\/10\/hebergements-au-camping-le-dauphib-a-royan.svg\" class=\"bg attachment-original size-original\" alt=\"Accommodation at Camping Le Dauphib in Royan\" \/>\t\t\t\t\t\t\n\t\t\t\n\n\t\t<\/div>\n\n\t\t\t<div class=\"ux-shape-divider ux-shape-divider--top ux-shape-divider--style-waves-opacity-3\">\n\t\t<svg viewbox=\"0 0 1000 300\" xmlns=\"http:\/\/www.w3.org\/2000\/svg\" preserveaspectratio=\"none\">\n\t<path class=\"ux-shape-fill\" opacity=\"0.05\" d=\"M1014 264V386H206L34 300C34 300 344.42 277.16 436 221C542 156 590 160 704 209C811 255 899.11 214.94 979 346L1014 264Z\"\/>\n\t<path class=\"ux-shape-fill\" opacity=\"0.1\" d=\"M-302 55C-302 55 -66.73 263.25 50 214C178 160 283 116 353 141C445.68 174.1 534.28 256.19 588 249C692.9 235 764.52 75.94 855 131C940.61 183.09 1000 254 1000 254V328L-306 338L-302 55Z\"\/>\n\t<path class=\"ux-shape-fill\" opacity=\"0.15\" d=\"M-286 255C-286 255 -72 152 52 126C176 100 255 155 436 227C581.57 284.91 614.7 277.79 708 227C787 184 1009 3.0001 1093 164C1146 265.63 1031 293 1031 293L924 377L-288 389L-286 255Z\"\/>\n\t<path class=\"ux-shape-fill\" opacity=\"0.3\" d=\"M-24 69C-24 69 275.68 370.66 389 314C397 310 622 316 673 356C690.47 369.7 845 224 890 182C944.8 130.85 1018 92 1078 143C1154.12 207.7 1196 242 1196 242L1184 374L-28 386L-24 69Z\"\/>\n\t<path class=\"ux-shape-fill\" d=\"M-12 201C-12 201 58 284 182 258C306 232 342.29 221.23 456 264C565 305 640.82 288.36 721 249C776 222 837.5 191.31 935 253C984 284 1030 279 1030 279L1024 430L-12 440V201Z\"\/>\n<\/svg>\n\t<\/div>\n\n\t<div class=\"ux-shape-divider ux-shape-divider--bottom ux-shape-divider--style-waves-opacity-2\">\n\t\t<svg viewbox=\"0 0 1000 300\" xmlns=\"http:\/\/www.w3.org\/2000\/svg\" preserveaspectratio=\"none\">\n  <path class=\"ux-shape-fill\" opacity=\"0.15\" d=\"M0 299L-2 19.9998C153 -16.0002 308 155 413 184C515.64 212.35 562 152 645 153C725 154 787 206 874 233C939.54 253.34 975 248 1000 244.61V299H0Z\"\/>\n  <path class=\"ux-shape-fill\" opacity=\"0.3\" d=\"M0 300L-2 34C155 -9.00003 300 178 403 212C504.11 245.38 562 165 645 166C725 167 790.09 220.07 874 253C939.21 278.59 978.07 269.72 1000 263.61V300H0Z\"\/>\n  <path class=\"ux-shape-fill\" d=\"M0 300L-1 69.7099C216 56.9999 299.47 198.86 403 226C506 253 577 196 660 197C740 198 790.09 234.07 874 267C935.23 291 982 282.61 1000 277.61V300H0Z\"\/>\n<\/svg>\n\t<\/div>\n\n\t\t<div class=\"section-content relative\">\n\t\t\t\n<div class=\"row align-right\"  id=\"row-1561998565\">\n\n\t<div id=\"col-52370865\" class=\"col medium-6 small-12 large-6\"  >\n\t\t\t\t<div class=\"col-inner text-center\" style=\"background-color:rgba(255, 255, 255, 0.86);\" >\n\t\t\t\n\t\t\t\n<h1 style=\"text-align: center;\"><span style=\"font-size: 90%;\">Campsite pitches in Charente Maritime<\/span><\/h1>\n<p>Experience authentic caravanning and camping in Charente-Maritime at Camping Le Dauphin**** in Saint-Georges-de-Didonne, near Royan. Take advantage of the green, shady surroundings, just 400 metres from the beach and on the edge of the forest, to pitch your tent, set up your caravan or van or park your motorhome in a peaceful, friendly atmosphere. An ideal holiday for lovers of the outdoors and nature!<\/p>\n\t\t<\/div>\n\t\t\t\t\n<style>\n#col-52370865 > .col-inner {\n  padding: 30px 30px 30px 30px;\n  margin: 30px 0px 0px 0px;\n  border-radius: 30px;\n}\n@media (min-width:550px) {\n  #col-52370865 > .col-inner {\n    padding: 30px 30px 30px 30px;\n    margin: 50px 0px 0px 0px;\n  }\n}\n<\/style>\n\t<\/div>\n\n\t\n<\/div>\n\t\t<\/div>\n\n\t\t\n<style>\n#section_1835216289 {\n  padding-top: 50px;\n  padding-bottom: 50px;\n}\n#section_1835216289 .ux-shape-divider--top svg {\n  height: 50px;\n  --divider-top-width: 100%;\n}\n#section_1835216289 .ux-shape-divider--top .ux-shape-fill {\n  fill: #fefaf0;\n}\n#section_1835216289 .ux-shape-divider--bottom svg {\n  height: 150px;\n  --divider-width: 130%;\n}\n#section_1835216289 .ux-shape-divider--bottom .ux-shape-fill {\n  fill: #fefaf0;\n}\n@media (min-width:550px) {\n  #section_1835216289 .ux-shape-divider--top svg {\n    height: 200px;\n    --divider-top-width: 100%;\n  }\n}\n<\/style>\n\t<\/section>\n\t\n<div class=\"row align-middle align-center\"  id=\"row-2040263929\">\n\n\t<div id=\"col-116109709\" class=\"col medium-12 small-12 large-12 small-col-first\"  >\n\t\t\t\t<div class=\"col-inner text-center\"  >\n\t\t\t\n\t\t\t\n<h2>Pitch for tent or camper van<\/h2>\n\t\t<\/div>\n\t\t\t\t\n<style>\n#col-116109709 > .col-inner {\n  padding: 0px 0 0px 0px;\n  margin: 30px 0px 0px 0px;\n}\n@media (min-width:550px) {\n  #col-116109709 > .col-inner {\n    padding: 0px 10% 0px 0px;\n    margin: 50px 0px 0px 0px;\n  }\n}\n@media (min-width:850px) {\n  #col-116109709 > .col-inner {\n    padding: 0px 0px 0px 50px;\n  }\n}\n<\/style>\n\t<\/div>\n\n\t\n<\/div>\n<div class=\"row align-middle align-center\"  id=\"row-733247398\">\n\n\t<div id=\"col-503738062\" class=\"col medium-5 small-12 large-5\"  >\n\t\t\t\t<div class=\"col-inner\"  >\n\t\t\t\n\t\t\t\n\t<div class=\"img has-hover x md-x lg-x y md-y lg-y\" id=\"image_1524975571\">\n\t\t\t\t\t\t\t\t<div class=\"img-inner image-cover dark\" style=\"padding-top:300px;\">\n\t\t\t<img loading=\"lazy\" decoding=\"async\" width=\"1020\" height=\"1020\" src=\"https:\/\/camping-ledauphin.com\/wp-content\/uploads\/2025\/10\/emplacements-XL-au-camping-le-dauphin-a-royan.svg\" class=\"attachment-large size-large\" alt=\"Xl pitches at Camping Le Dauphin in Royan\" \/>\t\t\t\t\t\t\n\t\t\t\t\t<\/div>\n\t\t\t\t\t\t\t\t\n<style>\n#image_1524975571 {\n  width: 100%;\n}\n<\/style>\n\t<\/div>\n\t\n\t\t<\/div>\n\t\t\t\t\n<style>\n#col-503738062 > .col-inner {\n  margin: 0px 0px 0px 0px;\n}\n@media (min-width:550px) {\n  #col-503738062 > .col-inner {\n    margin: 0px 0px 0px 0px;\n  }\n}\n<\/style>\n\t<\/div>\n\n\t\n\n\t<div id=\"col-1439915575\" class=\"col medium-12 small-12 large-6 small-col-first\"  >\n\t\t\t\t<div class=\"col-inner\"  >\n\t\t\t\n\t\t\t\n<p>Our camping pitches in Saint-Georges-de-Didonne range from 50 to 100 m\u00b2, offering space, privacy and comfort. Each plot is bordered by natural hedges and has an electric hook-up point, making it easy to pitch your tent, caravan or motorhome. You can choose between sunny, semi-shaded or shaded pitches, depending on your preferences. Nearby footpaths and cycle paths make it easy to get to the beach and shops in the town centre.<\/p>\n<p>Whether you're a couple, a family or a group of friends, enjoy the friendly atmosphere of a traditional campsite, just a stone's throw from Royan and the Atlantic coast.<\/p>\n\t\t<\/div>\n\t\t\t\t\n<style>\n#col-1439915575 > .col-inner {\n  padding: 0px 0 0px 0px;\n  margin: 0px 0px 0px 0px;\n}\n@media (min-width:550px) {\n  #col-1439915575 > .col-inner {\n    padding: 0px 10% 0px 0px;\n    margin: 0px 0px 0px 0px;\n  }\n}\n@media (min-width:850px) {\n  #col-1439915575 > .col-inner {\n    padding: 0px 0px 0px 50px;\n  }\n}\n<\/style>\n\t<\/div>\n\n\t\n<\/div>\n<div class=\"row align-center\"  id=\"row-1600183196\">\n\n\t<div id=\"col-899799247\" class=\"col small-12 large-12\"  >\n\t\t\t\t<div class=\"col-inner text-center\"  >\n\t\t\t\n\t\t\t\n<a href=\"https:\/\/thelisresa.webcamp.fr\/list.php?camping=dauphin17&#038;lang=fr&#038;PHPSESSID=p6ir42gauhc7st3qm7m9lmc7nj&#038;begin=2025-10-27&#038;duration=7&#038;end=2025-11-03&#038;nb_pers=1&#038;type=1\" target=\"_blank\" class=\"button primary\" rel=\"noopener\" >\n\t\t<span>I book<\/span>\n\t<\/a>\n\n\t\t<\/div>\n\t\t\t\t\n<style>\n#col-899799247 > .col-inner {\n  padding: 40px 0px 0px 0px;\n}\n<\/style>\n\t<\/div>\n\n\t\n<\/div>\n<div class=\"row align-middle align-center\"  id=\"row-1793338682\">\n\n\t<div id=\"col-1020011270\" class=\"col medium-12 small-12 large-11 small-col-first\"  >\n\t\t\t\t<div class=\"col-inner text-left\"  >\n\t\t\t\n\t\t\t\n<h2>Supplements for your stay in a tent<\/h2>\n\t\t<\/div>\n\t\t\t\t\n<style>\n#col-1020011270 > .col-inner {\n  padding: 0px 0 0px 0px;\n  margin: 30px 0px 0px 0px;\n}\n@media (min-width:550px) {\n  #col-1020011270 > .col-inner {\n    padding: 0px 10% 0px 0px;\n    margin: 50px 0px 0px 0px;\n  }\n}\n@media (min-width:850px) {\n  #col-1020011270 > .col-inner {\n    padding: 0px 0px 0px 50px;\n  }\n}\n<\/style>\n\t<\/div>\n\n\t\n\n\t<div id=\"col-1454984215\" class=\"col medium-12 small-12 large-11 small-col-first\"  >\n\t\t\t\t<div class=\"col-inner text-left\"  >\n\t\t\t\n\t\t\t\n<p>For an even more enjoyable stay in a tent in Charente-Maritime, take advantage of our practical services:<\/p>\n<ul>\n<li>Free wifi fibre connection throughout the campsite<\/li>\n<li>Sanitary facilities that are well-maintained and easily accessible from each pitch area<\/li>\n<li>Communal barbecues available<\/li>\n<li>Night-time surveillance for a peaceful stay<\/li>\n<\/ul>\n<p>Pets are also allowed on pitches, with the exception of category 1 dogs.<\/p>\n\t\t<\/div>\n\t\t\t\t\n<style>\n#col-1454984215 > .col-inner {\n  padding: 0px 0 0px 0px;\n  margin: 0px 0px 0px 0px;\n}\n@media (min-width:550px) {\n  #col-1454984215 > .col-inner {\n    padding: 0px 10% 0px 0px;\n    margin: 0px 0px 0px 0px;\n  }\n}\n@media (min-width:850px) {\n  #col-1454984215 > .col-inner {\n    padding: 0px 0px 0px 50px;\n  }\n}\n<\/style>\n\t<\/div>\n\n\t\n<\/div>\n\n\t<section class=\"section\" id=\"section_1755228404\">\n\t\t<div class=\"section-bg fill\" >\n\t\t\t\t\t\t\t\t\t\n\t\t\t\n\t<div class=\"is-border\"\n\t\tstyle=\"border-width:0px 0px 0px 0px;\">\n\t<\/div>\n\n\t\t<\/div>\n\n\t\t\n\n\t\t<div class=\"section-content relative\">\n\t\t\t\n<div class=\"row align-center\"  id=\"row-1002961292\">\n\n\t<div id=\"col-914803992\" class=\"col medium-11 small-12 large-11\"  >\n\t\t\t\t<div class=\"col-inner\"  >\n\t\t\t\n\t\t\t\n<h2>Frequently asked questions about our locations<\/h2>\n<div class=\"accordion\">\n\t<div id=\"accordion-1642552702\" class=\"accordion-item\">\n\t\t<a id=\"accordion-1642552702-label\" class=\"accordion-title plain\" href=\"#accordion-item-est-il-possible-d\u2019exprimer-une-pr\u00e9f\u00e9rence-lors-de-votre-r\u00e9servation-?\" aria-expanded=\"false\" aria-controls=\"accordion-1642552702-content\">\n\t\t\t<button class=\"toggle\" aria-label=\"Toggle\"><i class=\"icon-angle-down\" aria-hidden=\"true\"><\/i><\/button>\n\t\t\t<span>Is it possible to express a preference when booking?<\/span>\n\t\t<\/a>\n\t\t<div id=\"accordion-1642552702-content\" class=\"accordion-inner\" aria-labelledby=\"accordion-1642552702-label\">\n\t\t\t\n<p>Yes, it is possible to express a preference when making your booking: sunny, semi-shaded or fully shaded pitch. To do this, call our reservations centre directly: they will take note of your wishes and check with the campsite whether your request can be met according to availability.<\/p>\n\t\t<\/div>\n\t<\/div>\n\t\n\t<div id=\"accordion-1806653796\" class=\"accordion-item\">\n\t\t<a id=\"accordion-1806653796-label\" class=\"accordion-title plain\" href=\"#accordion-item-puis-je-vidanger-mon-camping-car-sur-mon-emplacement-?\" aria-expanded=\"false\" aria-controls=\"accordion-1806653796-content\">\n\t\t\t<button class=\"toggle\" aria-label=\"Toggle\"><i class=\"icon-angle-down\" aria-hidden=\"true\"><\/i><\/button>\n\t\t\t<span>Can I drain my motorhome on my pitch?<\/span>\n\t\t<\/a>\n\t\t<div id=\"accordion-1806653796-content\" class=\"accordion-inner\" aria-labelledby=\"accordion-1806653796-label\">\n\t\t\t\n<p>There is a dedicated area for emptying and cleaning your boxes. There is also an area for emptying waste water, provided your motorhome is large enough.<\/p>\n\t\t<\/div>\n\t<\/div>\n\t\n\t<div id=\"accordion-4023466568\" class=\"accordion-item\">\n\t\t<a id=\"accordion-4023466568-label\" class=\"accordion-title plain\" href=\"#accordion-item-puis-je-venir-avec-mon-animal-sur-l&#039;emplacement-?\" aria-expanded=\"false\" aria-controls=\"accordion-4023466568-content\">\n\t\t\t<button class=\"toggle\" aria-label=\"Toggle\"><i class=\"icon-angle-down\" aria-hidden=\"true\"><\/i><\/button>\n\t\t\t<span>Can I bring my pet to the pitch?<\/span>\n\t\t<\/a>\n\t\t<div id=\"accordion-4023466568-content\" class=\"accordion-inner\" aria-labelledby=\"accordion-4023466568-label\">\n\t\t\t\n<p>Yes, your pets are welcome on the campsite pitches (except category 1 dogs). Please specify this when booking. Dogs must be kept on a lead and vaccinated, for the comfort and safety of all our holidaymakers.<\/p>\n\t\t<\/div>\n\t<\/div>\n\t\n<\/div>\n\t\t<\/div>\n\t\t\t\t\n<style>\n#col-914803992 > .col-inner {\n  padding: 0px 0px 0px 0px;\n}\n@media (min-width:550px) {\n  #col-914803992 > .col-inner {\n    padding: 0px 0px 0px 50px;\n  }\n}\n<\/style>\n\t<\/div>\n\n\t\n<\/div>\n\t\t<\/div>\n\n\t\t\n<style>\n#section_1755228404 {\n  padding-top: 30px;\n  padding-bottom: 30px;\n}\n<\/style>\n\t<\/section>","protected":false},"excerpt":{"rendered":"","protected":false},"author":7,"featured_media":0,"parent":7777,"menu_order":0,"comment_status":"closed","ping_status":"closed","template":"page-blank.php","meta":{"_acf_changed":false,"inline_featured_image":false,"footnotes":""},"class_list":["post-7784","page","type-page","status-publish","hentry"],"acf":[],"yoast_head":"<!-- This site is optimized with the Yoast SEO plugin v27.5 - https:\/\/yoast.com\/product\/yoast-seo-wordpress\/ -->\n<title>Caravaning Charente Maritime : plantez la tente \u00e0 Saint Georges de Didonne<\/title>\n<meta name=\"description\" content=\"Vivez l\u2019exp\u00e9rience du camping authentique au Camping Le Dauphin \u00e0 Saint-Georges-de-Didonne. Installez votre tente en Charente-Maritime dans un cadre verdoyant, \u00e0 deux pas des plages et de Royan.\" \/>\n<meta name=\"robots\" content=\"index, follow, max-snippet:-1, max-image-preview:large, max-video-preview:-1\" \/>\n<link rel=\"canonical\" href=\"https:\/\/camping-ledauphin.com\/en\/holiday-rentals-charente-maritime\/locations\/\" \/>\n<meta property=\"og:locale\" content=\"en_GB\" \/>\n<meta property=\"og:type\" content=\"article\" \/>\n<meta property=\"og:title\" content=\"Caravaning Charente Maritime : plantez la tente \u00e0 Saint Georges de Didonne\" \/>\n<meta property=\"og:description\" content=\"Vivez l\u2019exp\u00e9rience du camping authentique au Camping Le Dauphin \u00e0 Saint-Georges-de-Didonne. Installez votre tente en Charente-Maritime dans un cadre verdoyant, \u00e0 deux pas des plages et de Royan.\" \/>\n<meta property=\"og:url\" content=\"https:\/\/camping-ledauphin.com\/en\/holiday-rentals-charente-maritime\/locations\/\" \/>\n<meta property=\"og:site_name\" content=\"Camping le Dauphin\" \/>\n<meta property=\"article:publisher\" content=\"https:\/\/www.facebook.com\/CampingLeDauphinSaintGeorgesDeDidonne\/\" \/>\n<meta property=\"article:modified_time\" content=\"2025-10-28T07:54:54+00:00\" \/>\n<meta name=\"twitter:card\" content=\"summary_large_image\" \/>\n<meta name=\"twitter:label1\" content=\"Estimated reading time\" \/>\n\t<meta name=\"twitter:data1\" content=\"4 minutes\" \/>\n<script type=\"application\/ld+json\" class=\"yoast-schema-graph\">{\"@context\":\"https:\\\/\\\/schema.org\",\"@graph\":[{\"@type\":\"WebPage\",\"@id\":\"https:\\\/\\\/camping-ledauphin.com\\\/location-vacances-charente-maritime\\\/emplacements\\\/\",\"url\":\"https:\\\/\\\/camping-ledauphin.com\\\/location-vacances-charente-maritime\\\/emplacements\\\/\",\"name\":\"Caravaning Charente Maritime : plantez la tente \u00e0 Saint Georges de Didonne\",\"isPartOf\":{\"@id\":\"https:\\\/\\\/camping-ledauphin.com\\\/#website\"},\"datePublished\":\"2025-10-23T10:57:01+00:00\",\"dateModified\":\"2025-10-28T07:54:54+00:00\",\"description\":\"Vivez l\u2019exp\u00e9rience du camping authentique au Camping Le Dauphin \u00e0 Saint-Georges-de-Didonne. Installez votre tente en Charente-Maritime dans un cadre verdoyant, \u00e0 deux pas des plages et de Royan.\",\"breadcrumb\":{\"@id\":\"https:\\\/\\\/camping-ledauphin.com\\\/location-vacances-charente-maritime\\\/emplacements\\\/#breadcrumb\"},\"inLanguage\":\"en-GB\",\"potentialAction\":[{\"@type\":\"ReadAction\",\"target\":[\"https:\\\/\\\/camping-ledauphin.com\\\/location-vacances-charente-maritime\\\/emplacements\\\/\"]}]},{\"@type\":\"BreadcrumbList\",\"@id\":\"https:\\\/\\\/camping-ledauphin.com\\\/location-vacances-charente-maritime\\\/emplacements\\\/#breadcrumb\",\"itemListElement\":[{\"@type\":\"ListItem\",\"position\":1,\"name\":\"Home\",\"item\":\"https:\\\/\\\/camping-ledauphin.com\\\/\"},{\"@type\":\"ListItem\",\"position\":2,\"name\":\"Location Vacances Charente Maritime\",\"item\":\"https:\\\/\\\/camping-ledauphin.com\\\/location-vacances-charente-maritime\\\/\"},{\"@type\":\"ListItem\",\"position\":3,\"name\":\"Emplacements\"}]},{\"@type\":\"WebSite\",\"@id\":\"https:\\\/\\\/camping-ledauphin.com\\\/#website\",\"url\":\"https:\\\/\\\/camping-ledauphin.com\\\/\",\"name\":\"Camping Le Dauphin\",\"description\":\"Camping 4 \u00e9toiles - Saint-Georges-de-Didonne\",\"publisher\":{\"@id\":\"https:\\\/\\\/camping-ledauphin.com\\\/#organization\"},\"alternateName\":\"Camping les Embruns d'Ol\u00e9ron\",\"potentialAction\":[{\"@type\":\"SearchAction\",\"target\":{\"@type\":\"EntryPoint\",\"urlTemplate\":\"https:\\\/\\\/camping-ledauphin.com\\\/?s={search_term_string}\"},\"query-input\":{\"@type\":\"PropertyValueSpecification\",\"valueRequired\":true,\"valueName\":\"search_term_string\"}}],\"inLanguage\":\"en-GB\"},{\"@type\":\"Organization\",\"@id\":\"https:\\\/\\\/camping-ledauphin.com\\\/#organization\",\"name\":\"Camping Le Dauphin\",\"url\":\"https:\\\/\\\/camping-ledauphin.com\\\/\",\"logo\":{\"@type\":\"ImageObject\",\"inLanguage\":\"en-GB\",\"@id\":\"https:\\\/\\\/camping-ledauphin.com\\\/#\\\/schema\\\/logo\\\/image\\\/\",\"url\":\"https:\\\/\\\/camping-ledauphin.com\\\/wp-content\\\/uploads\\\/2025\\\/10\\\/Logo-Camping-Le-Dauphin.svg\",\"contentUrl\":\"https:\\\/\\\/camping-ledauphin.com\\\/wp-content\\\/uploads\\\/2025\\\/10\\\/Logo-Camping-Le-Dauphin.svg\",\"width\":454,\"height\":276,\"caption\":\"Camping Le Dauphin\"},\"image\":{\"@id\":\"https:\\\/\\\/camping-ledauphin.com\\\/#\\\/schema\\\/logo\\\/image\\\/\"},\"sameAs\":[\"https:\\\/\\\/www.facebook.com\\\/CampingLeDauphinSaintGeorgesDeDidonne\\\/\",\"https:\\\/\\\/www.instagram.com\\\/campingledauphin\\\/\",\"https:\\\/\\\/www.youtube.com\\\/@Campaldia\"]}]}<\/script>\n<!-- \/ Yoast SEO plugin. -->","yoast_head_json":{"title":"Caravanning Charente Maritime: pitch a tent in Saint Georges de Didonne","description":"Experience authentic camping at Camping Le Dauphin in Saint-Georges-de-Didonne. Set up your tent in the Charente-Maritime in a green setting, a stone's throw from the beaches and Royan.","robots":{"index":"index","follow":"follow","max-snippet":"max-snippet:-1","max-image-preview":"max-image-preview:large","max-video-preview":"max-video-preview:-1"},"canonical":"https:\/\/camping-ledauphin.com\/en\/holiday-rentals-charente-maritime\/locations\/","og_locale":"en_GB","og_type":"article","og_title":"Caravaning Charente Maritime : plantez la tente \u00e0 Saint Georges de Didonne","og_description":"Vivez l\u2019exp\u00e9rience du camping authentique au Camping Le Dauphin \u00e0 Saint-Georges-de-Didonne. Installez votre tente en Charente-Maritime dans un cadre verdoyant, \u00e0 deux pas des plages et de Royan.","og_url":"https:\/\/camping-ledauphin.com\/en\/holiday-rentals-charente-maritime\/locations\/","og_site_name":"Camping le Dauphin","article_publisher":"https:\/\/www.facebook.com\/CampingLeDauphinSaintGeorgesDeDidonne\/","article_modified_time":"2025-10-28T07:54:54+00:00","twitter_card":"summary_large_image","twitter_misc":{"Estimated reading time":"4 minutes"},"schema":{"@context":"https:\/\/schema.org","@graph":[{"@type":"WebPage","@id":"https:\/\/camping-ledauphin.com\/location-vacances-charente-maritime\/emplacements\/","url":"https:\/\/camping-ledauphin.com\/location-vacances-charente-maritime\/emplacements\/","name":"Caravanning Charente Maritime: pitch a tent in Saint Georges de Didonne","isPartOf":{"@id":"https:\/\/camping-ledauphin.com\/#website"},"datePublished":"2025-10-23T10:57:01+00:00","dateModified":"2025-10-28T07:54:54+00:00","description":"Experience authentic camping at Camping Le Dauphin in Saint-Georges-de-Didonne. Set up your tent in the Charente-Maritime in a green setting, a stone's throw from the beaches and Royan.","breadcrumb":{"@id":"https:\/\/camping-ledauphin.com\/location-vacances-charente-maritime\/emplacements\/#breadcrumb"},"inLanguage":"en-GB","potentialAction":[{"@type":"ReadAction","target":["https:\/\/camping-ledauphin.com\/location-vacances-charente-maritime\/emplacements\/"]}]},{"@type":"BreadcrumbList","@id":"https:\/\/camping-ledauphin.com\/location-vacances-charente-maritime\/emplacements\/#breadcrumb","itemListElement":[{"@type":"ListItem","position":1,"name":"Home","item":"https:\/\/camping-ledauphin.com\/"},{"@type":"ListItem","position":2,"name":"Location Vacances Charente Maritime","item":"https:\/\/camping-ledauphin.com\/location-vacances-charente-maritime\/"},{"@type":"ListItem","position":3,"name":"Emplacements"}]},{"@type":"WebSite","@id":"https:\/\/camping-ledauphin.com\/#website","url":"https:\/\/camping-ledauphin.com\/","name":"Camping Le Dauphin","description":"4-star campsite - Saint-Georges-de-Didonne","publisher":{"@id":"https:\/\/camping-ledauphin.com\/#organization"},"alternateName":"Camping les Embruns d'Ol\u00e9ron","potentialAction":[{"@type":"SearchAction","target":{"@type":"EntryPoint","urlTemplate":"https:\/\/camping-ledauphin.com\/?s={search_term_string}"},"query-input":{"@type":"PropertyValueSpecification","valueRequired":true,"valueName":"search_term_string"}}],"inLanguage":"en-GB"},{"@type":"Organization","@id":"https:\/\/camping-ledauphin.com\/#organization","name":"Camping Le Dauphin","url":"https:\/\/camping-ledauphin.com\/","logo":{"@type":"ImageObject","inLanguage":"en-GB","@id":"https:\/\/camping-ledauphin.com\/#\/schema\/logo\/image\/","url":"https:\/\/camping-ledauphin.com\/wp-content\/uploads\/2025\/10\/Logo-Camping-Le-Dauphin.svg","contentUrl":"https:\/\/camping-ledauphin.com\/wp-content\/uploads\/2025\/10\/Logo-Camping-Le-Dauphin.svg","width":454,"height":276,"caption":"Camping Le Dauphin"},"image":{"@id":"https:\/\/camping-ledauphin.com\/#\/schema\/logo\/image\/"},"sameAs":["https:\/\/www.facebook.com\/CampingLeDauphinSaintGeorgesDeDidonne\/","https:\/\/www.instagram.com\/campingledauphin\/","https:\/\/www.youtube.com\/@Campaldia"]}]}},"_links":{"self":[{"href":"https:\/\/camping-ledauphin.com\/en\/wp-json\/wp\/v2\/pages\/7784","targetHints":{"allow":["GET"]}}],"collection":[{"href":"https:\/\/camping-ledauphin.com\/en\/wp-json\/wp\/v2\/pages"}],"about":[{"href":"https:\/\/camping-ledauphin.com\/en\/wp-json\/wp\/v2\/types\/page"}],"author":[{"embeddable":true,"href":"https:\/\/camping-ledauphin.com\/en\/wp-json\/wp\/v2\/users\/7"}],"replies":[{"embeddable":true,"href":"https:\/\/camping-ledauphin.com\/en\/wp-json\/wp\/v2\/comments?post=7784"}],"version-history":[{"count":0,"href":"https:\/\/camping-ledauphin.com\/en\/wp-json\/wp\/v2\/pages\/7784\/revisions"}],"up":[{"embeddable":true,"href":"https:\/\/camping-ledauphin.com\/en\/wp-json\/wp\/v2\/pages\/7777"}],"wp:attachment":[{"href":"https:\/\/camping-ledauphin.com\/en\/wp-json\/wp\/v2\/media?parent=7784"}],"curies":[{"name":"wp","href":"https:\/\/api.w.org\/{rel}","templated":true}]}}