{"id":7091,"date":"2024-07-08T16:15:41","date_gmt":"2024-07-08T14:15:41","guid":{"rendered":"https:\/\/camping-ledauphin.com\/?page_id=7091"},"modified":"2026-02-05T12:11:00","modified_gmt":"2026-02-05T11:11:00","slug":"camping-animations-charente-maritime","status":"publish","type":"page","link":"https:\/\/camping-ledauphin.com\/en\/camping-animations-charente-maritime\/","title":{"rendered":"Entertainment"},"content":{"rendered":"<div id=\"gap-636895598\" class=\"gap-element clearfix\" style=\"display:block; height:auto;\">\n\t\t\n<style>\n#gap-636895598 {\n  padding-top: 50px;\n}\n@media (min-width:550px) {\n  #gap-636895598 {\n    padding-top: 30px;\n  }\n}\n<\/style>\n\t<\/div>\n\t\n\n\t<section class=\"section\" id=\"section_1133697666\">\n\t\t<div class=\"section-bg fill\" >\n\t\t\t<img loading=\"lazy\" decoding=\"async\" width=\"2048\" height=\"1365\" src=\"https:\/\/camping-ledauphin.com\/wp-content\/uploads\/2025\/10\/Animation-au-camping-le-dauphin-a-saint-georges-de-didonne.jpg\" class=\"bg attachment-original size-original\" alt=\"Entertainment at Camping Le Dauphin in Saint Georges De Didonne\" \/>\t\t\t\t\t\t\n\t\t\t\n\n\t\t<\/div>\n\n\t\t\t<div class=\"ux-shape-divider ux-shape-divider--top ux-shape-divider--style-waves-opacity-3\">\n\t\t<svg viewbox=\"0 0 1000 300\" xmlns=\"http:\/\/www.w3.org\/2000\/svg\" preserveaspectratio=\"none\">\n\t<path class=\"ux-shape-fill\" opacity=\"0.05\" d=\"M1014 264V386H206L34 300C34 300 344.42 277.16 436 221C542 156 590 160 704 209C811 255 899.11 214.94 979 346L1014 264Z\"\/>\n\t<path class=\"ux-shape-fill\" opacity=\"0.1\" d=\"M-302 55C-302 55 -66.73 263.25 50 214C178 160 283 116 353 141C445.68 174.1 534.28 256.19 588 249C692.9 235 764.52 75.94 855 131C940.61 183.09 1000 254 1000 254V328L-306 338L-302 55Z\"\/>\n\t<path class=\"ux-shape-fill\" opacity=\"0.15\" d=\"M-286 255C-286 255 -72 152 52 126C176 100 255 155 436 227C581.57 284.91 614.7 277.79 708 227C787 184 1009 3.0001 1093 164C1146 265.63 1031 293 1031 293L924 377L-288 389L-286 255Z\"\/>\n\t<path class=\"ux-shape-fill\" opacity=\"0.3\" d=\"M-24 69C-24 69 275.68 370.66 389 314C397 310 622 316 673 356C690.47 369.7 845 224 890 182C944.8 130.85 1018 92 1078 143C1154.12 207.7 1196 242 1196 242L1184 374L-28 386L-24 69Z\"\/>\n\t<path class=\"ux-shape-fill\" d=\"M-12 201C-12 201 58 284 182 258C306 232 342.29 221.23 456 264C565 305 640.82 288.36 721 249C776 222 837.5 191.31 935 253C984 284 1030 279 1030 279L1024 430L-12 440V201Z\"\/>\n<\/svg>\n\t<\/div>\n\n\t<div class=\"ux-shape-divider ux-shape-divider--bottom ux-shape-divider--style-waves-opacity-2\">\n\t\t<svg viewbox=\"0 0 1000 300\" xmlns=\"http:\/\/www.w3.org\/2000\/svg\" preserveaspectratio=\"none\">\n  <path class=\"ux-shape-fill\" opacity=\"0.15\" d=\"M0 299L-2 19.9998C153 -16.0002 308 155 413 184C515.64 212.35 562 152 645 153C725 154 787 206 874 233C939.54 253.34 975 248 1000 244.61V299H0Z\"\/>\n  <path class=\"ux-shape-fill\" opacity=\"0.3\" d=\"M0 300L-2 34C155 -9.00003 300 178 403 212C504.11 245.38 562 165 645 166C725 167 790.09 220.07 874 253C939.21 278.59 978.07 269.72 1000 263.61V300H0Z\"\/>\n  <path class=\"ux-shape-fill\" d=\"M0 300L-1 69.7099C216 56.9999 299.47 198.86 403 226C506 253 577 196 660 197C740 198 790.09 234.07 874 267C935.23 291 982 282.61 1000 277.61V300H0Z\"\/>\n<\/svg>\n\t<\/div>\n\n\t\t<div class=\"section-content relative\">\n\t\t\t\n<div class=\"row align-right\"  id=\"row-1911494157\">\n\n\t<div id=\"col-2006696574\" class=\"col medium-6 small-12 large-6\"  >\n\t\t\t\t<div class=\"col-inner text-center\" style=\"background-color:rgba(255, 255, 255, 0.86);\" >\n\t\t\t\n\t\t\t\n<h1>Entertainment at Le Dauphin campsite in Saint-Georges-de-Didonne<\/h1>\n<p>At Camping Le Dauphin**** holidays are all about fun, sharing and conviviality. In July and August, enjoy a wide range of family activities for young and old, in a warm and relaxed atmosphere.<\/p>\n\t\t<\/div>\n\t\t\t\t\n<style>\n#col-2006696574 > .col-inner {\n  padding: 30px 30px 30px 30px;\n  margin: 30px 0px 0px 0px;\n  border-radius: 30px;\n}\n@media (min-width:550px) {\n  #col-2006696574 > .col-inner {\n    padding: 30px 30px 30px 30px;\n    margin: 50px 0px 0px 0px;\n  }\n}\n<\/style>\n\t<\/div>\n\n\t\n<\/div>\n\t\t<\/div>\n\n\t\t\n<style>\n#section_1133697666 {\n  padding-top: 50px;\n  padding-bottom: 50px;\n}\n#section_1133697666 .ux-shape-divider--top svg {\n  height: 100px;\n  --divider-top-width: 100%;\n}\n#section_1133697666 .ux-shape-divider--top .ux-shape-fill {\n  fill: #fefaf0;\n}\n#section_1133697666 .ux-shape-divider--bottom svg {\n  height: 150px;\n  --divider-width: 130%;\n}\n#section_1133697666 .ux-shape-divider--bottom .ux-shape-fill {\n  fill: #fefaf0;\n}\n@media (min-width:550px) {\n  #section_1133697666 .ux-shape-divider--top svg {\n    height: 200px;\n    --divider-top-width: 100%;\n  }\n}\n<\/style>\n\t<\/section>\n\t\n\n\t<section class=\"section\" id=\"section_317225750\">\n\t\t<div class=\"section-bg fill\" >\n\t\t\t\t\t\t\t\t\t\n\t\t\t\n\n\t\t<\/div>\n\n\t\t\n\n\t\t<div class=\"section-content relative\">\n\t\t\t\n<div class=\"row row-large align-center\"  id=\"row-109161133\">\n\n\t<div id=\"col-1724638163\" class=\"col medium-12 small-12 large-6\"  >\n\t\t\t\t<div class=\"col-inner\"  >\n\t\t\t\n\t\t\t\n\t<div class=\"img has-hover x md-x lg-x y md-y lg-y\" id=\"image_1561834050\">\n\t\t\t\t\t\t\t\t<div class=\"img-inner dark\" >\n\t\t\t<img loading=\"lazy\" decoding=\"async\" width=\"1020\" height=\"1020\" src=\"https:\/\/camping-ledauphin.com\/wp-content\/uploads\/2025\/10\/animation-camping-la-deauphiin-royan.svg\" class=\"attachment-large size-large\" alt=\"Entertainment Camping La Deauphiin Royan\" \/>\t\t\t\t\t\t\n\t\t\t\t\t<\/div>\n\t\t\t\t\t\t\t\t\n<style>\n#image_1561834050 {\n  width: 100%;\n}\n<\/style>\n\t<\/div>\n\t\n\t\t<\/div>\n\t\t\t\t\n<style>\n#col-1724638163 > .col-inner {\n  padding: 0px 0px 0px 0px;\n  margin: 0px 0px 0px 0px;\n}\n@media (min-width:550px) {\n  #col-1724638163 > .col-inner {\n    padding: 50px 0px 0px 0px;\n  }\n}\n<\/style>\n\t<\/div>\n\n\t\n\n\t<div id=\"col-630195759\" class=\"col medium-12 small-12 large-6 small-col-first\"  >\n\t\t\t\t<div class=\"col-inner\"  >\n\t\t\t\n\t\t\t\n<h2 style=\"position: relative; width: 100%;\">Activities for all the family<\/h2>\n<ul>\n<li><strong>Children's play area<\/strong> with a tree house, slide, swings and climbing structures for safe fun.<\/li>\n<li><strong>Petanque pitch<\/strong> A friendly atmosphere for tournaments and games with friends.<\/li>\n<li><strong>Table tennis tables<\/strong> Perfect for friendly family matches.<\/li>\n<li><strong>Multisports ground<\/strong> football, basketball or handball in an enclosed, well-maintained area.<\/li>\n<li><strong>Games room<\/strong> Arcade games, pinball and table football for fun even on grey days.<\/li>\n<\/ul>\n\t\t<\/div>\n\t\t\t\t\n<style>\n#col-630195759 > .col-inner {\n  padding: 0px 0 0px 0px;\n  margin: 20px 0px 0px 0px;\n}\n@media (min-width:550px) {\n  #col-630195759 > .col-inner {\n    padding: 0px 10% 0px 0px;\n    margin: 0px 0px 0px 0px;\n  }\n}\n@media (min-width:850px) {\n  #col-630195759 > .col-inner {\n    padding: 50px 0px 0px 0px;\n  }\n}\n<\/style>\n\t<\/div>\n\n\t\n\n\t<div id=\"col-153524773\" class=\"col medium-12 small-12 large-12 small-col-first\"  >\n\t\t\t\t<div class=\"col-inner text-center\"  >\n\t\t\t\n\t\t\t\n<a href=\"https:\/\/camping-ledauphin.com\/en\/accommodation\/\" class=\"button primary\" >\n\t\t<span>I choose my accommodation<\/span>\n\t<\/a>\n\n\t\t<\/div>\n\t\t\t\t\n<style>\n#col-153524773 > .col-inner {\n  padding: 0px 0 0px 0px;\n  margin: 0px 0px 20px 0px;\n}\n@media (min-width:550px) {\n  #col-153524773 > .col-inner {\n    padding: 0px 10% 0px 0px;\n    margin: 30px 0px 0px 0px;\n  }\n}\n@media (min-width:850px) {\n  #col-153524773 > .col-inner {\n    padding: 0px 0px 0px 0px;\n  }\n}\n<\/style>\n\t<\/div>\n\n\t\n<\/div>\n<div class=\"row row-large align-center\"  id=\"row-834418822\">\n\n\t<div id=\"col-2097134546\" class=\"col medium-12 small-12 large-6\"  >\n\t\t\t\t<div class=\"col-inner\"  >\n\t\t\t\n\t\t\t\n<h2>Entertainment in July and August<\/h2>\n<p>The campsite offers a wide range of activities every day:<\/p>\n<ul>\n<li>The children's club (4 to 12 years) offers workshops, games and entertainment.<\/li>\n<li>A variety of sporting activities: fitness, zumba, p\u00e9tanque competitions, mini-golf...<\/li>\n<li>And in the evenings, there's plenty of fun to be had with aperitif games, themed evenings, concerts and convivial meals.<\/li>\n<\/ul>\n<p>Whether you're a sportsman, a relaxation enthusiast or a fan of lively evenings out, you'll always find an activity to suit your taste at Camping Le Dauphin.<\/p>\n\t\t<\/div>\n\t\t\t\t\n<style>\n#col-2097134546 > .col-inner {\n  padding: 0px 0 0px 0px;\n  margin: 0px 0px 0px 0px;\n}\n@media (min-width:550px) {\n  #col-2097134546 > .col-inner {\n    padding: 0px 10% 0px 0px;\n  }\n}\n@media (min-width:850px) {\n  #col-2097134546 > .col-inner {\n    padding: 30px 0px 0px 0px;\n  }\n}\n<\/style>\n\t<\/div>\n\n\t\n\n\t<div id=\"col-1142488731\" class=\"col medium-12 small-12 large-6\"  >\n\t\t\t\t<div class=\"col-inner\"  >\n\t\t\t\n\t\t\t\n\t<div class=\"img has-hover x md-x lg-x y md-y lg-y\" id=\"image_817416655\">\n\t\t\t\t\t\t\t\t<div class=\"img-inner dark\" >\n\t\t\t<img loading=\"lazy\" decoding=\"async\" width=\"1020\" height=\"680\" src=\"https:\/\/camping-ledauphin.com\/wp-content\/uploads\/2025\/10\/animation-campin-le-dauphin-1020x680.jpg\" class=\"attachment-large size-large\" alt=\"Animation Campin Le Dauphin\" srcset=\"https:\/\/camping-ledauphin.com\/wp-content\/uploads\/2025\/10\/animation-campin-le-dauphin-1020x680.jpg 1020w, https:\/\/camping-ledauphin.com\/wp-content\/uploads\/2025\/10\/animation-campin-le-dauphin-370x247.jpg 370w, https:\/\/camping-ledauphin.com\/wp-content\/uploads\/2025\/10\/animation-campin-le-dauphin-768x512.jpg 768w, https:\/\/camping-ledauphin.com\/wp-content\/uploads\/2025\/10\/animation-campin-le-dauphin-1536x1024.jpg 1536w, https:\/\/camping-ledauphin.com\/wp-content\/uploads\/2025\/10\/animation-campin-le-dauphin-18x12.jpg 18w, https:\/\/camping-ledauphin.com\/wp-content\/uploads\/2025\/10\/animation-campin-le-dauphin-510x340.jpg 510w, https:\/\/camping-ledauphin.com\/wp-content\/uploads\/2025\/10\/animation-campin-le-dauphin.jpg 2048w\" sizes=\"auto, (max-width: 1020px) 100vw, 1020px\" \/>\t\t\t\t\t\t\n\t\t\t\t\t<\/div>\n\t\t\t\t\t\t\t\t\n<style>\n#image_817416655 {\n  width: 100%;\n}\n<\/style>\n\t<\/div>\n\t\n\t\t<\/div>\n\t\t\t\t\n<style>\n#col-1142488731 > .col-inner {\n  padding: 0px 0px 0px 0px;\n  margin: 0px 0px 0px 0px;\n}\n@media (min-width:550px) {\n  #col-1142488731 > .col-inner {\n    padding: 30px 0px 0px 0px;\n  }\n}\n<\/style>\n\t<\/div>\n\n\t\n<\/div>\n\t<div id=\"gap-2040178006\" class=\"gap-element clearfix\" style=\"display:block; height:auto;\">\n\t\t\n<style>\n#gap-2040178006 {\n  padding-top: 30px;\n}\n<\/style>\n\t<\/div>\n\t\n<div class=\"row\"  id=\"row-1819011838\">\n\n\t<div id=\"col-1301909909\" class=\"col small-12 large-12\"  >\n\t\t\t\t<div class=\"col-inner text-center\"  >\n\t\t\t\n\t\t\t\n<h2>It's holiday time for everyone!<\/h2>\n\t\t<\/div>\n\t\t\t\t\t<\/div>\n\n\t\n<\/div>\n<div class=\"row align-center\"  id=\"row-628850901\">\n\n\t<div id=\"col-581827967\" class=\"col medium-6 small-12 large-6\"  >\n\t\t\t\t<div class=\"col-inner\"  >\n\t\t\t\n\t\t\t\n<div class=\"slider-wrapper relative\" id=\"slider-1500623983\" >\n    <div class=\"slider slider-nav-simple slider-nav-large slider-nav-dark slider-style-normal\"\n        data-flickity-options='{            \"cellAlign\": \"center\",            \"imagesLoaded\": true,            \"lazyLoad\": 1,            \"freeScroll\": false,            \"wrapAround\": true,            \"autoPlay\": 6000,            \"pauseAutoPlayOnHover\" : true,            \"prevNextButtons\": true,            \"contain\" : true,            \"adaptiveHeight\" : true,            \"dragThreshold\" : 10,            \"percentPosition\": true,            \"pageDots\": false,            \"rightToLeft\": false,            \"draggable\": true,            \"selectedAttraction\": 0.1,            \"parallax\" : 0,            \"friction\": 0.6        }'\n        >\n        \n\t<div class=\"img has-hover x md-x lg-x y md-y lg-y\" id=\"image_1428148553\">\n\t\t\t\t\t\t\t\t<div class=\"img-inner image-cover dark\" style=\"padding-top:60%;\">\n\t\t\t<img loading=\"lazy\" decoding=\"async\" width=\"1020\" height=\"497\" src=\"https:\/\/camping-ledauphin.com\/wp-content\/uploads\/2025\/10\/DSC02127-1020x497.jpg\" class=\"attachment-large size-large\" alt=\"Dsc02127\" srcset=\"https:\/\/camping-ledauphin.com\/wp-content\/uploads\/2025\/10\/DSC02127-1020x497.jpg 1020w, https:\/\/camping-ledauphin.com\/wp-content\/uploads\/2025\/10\/DSC02127-370x180.jpg 370w, https:\/\/camping-ledauphin.com\/wp-content\/uploads\/2025\/10\/DSC02127-768x374.jpg 768w, https:\/\/camping-ledauphin.com\/wp-content\/uploads\/2025\/10\/DSC02127-1536x748.jpg 1536w, https:\/\/camping-ledauphin.com\/wp-content\/uploads\/2025\/10\/DSC02127-2048x998.jpg 2048w, https:\/\/camping-ledauphin.com\/wp-content\/uploads\/2025\/10\/DSC02127-18x9.jpg 18w, https:\/\/camping-ledauphin.com\/wp-content\/uploads\/2025\/10\/DSC02127-510x248.jpg 510w\" sizes=\"auto, (max-width: 1020px) 100vw, 1020px\" \/>\t\t\t\t\t\t\n\t\t\t\t\t<\/div>\n\t\t\t\t\t\t\t\t\n<style>\n#image_1428148553 {\n  width: 100%;\n}\n<\/style>\n\t<\/div>\n\t\n\t<div class=\"img has-hover x md-x lg-x y md-y lg-y\" id=\"image_1518827907\">\n\t\t\t\t\t\t\t\t<div class=\"img-inner image-cover dark\" style=\"padding-top:60%;\">\n\t\t\t<img loading=\"lazy\" decoding=\"async\" width=\"1020\" height=\"680\" src=\"https:\/\/camping-ledauphin.com\/wp-content\/uploads\/2025\/10\/DSC02158-1020x680.jpg\" class=\"attachment-large size-large\" alt=\"Dsc02158\" srcset=\"https:\/\/camping-ledauphin.com\/wp-content\/uploads\/2025\/10\/DSC02158-1020x680.jpg 1020w, https:\/\/camping-ledauphin.com\/wp-content\/uploads\/2025\/10\/DSC02158-370x247.jpg 370w, https:\/\/camping-ledauphin.com\/wp-content\/uploads\/2025\/10\/DSC02158-768x512.jpg 768w, https:\/\/camping-ledauphin.com\/wp-content\/uploads\/2025\/10\/DSC02158-1536x1024.jpg 1536w, https:\/\/camping-ledauphin.com\/wp-content\/uploads\/2025\/10\/DSC02158-2048x1365.jpg 2048w, https:\/\/camping-ledauphin.com\/wp-content\/uploads\/2025\/10\/DSC02158-18x12.jpg 18w, https:\/\/camping-ledauphin.com\/wp-content\/uploads\/2025\/10\/DSC02158-510x340.jpg 510w\" sizes=\"auto, (max-width: 1020px) 100vw, 1020px\" \/>\t\t\t\t\t\t\n\t\t\t\t\t<\/div>\n\t\t\t\t\t\t\t\t\n<style>\n#image_1518827907 {\n  width: 100%;\n}\n<\/style>\n\t<\/div>\n\t\n\t<div class=\"img has-hover x md-x lg-x y md-y lg-y\" id=\"image_937155334\">\n\t\t\t\t\t\t\t\t<div class=\"img-inner image-cover dark\" style=\"padding-top:60%;\">\n\t\t\t<img loading=\"lazy\" decoding=\"async\" width=\"1020\" height=\"680\" src=\"https:\/\/camping-ledauphin.com\/wp-content\/uploads\/2025\/10\/jeux-au-camping-le-dauphin.svg\" class=\"attachment-large size-large\" alt=\"Games at Camping Le Dauphin\" \/>\t\t\t\t\t\t\n\t\t\t\t\t<\/div>\n\t\t\t\t\t\t\t\t\n<style>\n#image_937155334 {\n  width: 100%;\n}\n<\/style>\n\t<\/div>\n\t\n\t<div class=\"img has-hover x md-x lg-x y md-y lg-y\" id=\"image_1061833179\">\n\t\t\t\t\t\t\t\t<div class=\"img-inner dark\" >\n\t\t\t<img loading=\"lazy\" decoding=\"async\" width=\"1020\" height=\"680\" src=\"https:\/\/camping-ledauphin.com\/wp-content\/uploads\/2025\/10\/animation-au-camping-le-dauphin-a-saint-georges-de-didonne-2.svg\" class=\"attachment-large size-large\" alt=\"Entertainment at Camping Le Dauphin in Saint Georges De Didonne 2\" \/>\t\t\t\t\t\t\n\t\t\t\t\t<\/div>\n\t\t\t\t\t\t\t\t\n<style>\n#image_1061833179 {\n  width: 100%;\n}\n<\/style>\n\t<\/div>\n\t\n\t<div class=\"img has-hover x md-x lg-x y md-y lg-y\" id=\"image_620475497\">\n\t\t\t\t\t\t\t\t<div class=\"img-inner dark\" >\n\t\t\t<img loading=\"lazy\" decoding=\"async\" width=\"1020\" height=\"680\" src=\"https:\/\/camping-ledauphin.com\/wp-content\/uploads\/2025\/10\/animation-au-camping-le-dauphin-a-saint-georges-de-didonne.svg\" class=\"attachment-large size-large\" alt=\"Entertainment at Camping Le Dauphin in Saint Georges De Didonne\" \/>\t\t\t\t\t\t\n\t\t\t\t\t<\/div>\n\t\t\t\t\t\t\t\t\n<style>\n#image_620475497 {\n  width: 100%;\n}\n<\/style>\n\t<\/div>\n\t\n\t<div class=\"img has-hover x md-x lg-x y md-y lg-y\" id=\"image_1894825526\">\n\t\t\t\t\t\t\t\t<div class=\"img-inner dark\" >\n\t\t\t<img loading=\"lazy\" decoding=\"async\" width=\"1020\" height=\"680\" src=\"https:\/\/camping-ledauphin.com\/wp-content\/uploads\/2025\/10\/animation-au-camping-le-dauphin-a-saint-georges-de-didonne-1.svg\" class=\"attachment-large size-large\" alt=\"Entertainment at Camping Le Dauphin in Saint Georges De Didonne 1\" \/>\t\t\t\t\t\t\n\t\t\t\t\t<\/div>\n\t\t\t\t\t\t\t\t\n<style>\n#image_1894825526 {\n  width: 100%;\n}\n<\/style>\n\t<\/div>\n\t\n\t<div class=\"img has-hover x md-x lg-x y md-y lg-y\" id=\"image_883126239\">\n\t\t\t\t\t\t\t\t<div class=\"img-inner dark\" >\n\t\t\t<img loading=\"lazy\" decoding=\"async\" width=\"1020\" height=\"680\" src=\"https:\/\/camping-ledauphin.com\/wp-content\/uploads\/2025\/10\/animation-au-camping-le-dauphin-a-saint-georges-de-didonne-3.svg\" class=\"attachment-large size-large\" alt=\"Entertainment at Camping Le Dauphin in Saint Georges De Didonne 3\" \/>\t\t\t\t\t\t\n\t\t\t\t\t<\/div>\n\t\t\t\t\t\t\t\t\n<style>\n#image_883126239 {\n  width: 100%;\n}\n<\/style>\n\t<\/div>\n\t\n     <\/div>\n\n     <div class=\"loading-spin dark large centered\"><\/div>\n\n\t<\/div>\n\n\n\t\t<\/div>\n\t\t\t\t\n<style>\n#col-581827967 > .col-inner {\n  padding: 0px 0px 50px 0px;\n}\n@media (min-width:550px) {\n  #col-581827967 > .col-inner {\n    padding: 50px 0px 50px 0px;\n  }\n}\n<\/style>\n\t<\/div>\n\n\t\n<\/div>\n\t\t<\/div>\n\n\t\t\n<style>\n#section_317225750 {\n  padding-top: 0px;\n  padding-bottom: 0px;\n}\n<\/style>\n\t<\/section>","protected":false},"excerpt":{"rendered":"","protected":false},"author":7,"featured_media":0,"parent":0,"menu_order":0,"comment_status":"closed","ping_status":"closed","template":"page-blank.php","meta":{"_acf_changed":false,"inline_featured_image":false,"footnotes":""},"class_list":["post-7091","page","type-page","status-publish","hentry"],"acf":[],"yoast_head":"<!-- This site is optimized with the Yoast SEO plugin v27.5 - https:\/\/yoast.com\/product\/yoast-seo-wordpress\/ -->\n<title>Animations au camping Le Dauphin<\/title>\n<meta name=\"description\" content=\"Profitez d\u2019un s\u00e9jour rythm\u00e9 par les animations du Camping Le Dauphin \u00e0 Saint-Georges-de-Didonne. Activit\u00e9s sportives, club enfants et soir\u00e9es conviviales pour toute la famille en Charente-Maritime.\" \/>\n<meta name=\"robots\" content=\"index, follow, max-snippet:-1, max-image-preview:large, max-video-preview:-1\" \/>\n<link rel=\"canonical\" href=\"https:\/\/camping-ledauphin.com\/en\/camping-animations-charente-maritime\/\" \/>\n<meta property=\"og:locale\" content=\"en_GB\" \/>\n<meta property=\"og:type\" content=\"article\" \/>\n<meta property=\"og:title\" content=\"Animations au camping Le Dauphin\" \/>\n<meta property=\"og:description\" content=\"Profitez d\u2019un s\u00e9jour rythm\u00e9 par les animations du Camping Le Dauphin \u00e0 Saint-Georges-de-Didonne. Activit\u00e9s sportives, club enfants et soir\u00e9es conviviales pour toute la famille en Charente-Maritime.\" \/>\n<meta property=\"og:url\" content=\"https:\/\/camping-ledauphin.com\/en\/camping-animations-charente-maritime\/\" \/>\n<meta property=\"og:site_name\" content=\"Camping le Dauphin\" \/>\n<meta property=\"article:publisher\" content=\"https:\/\/www.facebook.com\/CampingLeDauphinSaintGeorgesDeDidonne\/\" \/>\n<meta property=\"article:modified_time\" content=\"2026-02-05T11:11:00+00:00\" \/>\n<meta name=\"twitter:card\" content=\"summary_large_image\" \/>\n<meta name=\"twitter:label1\" content=\"Estimated reading time\" \/>\n\t<meta name=\"twitter:data1\" content=\"4 minutes\" \/>\n<script type=\"application\/ld+json\" class=\"yoast-schema-graph\">{\"@context\":\"https:\\\/\\\/schema.org\",\"@graph\":[{\"@type\":\"WebPage\",\"@id\":\"https:\\\/\\\/camping-ledauphin.com\\\/camping-animations-charente-maritime\\\/\",\"url\":\"https:\\\/\\\/camping-ledauphin.com\\\/camping-animations-charente-maritime\\\/\",\"name\":\"Animations au camping Le Dauphin\",\"isPartOf\":{\"@id\":\"https:\\\/\\\/camping-ledauphin.com\\\/#website\"},\"datePublished\":\"2024-07-08T14:15:41+00:00\",\"dateModified\":\"2026-02-05T11:11:00+00:00\",\"description\":\"Profitez d\u2019un s\u00e9jour rythm\u00e9 par les animations du Camping Le Dauphin \u00e0 Saint-Georges-de-Didonne. Activit\u00e9s sportives, club enfants et soir\u00e9es conviviales pour toute la famille en Charente-Maritime.\",\"breadcrumb\":{\"@id\":\"https:\\\/\\\/camping-ledauphin.com\\\/camping-animations-charente-maritime\\\/#breadcrumb\"},\"inLanguage\":\"en-GB\",\"potentialAction\":[{\"@type\":\"ReadAction\",\"target\":[\"https:\\\/\\\/camping-ledauphin.com\\\/camping-animations-charente-maritime\\\/\"]}]},{\"@type\":\"BreadcrumbList\",\"@id\":\"https:\\\/\\\/camping-ledauphin.com\\\/camping-animations-charente-maritime\\\/#breadcrumb\",\"itemListElement\":[{\"@type\":\"ListItem\",\"position\":1,\"name\":\"Home\",\"item\":\"https:\\\/\\\/camping-ledauphin.com\\\/\"},{\"@type\":\"ListItem\",\"position\":2,\"name\":\"Animations\"}]},{\"@type\":\"WebSite\",\"@id\":\"https:\\\/\\\/camping-ledauphin.com\\\/#website\",\"url\":\"https:\\\/\\\/camping-ledauphin.com\\\/\",\"name\":\"Camping Le Dauphin\",\"description\":\"Camping 4 \u00e9toiles - Saint-Georges-de-Didonne\",\"publisher\":{\"@id\":\"https:\\\/\\\/camping-ledauphin.com\\\/#organization\"},\"alternateName\":\"Camping les Embruns d'Ol\u00e9ron\",\"potentialAction\":[{\"@type\":\"SearchAction\",\"target\":{\"@type\":\"EntryPoint\",\"urlTemplate\":\"https:\\\/\\\/camping-ledauphin.com\\\/?s={search_term_string}\"},\"query-input\":{\"@type\":\"PropertyValueSpecification\",\"valueRequired\":true,\"valueName\":\"search_term_string\"}}],\"inLanguage\":\"en-GB\"},{\"@type\":\"Organization\",\"@id\":\"https:\\\/\\\/camping-ledauphin.com\\\/#organization\",\"name\":\"Camping Le Dauphin\",\"url\":\"https:\\\/\\\/camping-ledauphin.com\\\/\",\"logo\":{\"@type\":\"ImageObject\",\"inLanguage\":\"en-GB\",\"@id\":\"https:\\\/\\\/camping-ledauphin.com\\\/#\\\/schema\\\/logo\\\/image\\\/\",\"url\":\"https:\\\/\\\/camping-ledauphin.com\\\/wp-content\\\/uploads\\\/2025\\\/10\\\/Logo-Camping-Le-Dauphin.svg\",\"contentUrl\":\"https:\\\/\\\/camping-ledauphin.com\\\/wp-content\\\/uploads\\\/2025\\\/10\\\/Logo-Camping-Le-Dauphin.svg\",\"width\":454,\"height\":276,\"caption\":\"Camping Le Dauphin\"},\"image\":{\"@id\":\"https:\\\/\\\/camping-ledauphin.com\\\/#\\\/schema\\\/logo\\\/image\\\/\"},\"sameAs\":[\"https:\\\/\\\/www.facebook.com\\\/CampingLeDauphinSaintGeorgesDeDidonne\\\/\",\"https:\\\/\\\/www.instagram.com\\\/campingledauphin\\\/\",\"https:\\\/\\\/www.youtube.com\\\/@Campaldia\"]}]}<\/script>\n<!-- \/ Yoast SEO plugin. -->","yoast_head_json":{"title":"Entertainment at Le Dauphin campsite","description":"Enjoy a holiday with plenty of entertainment at Camping Le Dauphin in Saint-Georges-de-Didonne. Sports activities, kids' club and fun evenings for all the family in Charente-Maritime.","robots":{"index":"index","follow":"follow","max-snippet":"max-snippet:-1","max-image-preview":"max-image-preview:large","max-video-preview":"max-video-preview:-1"},"canonical":"https:\/\/camping-ledauphin.com\/en\/camping-animations-charente-maritime\/","og_locale":"en_GB","og_type":"article","og_title":"Animations au camping Le Dauphin","og_description":"Profitez d\u2019un s\u00e9jour rythm\u00e9 par les animations du Camping Le Dauphin \u00e0 Saint-Georges-de-Didonne. Activit\u00e9s sportives, club enfants et soir\u00e9es conviviales pour toute la famille en Charente-Maritime.","og_url":"https:\/\/camping-ledauphin.com\/en\/camping-animations-charente-maritime\/","og_site_name":"Camping le Dauphin","article_publisher":"https:\/\/www.facebook.com\/CampingLeDauphinSaintGeorgesDeDidonne\/","article_modified_time":"2026-02-05T11:11:00+00:00","twitter_card":"summary_large_image","twitter_misc":{"Estimated reading time":"4 minutes"},"schema":{"@context":"https:\/\/schema.org","@graph":[{"@type":"WebPage","@id":"https:\/\/camping-ledauphin.com\/camping-animations-charente-maritime\/","url":"https:\/\/camping-ledauphin.com\/camping-animations-charente-maritime\/","name":"Entertainment at Le Dauphin campsite","isPartOf":{"@id":"https:\/\/camping-ledauphin.com\/#website"},"datePublished":"2024-07-08T14:15:41+00:00","dateModified":"2026-02-05T11:11:00+00:00","description":"Enjoy a holiday with plenty of entertainment at Camping Le Dauphin in Saint-Georges-de-Didonne. Sports activities, kids' club and fun evenings for all the family in Charente-Maritime.","breadcrumb":{"@id":"https:\/\/camping-ledauphin.com\/camping-animations-charente-maritime\/#breadcrumb"},"inLanguage":"en-GB","potentialAction":[{"@type":"ReadAction","target":["https:\/\/camping-ledauphin.com\/camping-animations-charente-maritime\/"]}]},{"@type":"BreadcrumbList","@id":"https:\/\/camping-ledauphin.com\/camping-animations-charente-maritime\/#breadcrumb","itemListElement":[{"@type":"ListItem","position":1,"name":"Home","item":"https:\/\/camping-ledauphin.com\/"},{"@type":"ListItem","position":2,"name":"Animations"}]},{"@type":"WebSite","@id":"https:\/\/camping-ledauphin.com\/#website","url":"https:\/\/camping-ledauphin.com\/","name":"Camping Le Dauphin","description":"4-star campsite - Saint-Georges-de-Didonne","publisher":{"@id":"https:\/\/camping-ledauphin.com\/#organization"},"alternateName":"Camping les Embruns d'Ol\u00e9ron","potentialAction":[{"@type":"SearchAction","target":{"@type":"EntryPoint","urlTemplate":"https:\/\/camping-ledauphin.com\/?s={search_term_string}"},"query-input":{"@type":"PropertyValueSpecification","valueRequired":true,"valueName":"search_term_string"}}],"inLanguage":"en-GB"},{"@type":"Organization","@id":"https:\/\/camping-ledauphin.com\/#organization","name":"Camping Le Dauphin","url":"https:\/\/camping-ledauphin.com\/","logo":{"@type":"ImageObject","inLanguage":"en-GB","@id":"https:\/\/camping-ledauphin.com\/#\/schema\/logo\/image\/","url":"https:\/\/camping-ledauphin.com\/wp-content\/uploads\/2025\/10\/Logo-Camping-Le-Dauphin.svg","contentUrl":"https:\/\/camping-ledauphin.com\/wp-content\/uploads\/2025\/10\/Logo-Camping-Le-Dauphin.svg","width":454,"height":276,"caption":"Camping Le Dauphin"},"image":{"@id":"https:\/\/camping-ledauphin.com\/#\/schema\/logo\/image\/"},"sameAs":["https:\/\/www.facebook.com\/CampingLeDauphinSaintGeorgesDeDidonne\/","https:\/\/www.instagram.com\/campingledauphin\/","https:\/\/www.youtube.com\/@Campaldia"]}]}},"_links":{"self":[{"href":"https:\/\/camping-ledauphin.com\/en\/wp-json\/wp\/v2\/pages\/7091","targetHints":{"allow":["GET"]}}],"collection":[{"href":"https:\/\/camping-ledauphin.com\/en\/wp-json\/wp\/v2\/pages"}],"about":[{"href":"https:\/\/camping-ledauphin.com\/en\/wp-json\/wp\/v2\/types\/page"}],"author":[{"embeddable":true,"href":"https:\/\/camping-ledauphin.com\/en\/wp-json\/wp\/v2\/users\/7"}],"replies":[{"embeddable":true,"href":"https:\/\/camping-ledauphin.com\/en\/wp-json\/wp\/v2\/comments?post=7091"}],"version-history":[{"count":2,"href":"https:\/\/camping-ledauphin.com\/en\/wp-json\/wp\/v2\/pages\/7091\/revisions"}],"predecessor-version":[{"id":8659,"href":"https:\/\/camping-ledauphin.com\/en\/wp-json\/wp\/v2\/pages\/7091\/revisions\/8659"}],"wp:attachment":[{"href":"https:\/\/camping-ledauphin.com\/en\/wp-json\/wp\/v2\/media?parent=7091"}],"curies":[{"name":"wp","href":"https:\/\/api.w.org\/{rel}","templated":true}]}}