{"id":7769,"date":"2025-10-23T12:10:24","date_gmt":"2025-10-23T10:10:24","guid":{"rendered":"https:\/\/camping-ledauphin.com\/?post_type=product&#038;p=7769"},"modified":"2026-01-19T14:45:44","modified_gmt":"2026-01-19T13:45:44","slug":"riff","status":"publish","type":"product","link":"https:\/\/camping-ledauphin.com\/de\/unterkunft-3\/mobile-unterkunfte\/riff\/","title":{"rendered":"Riff"},"content":{"rendered":"<p>Das Mobilheim R\u00e9cif (Jahrgangsmodell) ist eine ger\u00e4umige und gesellige Unterkunft, die sich perfekt f\u00fcr einen Urlaub mit der Familie oder Freunden auf dem Campingplatz Le Dauphin **** in Saint-Georges-de-Didonne, in der N\u00e4he von Royan, eignet.<\/p>\n<p>Mit seinen drei Schlafzimmern, eines mit Doppelbett und zwei mit Einzelbetten, kann es bis zu 6 Personen bequem beherbergen. Sein helles Wohnzimmer mit Essbereich und Fernseher ist ideal, um sich nach einem Tag am Strand oder bei Aktivit\u00e4ten zu treffen.<\/p>\n<p>In der voll ausgestatteten K\u00fcche (K\u00fchlschrank, Kochplatte, Mikrowelle, Kaffeemaschine und Geschirr) k\u00f6nnen Sie Ihre Mahlzeiten selbstst\u00e4ndig zubereiten. Sie profitieren au\u00dferdem von einem Badezimmer mit Dusche und Waschbecken, einem separaten WC und einer \u00fcberdachten Terrasse mit Gartenm\u00f6beln, auf der Sie gemeinsam Mahlzeiten im Freien einnehmen oder einfach das milde Klima der Charente-Maritime genie\u00dfen k\u00f6nnen.<\/p>\n<p>Ein praktisches und funktionelles Mobilheim, das alles bietet, was Sie f\u00fcr einen gelungenen Urlaub in der N\u00e4he von Royan ben\u00f6tigen.<\/p>\n<p><em>Fotos und Pl\u00e4ne sind nicht vertraglich bindend<\/em><\/p>","protected":false},"excerpt":{"rendered":"<p data-start=\"76\" data-end=\"384\">Das Mobilheim R\u00e9cif ist ca. 32 m\u00b2 gro\u00df (Jahrgangsmodell) und bietet mit seinen 3 Schlafzimmern, dem Wohnzimmer mit Fernseher, der ausgestatteten K\u00fcche und der \u00fcberdachten Terrasse Platz f\u00fcr bis zu 6 Personen. Eine praktische und gesellige Unterkunft f\u00fcr Ihren Familienurlaub in Saint-Georges-de-Didonne, in der N\u00e4he von Royan.<\/p>\n<p data-start=\"386\" data-end=\"422\"><em data-start=\"386\" data-end=\"420\">Fotos und Pl\u00e4ne sind nicht vertraglich bindend<\/em><\/p>","protected":false},"featured_media":8446,"template":"","meta":{"_acf_changed":false,"inline_featured_image":false},"product_brand":[],"product_cat":[410,55],"product_tag":[],"class_list":{"0":"post-7769","1":"product","2":"type-product","3":"status-publish","4":"has-post-thumbnail","6":"product_cat-locations-6-personnes","7":"product_cat-location-mobil-homes","9":"first","10":"instock","11":"shipping-taxable","12":"product-type-simple"},"acf":[],"yoast_head":"<!-- This site is optimized with the Yoast SEO plugin v27.5 - https:\/\/yoast.com\/product\/yoast-seo-wordpress\/ -->\n<title>Mobil-home pour 6 personnes \u00e0 Royan<\/title>\n<meta name=\"description\" content=\"Location de vacances au bord de mer pour 6 personnes \u00e0 Saint Georges de Didonne. R\u00e9servez vos vacances en Charente-Maritime d\u00e8s maintenant !\" \/>\n<meta name=\"robots\" content=\"index, follow, max-snippet:-1, max-image-preview:large, max-video-preview:-1\" \/>\n<link rel=\"canonical\" href=\"https:\/\/camping-ledauphin.com\/de\/unterkunft-3\/mobile-unterkunfte\/riff\/\" \/>\n<meta property=\"og:locale\" content=\"de_DE\" \/>\n<meta property=\"og:type\" content=\"article\" \/>\n<meta property=\"og:title\" content=\"Mobil-home pour 6 personnes \u00e0 Royan\" \/>\n<meta property=\"og:description\" content=\"Location de vacances au bord de mer pour 6 personnes \u00e0 Saint Georges de Didonne. R\u00e9servez vos vacances en Charente-Maritime d\u00e8s maintenant !\" \/>\n<meta property=\"og:url\" content=\"https:\/\/camping-ledauphin.com\/de\/unterkunft-3\/mobile-unterkunfte\/riff\/\" \/>\n<meta property=\"og:site_name\" content=\"Camping le Dauphin\" \/>\n<meta property=\"article:publisher\" content=\"https:\/\/www.facebook.com\/CampingLeDauphinSaintGeorgesDeDidonne\/\" \/>\n<meta property=\"article:modified_time\" content=\"2026-01-19T13:45:44+00:00\" \/>\n<meta property=\"og:image\" content=\"https:\/\/camping-ledauphin.com\/wp-content\/uploads\/2025\/10\/mobil-home-recif-pour-6-personnes-a-royan-1.png\" \/>\n\t<meta property=\"og:image:width\" content=\"1200\" \/>\n\t<meta property=\"og:image:height\" content=\"800\" \/>\n\t<meta property=\"og:image:type\" content=\"image\/png\" \/>\n<meta name=\"twitter:card\" content=\"summary_large_image\" \/>\n<meta name=\"twitter:label1\" content=\"Gesch\u00e4tzte Lesezeit\" \/>\n\t<meta name=\"twitter:data1\" content=\"1\u00a0Minute\" \/>\n<script type=\"application\/ld+json\" class=\"yoast-schema-graph\">{\"@context\":\"https:\\\/\\\/schema.org\",\"@graph\":[{\"@type\":\"WebPage\",\"@id\":\"https:\\\/\\\/camping-ledauphin.com\\\/hebergements\\\/location-mobil-homes\\\/recif\\\/\",\"url\":\"https:\\\/\\\/camping-ledauphin.com\\\/hebergements\\\/location-mobil-homes\\\/recif\\\/\",\"name\":\"Mobil-home pour 6 personnes \u00e0 Royan\",\"isPartOf\":{\"@id\":\"https:\\\/\\\/camping-ledauphin.com\\\/#website\"},\"primaryImageOfPage\":{\"@id\":\"https:\\\/\\\/camping-ledauphin.com\\\/hebergements\\\/location-mobil-homes\\\/recif\\\/#primaryimage\"},\"image\":{\"@id\":\"https:\\\/\\\/camping-ledauphin.com\\\/hebergements\\\/location-mobil-homes\\\/recif\\\/#primaryimage\"},\"thumbnailUrl\":\"https:\\\/\\\/camping-ledauphin.com\\\/wp-content\\\/uploads\\\/2025\\\/10\\\/mobil-home-recif-pour-6-personnes-a-royan-1.png\",\"datePublished\":\"2025-10-23T10:10:24+00:00\",\"dateModified\":\"2026-01-19T13:45:44+00:00\",\"description\":\"Location de vacances au bord de mer pour 6 personnes \u00e0 Saint Georges de Didonne. R\u00e9servez vos vacances en Charente-Maritime d\u00e8s maintenant !\",\"breadcrumb\":{\"@id\":\"https:\\\/\\\/camping-ledauphin.com\\\/hebergements\\\/location-mobil-homes\\\/recif\\\/#breadcrumb\"},\"inLanguage\":\"de\",\"potentialAction\":[{\"@type\":\"ReadAction\",\"target\":[\"https:\\\/\\\/camping-ledauphin.com\\\/hebergements\\\/location-mobil-homes\\\/recif\\\/\"]}]},{\"@type\":\"ImageObject\",\"inLanguage\":\"de\",\"@id\":\"https:\\\/\\\/camping-ledauphin.com\\\/hebergements\\\/location-mobil-homes\\\/recif\\\/#primaryimage\",\"url\":\"https:\\\/\\\/camping-ledauphin.com\\\/wp-content\\\/uploads\\\/2025\\\/10\\\/mobil-home-recif-pour-6-personnes-a-royan-1.png\",\"contentUrl\":\"https:\\\/\\\/camping-ledauphin.com\\\/wp-content\\\/uploads\\\/2025\\\/10\\\/mobil-home-recif-pour-6-personnes-a-royan-1.png\",\"width\":1200,\"height\":800,\"caption\":\"Mobil Home Recif Pour 6 Personnes \u00e0 Royan\"},{\"@type\":\"BreadcrumbList\",\"@id\":\"https:\\\/\\\/camping-ledauphin.com\\\/hebergements\\\/location-mobil-homes\\\/recif\\\/#breadcrumb\",\"itemListElement\":[{\"@type\":\"ListItem\",\"position\":1,\"name\":\"Home\",\"item\":\"https:\\\/\\\/camping-ledauphin.com\\\/\"},{\"@type\":\"ListItem\",\"position\":2,\"name\":\"Tous nos h\u00e9bergements en Charente-Maritime\",\"item\":\"https:\\\/\\\/camping-ledauphin.com\\\/hebergement\\\/\"},{\"@type\":\"ListItem\",\"position\":3,\"name\":\"R\u00e9cif\"}]},{\"@type\":\"WebSite\",\"@id\":\"https:\\\/\\\/camping-ledauphin.com\\\/#website\",\"url\":\"https:\\\/\\\/camping-ledauphin.com\\\/\",\"name\":\"Camping Le Dauphin\",\"description\":\"Camping 4 \u00e9toiles - Saint-Georges-de-Didonne\",\"publisher\":{\"@id\":\"https:\\\/\\\/camping-ledauphin.com\\\/#organization\"},\"alternateName\":\"Camping les Embruns d'Ol\u00e9ron\",\"potentialAction\":[{\"@type\":\"SearchAction\",\"target\":{\"@type\":\"EntryPoint\",\"urlTemplate\":\"https:\\\/\\\/camping-ledauphin.com\\\/?s={search_term_string}\"},\"query-input\":{\"@type\":\"PropertyValueSpecification\",\"valueRequired\":true,\"valueName\":\"search_term_string\"}}],\"inLanguage\":\"de\"},{\"@type\":\"Organization\",\"@id\":\"https:\\\/\\\/camping-ledauphin.com\\\/#organization\",\"name\":\"Camping Le Dauphin\",\"url\":\"https:\\\/\\\/camping-ledauphin.com\\\/\",\"logo\":{\"@type\":\"ImageObject\",\"inLanguage\":\"de\",\"@id\":\"https:\\\/\\\/camping-ledauphin.com\\\/#\\\/schema\\\/logo\\\/image\\\/\",\"url\":\"https:\\\/\\\/camping-ledauphin.com\\\/wp-content\\\/uploads\\\/2025\\\/10\\\/Logo-Camping-Le-Dauphin.svg\",\"contentUrl\":\"https:\\\/\\\/camping-ledauphin.com\\\/wp-content\\\/uploads\\\/2025\\\/10\\\/Logo-Camping-Le-Dauphin.svg\",\"width\":454,\"height\":276,\"caption\":\"Camping Le Dauphin\"},\"image\":{\"@id\":\"https:\\\/\\\/camping-ledauphin.com\\\/#\\\/schema\\\/logo\\\/image\\\/\"},\"sameAs\":[\"https:\\\/\\\/www.facebook.com\\\/CampingLeDauphinSaintGeorgesDeDidonne\\\/\",\"https:\\\/\\\/www.instagram.com\\\/campingledauphin\\\/\",\"https:\\\/\\\/www.youtube.com\\\/@Campaldia\"]}]}<\/script>\n<!-- \/ Yoast SEO plugin. -->","yoast_head_json":{"title":"Mobilheim f\u00fcr 6 Personen in Royan","description":"Ferienvermietung am Meer f\u00fcr 6 Personen in Saint Georges de Didonne. Buchen Sie jetzt Ihren Urlaub in der Charente-Maritime!","robots":{"index":"index","follow":"follow","max-snippet":"max-snippet:-1","max-image-preview":"max-image-preview:large","max-video-preview":"max-video-preview:-1"},"canonical":"https:\/\/camping-ledauphin.com\/de\/unterkunft-3\/mobile-unterkunfte\/riff\/","og_locale":"de_DE","og_type":"article","og_title":"Mobil-home pour 6 personnes \u00e0 Royan","og_description":"Location de vacances au bord de mer pour 6 personnes \u00e0 Saint Georges de Didonne. R\u00e9servez vos vacances en Charente-Maritime d\u00e8s maintenant !","og_url":"https:\/\/camping-ledauphin.com\/de\/unterkunft-3\/mobile-unterkunfte\/riff\/","og_site_name":"Camping le Dauphin","article_publisher":"https:\/\/www.facebook.com\/CampingLeDauphinSaintGeorgesDeDidonne\/","article_modified_time":"2026-01-19T13:45:44+00:00","og_image":[{"width":1200,"height":800,"url":"https:\/\/camping-ledauphin.com\/wp-content\/uploads\/2025\/10\/mobil-home-recif-pour-6-personnes-a-royan-1.png","type":"image\/png"}],"twitter_card":"summary_large_image","twitter_misc":{"Gesch\u00e4tzte Lesezeit":"1\u00a0Minute"},"schema":{"@context":"https:\/\/schema.org","@graph":[{"@type":"WebPage","@id":"https:\/\/camping-ledauphin.com\/hebergements\/location-mobil-homes\/recif\/","url":"https:\/\/camping-ledauphin.com\/hebergements\/location-mobil-homes\/recif\/","name":"Mobilheim f\u00fcr 6 Personen in Royan","isPartOf":{"@id":"https:\/\/camping-ledauphin.com\/#website"},"primaryImageOfPage":{"@id":"https:\/\/camping-ledauphin.com\/hebergements\/location-mobil-homes\/recif\/#primaryimage"},"image":{"@id":"https:\/\/camping-ledauphin.com\/hebergements\/location-mobil-homes\/recif\/#primaryimage"},"thumbnailUrl":"https:\/\/camping-ledauphin.com\/wp-content\/uploads\/2025\/10\/mobil-home-recif-pour-6-personnes-a-royan-1.png","datePublished":"2025-10-23T10:10:24+00:00","dateModified":"2026-01-19T13:45:44+00:00","description":"Ferienvermietung am Meer f\u00fcr 6 Personen in Saint Georges de Didonne. Buchen Sie jetzt Ihren Urlaub in der Charente-Maritime!","breadcrumb":{"@id":"https:\/\/camping-ledauphin.com\/hebergements\/location-mobil-homes\/recif\/#breadcrumb"},"inLanguage":"de","potentialAction":[{"@type":"ReadAction","target":["https:\/\/camping-ledauphin.com\/hebergements\/location-mobil-homes\/recif\/"]}]},{"@type":"ImageObject","inLanguage":"de","@id":"https:\/\/camping-ledauphin.com\/hebergements\/location-mobil-homes\/recif\/#primaryimage","url":"https:\/\/camping-ledauphin.com\/wp-content\/uploads\/2025\/10\/mobil-home-recif-pour-6-personnes-a-royan-1.png","contentUrl":"https:\/\/camping-ledauphin.com\/wp-content\/uploads\/2025\/10\/mobil-home-recif-pour-6-personnes-a-royan-1.png","width":1200,"height":800,"caption":"Mobil Home Recif Pour 6 Personnes \u00e0 Royan"},{"@type":"BreadcrumbList","@id":"https:\/\/camping-ledauphin.com\/hebergements\/location-mobil-homes\/recif\/#breadcrumb","itemListElement":[{"@type":"ListItem","position":1,"name":"Home","item":"https:\/\/camping-ledauphin.com\/"},{"@type":"ListItem","position":2,"name":"Tous nos h\u00e9bergements en Charente-Maritime","item":"https:\/\/camping-ledauphin.com\/hebergement\/"},{"@type":"ListItem","position":3,"name":"R\u00e9cif"}]},{"@type":"WebSite","@id":"https:\/\/camping-ledauphin.com\/#website","url":"https:\/\/camping-ledauphin.com\/","name":"Campingplatz Le Dauphin","description":"4-Sterne-Campingplatz - Saint-Georges-de-Didonne","publisher":{"@id":"https:\/\/camping-ledauphin.com\/#organization"},"alternateName":"Camping les Embruns d'Ol\u00e9ron","potentialAction":[{"@type":"SearchAction","target":{"@type":"EntryPoint","urlTemplate":"https:\/\/camping-ledauphin.com\/?s={search_term_string}"},"query-input":{"@type":"PropertyValueSpecification","valueRequired":true,"valueName":"search_term_string"}}],"inLanguage":"de"},{"@type":"Organization","@id":"https:\/\/camping-ledauphin.com\/#organization","name":"Campingplatz Le Dauphin","url":"https:\/\/camping-ledauphin.com\/","logo":{"@type":"ImageObject","inLanguage":"de","@id":"https:\/\/camping-ledauphin.com\/#\/schema\/logo\/image\/","url":"https:\/\/camping-ledauphin.com\/wp-content\/uploads\/2025\/10\/Logo-Camping-Le-Dauphin.svg","contentUrl":"https:\/\/camping-ledauphin.com\/wp-content\/uploads\/2025\/10\/Logo-Camping-Le-Dauphin.svg","width":454,"height":276,"caption":"Camping Le Dauphin"},"image":{"@id":"https:\/\/camping-ledauphin.com\/#\/schema\/logo\/image\/"},"sameAs":["https:\/\/www.facebook.com\/CampingLeDauphinSaintGeorgesDeDidonne\/","https:\/\/www.instagram.com\/campingledauphin\/","https:\/\/www.youtube.com\/@Campaldia"]}]}},"_links":{"self":[{"href":"https:\/\/camping-ledauphin.com\/de\/wp-json\/wp\/v2\/product\/7769","targetHints":{"allow":["GET"]}}],"collection":[{"href":"https:\/\/camping-ledauphin.com\/de\/wp-json\/wp\/v2\/product"}],"about":[{"href":"https:\/\/camping-ledauphin.com\/de\/wp-json\/wp\/v2\/types\/product"}],"wp:featuredmedia":[{"embeddable":true,"href":"https:\/\/camping-ledauphin.com\/de\/wp-json\/wp\/v2\/media\/8446"}],"wp:attachment":[{"href":"https:\/\/camping-ledauphin.com\/de\/wp-json\/wp\/v2\/media?parent=7769"}],"wp:term":[{"taxonomy":"product_brand","embeddable":true,"href":"https:\/\/camping-ledauphin.com\/de\/wp-json\/wp\/v2\/product_brand?post=7769"},{"taxonomy":"product_cat","embeddable":true,"href":"https:\/\/camping-ledauphin.com\/de\/wp-json\/wp\/v2\/product_cat?post=7769"},{"taxonomy":"product_tag","embeddable":true,"href":"https:\/\/camping-ledauphin.com\/de\/wp-json\/wp\/v2\/product_tag?post=7769"}],"curies":[{"name":"wp","href":"https:\/\/api.w.org\/{rel}","templated":true}]}}