{"id":7768,"date":"2025-10-23T12:07:37","date_gmt":"2025-10-23T10:07:37","guid":{"rendered":"https:\/\/camping-ledauphin.com\/?post_type=product&#038;p=7768"},"modified":"2026-01-19T14:41:31","modified_gmt":"2026-01-19T13:41:31","slug":"galion-pmr","status":"publish","type":"product","link":"https:\/\/camping-ledauphin.com\/de\/unterkunft-3\/mobile-unterkunfte\/galion-pmr\/","title":{"rendered":"Galion PMR"},"content":{"rendered":"<p>Das Mobilheim Galion PMR wurde speziell f\u00fcr Personen mit eingeschr\u00e4nkter Mobilit\u00e4t entworfen, um allen einen komfortablen und barrierefreien Urlaub auf dem Campingplatz Le Dauphin zu bieten.<\/p>\n<p>Mit einer gro\u00dfz\u00fcgigen Fl\u00e4che verf\u00fcgt es \u00fcber zwei Schlafzimmer: eines mit einem Doppelbett und eines mit zwei Einzelbetten oder einem Etagenbett, die f\u00fcr bis zu 4 Personen geeignet sind. Das helle Wohnzimmer mit Essbereich und Fernseher ist so konzipiert, dass es praktisch und angenehm ist. Die ausgestattete K\u00fcche (K\u00fchlschrank, Kochplatte, Mikrowelle, Kaffeemaschine und Geschirr) bietet die n\u00f6tige Selbstst\u00e4ndigkeit.<\/p>\n<p>Das Badezimmer ist mit einer Dusche, einem Waschbecken und einem barrierefreien WC ausgestattet, was optimalen Komfort garantiert. Das Mobilheim verf\u00fcgt au\u00dferdem \u00fcber eine umkehrbare Klimaanlage, sodass Sie zu jeder Jahreszeit einen angenehmen Aufenthalt genie\u00dfen k\u00f6nnen.<br \/>\nDrau\u00dfen gibt es eine \u00fcberdachte Terrasse mit Zugangsrampe und Gartenm\u00f6beln, auf der Sie gesellige Momente und Mahlzeiten im Freien in vollen Z\u00fcgen genie\u00dfen k\u00f6nnen.<\/p>\n<p><em>Fotos und Pl\u00e4ne sind nicht vertraglich bindend<\/em><\/p>","protected":false},"excerpt":{"rendered":"<p>Das Mobilheim Galion PMR bietet Platz f\u00fcr bis zu 4 Personen und verf\u00fcgt \u00fcber zwei Schlafzimmer, ein Wohnzimmer mit TV, eine voll ausgestattete K\u00fcche und ein behindertengerechtes Badezimmer. Es ist klimatisiert und verf\u00fcgt \u00fcber eine Terrasse mit Zugangsrampe. Es garantiert einen barrierefreien und komfortablen Aufenthalt in Saint-Georges-de-Didonne.<\/p>\n<p><em>Fotos und Pl\u00e4ne sind nicht vertraglich bindend.<\/em><\/p>","protected":false},"featured_media":7916,"template":"","meta":{"_acf_changed":false,"inline_featured_image":false},"product_brand":[],"product_cat":[409,55],"product_tag":[],"class_list":{"0":"post-7768","1":"product","2":"type-product","3":"status-publish","4":"has-post-thumbnail","6":"product_cat-locations-4-personnes","7":"product_cat-location-mobil-homes","9":"first","10":"instock","11":"shipping-taxable","12":"product-type-simple"},"acf":[],"yoast_head":"<!-- This site is optimized with the Yoast SEO plugin v27.5 - https:\/\/yoast.com\/product\/yoast-seo-wordpress\/ -->\n<title>Mobil-home PMR pour 4 personnes | Camping Le Dauphin<\/title>\n<meta name=\"description\" content=\"R\u00e9servez le mobil-home Galion PMR \u00e0 Saint-Georges-de-Didonne : h\u00e9bergement accessible et climatis\u00e9, id\u00e9al pour les personnes \u00e0 mobilit\u00e9 r\u00e9duite.\" \/>\n<meta name=\"robots\" content=\"index, follow, max-snippet:-1, max-image-preview:large, max-video-preview:-1\" \/>\n<link rel=\"canonical\" href=\"https:\/\/camping-ledauphin.com\/de\/unterkunft-3\/mobile-unterkunfte\/galion-pmr\/\" \/>\n<meta property=\"og:locale\" content=\"de_DE\" \/>\n<meta property=\"og:type\" content=\"article\" \/>\n<meta property=\"og:title\" content=\"Mobil-home PMR pour 4 personnes | Camping Le Dauphin\" \/>\n<meta property=\"og:description\" content=\"R\u00e9servez le mobil-home Galion PMR \u00e0 Saint-Georges-de-Didonne : h\u00e9bergement accessible et climatis\u00e9, id\u00e9al pour les personnes \u00e0 mobilit\u00e9 r\u00e9duite.\" \/>\n<meta property=\"og:url\" content=\"https:\/\/camping-ledauphin.com\/de\/unterkunft-3\/mobile-unterkunfte\/galion-pmr\/\" \/>\n<meta property=\"og:site_name\" content=\"Camping le Dauphin\" \/>\n<meta property=\"article:publisher\" content=\"https:\/\/www.facebook.com\/CampingLeDauphinSaintGeorgesDeDidonne\/\" \/>\n<meta property=\"article:modified_time\" content=\"2026-01-19T13:41:31+00:00\" \/>\n<meta property=\"og:image\" content=\"https:\/\/camping-ledauphin.com\/wp-content\/uploads\/2025\/10\/mobil-home-galion-pour-personnes-a-mobolite-reduite-u-dauphin-pres-de-royan.png\" \/>\n\t<meta property=\"og:image:width\" content=\"1200\" \/>\n\t<meta property=\"og:image:height\" content=\"800\" \/>\n\t<meta property=\"og:image:type\" content=\"image\/png\" \/>\n<meta name=\"twitter:card\" content=\"summary_large_image\" \/>\n<meta name=\"twitter:label1\" content=\"Gesch\u00e4tzte Lesezeit\" \/>\n\t<meta name=\"twitter:data1\" content=\"1\u00a0Minute\" \/>\n<script type=\"application\/ld+json\" class=\"yoast-schema-graph\">{\"@context\":\"https:\\\/\\\/schema.org\",\"@graph\":[{\"@type\":\"WebPage\",\"@id\":\"https:\\\/\\\/camping-ledauphin.com\\\/hebergements\\\/location-mobil-homes\\\/galion-pmr\\\/\",\"url\":\"https:\\\/\\\/camping-ledauphin.com\\\/hebergements\\\/location-mobil-homes\\\/galion-pmr\\\/\",\"name\":\"Mobil-home PMR pour 4 personnes | Camping Le Dauphin\",\"isPartOf\":{\"@id\":\"https:\\\/\\\/camping-ledauphin.com\\\/#website\"},\"primaryImageOfPage\":{\"@id\":\"https:\\\/\\\/camping-ledauphin.com\\\/hebergements\\\/location-mobil-homes\\\/galion-pmr\\\/#primaryimage\"},\"image\":{\"@id\":\"https:\\\/\\\/camping-ledauphin.com\\\/hebergements\\\/location-mobil-homes\\\/galion-pmr\\\/#primaryimage\"},\"thumbnailUrl\":\"https:\\\/\\\/camping-ledauphin.com\\\/wp-content\\\/uploads\\\/2025\\\/10\\\/mobil-home-galion-pour-personnes-a-mobolite-reduite-u-dauphin-pres-de-royan.png\",\"datePublished\":\"2025-10-23T10:07:37+00:00\",\"dateModified\":\"2026-01-19T13:41:31+00:00\",\"description\":\"R\u00e9servez le mobil-home Galion PMR \u00e0 Saint-Georges-de-Didonne : h\u00e9bergement accessible et climatis\u00e9, id\u00e9al pour les personnes \u00e0 mobilit\u00e9 r\u00e9duite.\",\"breadcrumb\":{\"@id\":\"https:\\\/\\\/camping-ledauphin.com\\\/hebergements\\\/location-mobil-homes\\\/galion-pmr\\\/#breadcrumb\"},\"inLanguage\":\"de\",\"potentialAction\":[{\"@type\":\"ReadAction\",\"target\":[\"https:\\\/\\\/camping-ledauphin.com\\\/hebergements\\\/location-mobil-homes\\\/galion-pmr\\\/\"]}]},{\"@type\":\"ImageObject\",\"inLanguage\":\"de\",\"@id\":\"https:\\\/\\\/camping-ledauphin.com\\\/hebergements\\\/location-mobil-homes\\\/galion-pmr\\\/#primaryimage\",\"url\":\"https:\\\/\\\/camping-ledauphin.com\\\/wp-content\\\/uploads\\\/2025\\\/10\\\/mobil-home-galion-pour-personnes-a-mobolite-reduite-u-dauphin-pres-de-royan.png\",\"contentUrl\":\"https:\\\/\\\/camping-ledauphin.com\\\/wp-content\\\/uploads\\\/2025\\\/10\\\/mobil-home-galion-pour-personnes-a-mobolite-reduite-u-dauphin-pres-de-royan.png\",\"width\":1200,\"height\":800,\"caption\":\"Mobil Home Galion Pour Personnes \u00e0 Mobolit\u00e9 R\u00e9duite U Dauphin Pr\u00e8s De Royan\"},{\"@type\":\"BreadcrumbList\",\"@id\":\"https:\\\/\\\/camping-ledauphin.com\\\/hebergements\\\/location-mobil-homes\\\/galion-pmr\\\/#breadcrumb\",\"itemListElement\":[{\"@type\":\"ListItem\",\"position\":1,\"name\":\"Home\",\"item\":\"https:\\\/\\\/camping-ledauphin.com\\\/\"},{\"@type\":\"ListItem\",\"position\":2,\"name\":\"Tous nos h\u00e9bergements en Charente-Maritime\",\"item\":\"https:\\\/\\\/camping-ledauphin.com\\\/hebergement\\\/\"},{\"@type\":\"ListItem\",\"position\":3,\"name\":\"Galion PMR\"}]},{\"@type\":\"WebSite\",\"@id\":\"https:\\\/\\\/camping-ledauphin.com\\\/#website\",\"url\":\"https:\\\/\\\/camping-ledauphin.com\\\/\",\"name\":\"Camping Le Dauphin\",\"description\":\"Camping 4 \u00e9toiles - Saint-Georges-de-Didonne\",\"publisher\":{\"@id\":\"https:\\\/\\\/camping-ledauphin.com\\\/#organization\"},\"alternateName\":\"Camping les Embruns d'Ol\u00e9ron\",\"potentialAction\":[{\"@type\":\"SearchAction\",\"target\":{\"@type\":\"EntryPoint\",\"urlTemplate\":\"https:\\\/\\\/camping-ledauphin.com\\\/?s={search_term_string}\"},\"query-input\":{\"@type\":\"PropertyValueSpecification\",\"valueRequired\":true,\"valueName\":\"search_term_string\"}}],\"inLanguage\":\"de\"},{\"@type\":\"Organization\",\"@id\":\"https:\\\/\\\/camping-ledauphin.com\\\/#organization\",\"name\":\"Camping Le Dauphin\",\"url\":\"https:\\\/\\\/camping-ledauphin.com\\\/\",\"logo\":{\"@type\":\"ImageObject\",\"inLanguage\":\"de\",\"@id\":\"https:\\\/\\\/camping-ledauphin.com\\\/#\\\/schema\\\/logo\\\/image\\\/\",\"url\":\"https:\\\/\\\/camping-ledauphin.com\\\/wp-content\\\/uploads\\\/2025\\\/10\\\/Logo-Camping-Le-Dauphin.svg\",\"contentUrl\":\"https:\\\/\\\/camping-ledauphin.com\\\/wp-content\\\/uploads\\\/2025\\\/10\\\/Logo-Camping-Le-Dauphin.svg\",\"width\":454,\"height\":276,\"caption\":\"Camping Le Dauphin\"},\"image\":{\"@id\":\"https:\\\/\\\/camping-ledauphin.com\\\/#\\\/schema\\\/logo\\\/image\\\/\"},\"sameAs\":[\"https:\\\/\\\/www.facebook.com\\\/CampingLeDauphinSaintGeorgesDeDidonne\\\/\",\"https:\\\/\\\/www.instagram.com\\\/campingledauphin\\\/\",\"https:\\\/\\\/www.youtube.com\\\/@Campaldia\"]}]}<\/script>\n<!-- \/ Yoast SEO plugin. -->","yoast_head_json":{"title":"Mobilheim PMR f\u00fcr 4 Personen | Camping Le Dauphin","description":"Buchen Sie das Mobilheim Galion PMR in Saint-Georges-de-Didonne: eine barrierefreie und klimatisierte Unterkunft, ideal f\u00fcr Menschen mit eingeschr\u00e4nkter Mobilit\u00e4t.","robots":{"index":"index","follow":"follow","max-snippet":"max-snippet:-1","max-image-preview":"max-image-preview:large","max-video-preview":"max-video-preview:-1"},"canonical":"https:\/\/camping-ledauphin.com\/de\/unterkunft-3\/mobile-unterkunfte\/galion-pmr\/","og_locale":"de_DE","og_type":"article","og_title":"Mobil-home PMR pour 4 personnes | Camping Le Dauphin","og_description":"R\u00e9servez le mobil-home Galion PMR \u00e0 Saint-Georges-de-Didonne : h\u00e9bergement accessible et climatis\u00e9, id\u00e9al pour les personnes \u00e0 mobilit\u00e9 r\u00e9duite.","og_url":"https:\/\/camping-ledauphin.com\/de\/unterkunft-3\/mobile-unterkunfte\/galion-pmr\/","og_site_name":"Camping le Dauphin","article_publisher":"https:\/\/www.facebook.com\/CampingLeDauphinSaintGeorgesDeDidonne\/","article_modified_time":"2026-01-19T13:41:31+00:00","og_image":[{"width":1200,"height":800,"url":"https:\/\/camping-ledauphin.com\/wp-content\/uploads\/2025\/10\/mobil-home-galion-pour-personnes-a-mobolite-reduite-u-dauphin-pres-de-royan.png","type":"image\/png"}],"twitter_card":"summary_large_image","twitter_misc":{"Gesch\u00e4tzte Lesezeit":"1\u00a0Minute"},"schema":{"@context":"https:\/\/schema.org","@graph":[{"@type":"WebPage","@id":"https:\/\/camping-ledauphin.com\/hebergements\/location-mobil-homes\/galion-pmr\/","url":"https:\/\/camping-ledauphin.com\/hebergements\/location-mobil-homes\/galion-pmr\/","name":"Mobilheim PMR f\u00fcr 4 Personen | Camping Le Dauphin","isPartOf":{"@id":"https:\/\/camping-ledauphin.com\/#website"},"primaryImageOfPage":{"@id":"https:\/\/camping-ledauphin.com\/hebergements\/location-mobil-homes\/galion-pmr\/#primaryimage"},"image":{"@id":"https:\/\/camping-ledauphin.com\/hebergements\/location-mobil-homes\/galion-pmr\/#primaryimage"},"thumbnailUrl":"https:\/\/camping-ledauphin.com\/wp-content\/uploads\/2025\/10\/mobil-home-galion-pour-personnes-a-mobolite-reduite-u-dauphin-pres-de-royan.png","datePublished":"2025-10-23T10:07:37+00:00","dateModified":"2026-01-19T13:41:31+00:00","description":"Buchen Sie das Mobilheim Galion PMR in Saint-Georges-de-Didonne: eine barrierefreie und klimatisierte Unterkunft, ideal f\u00fcr Menschen mit eingeschr\u00e4nkter Mobilit\u00e4t.","breadcrumb":{"@id":"https:\/\/camping-ledauphin.com\/hebergements\/location-mobil-homes\/galion-pmr\/#breadcrumb"},"inLanguage":"de","potentialAction":[{"@type":"ReadAction","target":["https:\/\/camping-ledauphin.com\/hebergements\/location-mobil-homes\/galion-pmr\/"]}]},{"@type":"ImageObject","inLanguage":"de","@id":"https:\/\/camping-ledauphin.com\/hebergements\/location-mobil-homes\/galion-pmr\/#primaryimage","url":"https:\/\/camping-ledauphin.com\/wp-content\/uploads\/2025\/10\/mobil-home-galion-pour-personnes-a-mobolite-reduite-u-dauphin-pres-de-royan.png","contentUrl":"https:\/\/camping-ledauphin.com\/wp-content\/uploads\/2025\/10\/mobil-home-galion-pour-personnes-a-mobolite-reduite-u-dauphin-pres-de-royan.png","width":1200,"height":800,"caption":"Mobil Home Galion Pour Personnes \u00e0 Mobolit\u00e9 R\u00e9duite U Dauphin Pr\u00e8s De Royan"},{"@type":"BreadcrumbList","@id":"https:\/\/camping-ledauphin.com\/hebergements\/location-mobil-homes\/galion-pmr\/#breadcrumb","itemListElement":[{"@type":"ListItem","position":1,"name":"Home","item":"https:\/\/camping-ledauphin.com\/"},{"@type":"ListItem","position":2,"name":"Tous nos h\u00e9bergements en Charente-Maritime","item":"https:\/\/camping-ledauphin.com\/hebergement\/"},{"@type":"ListItem","position":3,"name":"Galion PMR"}]},{"@type":"WebSite","@id":"https:\/\/camping-ledauphin.com\/#website","url":"https:\/\/camping-ledauphin.com\/","name":"Campingplatz Le Dauphin","description":"4-Sterne-Campingplatz - Saint-Georges-de-Didonne","publisher":{"@id":"https:\/\/camping-ledauphin.com\/#organization"},"alternateName":"Camping les Embruns d'Ol\u00e9ron","potentialAction":[{"@type":"SearchAction","target":{"@type":"EntryPoint","urlTemplate":"https:\/\/camping-ledauphin.com\/?s={search_term_string}"},"query-input":{"@type":"PropertyValueSpecification","valueRequired":true,"valueName":"search_term_string"}}],"inLanguage":"de"},{"@type":"Organization","@id":"https:\/\/camping-ledauphin.com\/#organization","name":"Campingplatz Le Dauphin","url":"https:\/\/camping-ledauphin.com\/","logo":{"@type":"ImageObject","inLanguage":"de","@id":"https:\/\/camping-ledauphin.com\/#\/schema\/logo\/image\/","url":"https:\/\/camping-ledauphin.com\/wp-content\/uploads\/2025\/10\/Logo-Camping-Le-Dauphin.svg","contentUrl":"https:\/\/camping-ledauphin.com\/wp-content\/uploads\/2025\/10\/Logo-Camping-Le-Dauphin.svg","width":454,"height":276,"caption":"Camping Le Dauphin"},"image":{"@id":"https:\/\/camping-ledauphin.com\/#\/schema\/logo\/image\/"},"sameAs":["https:\/\/www.facebook.com\/CampingLeDauphinSaintGeorgesDeDidonne\/","https:\/\/www.instagram.com\/campingledauphin\/","https:\/\/www.youtube.com\/@Campaldia"]}]}},"_links":{"self":[{"href":"https:\/\/camping-ledauphin.com\/de\/wp-json\/wp\/v2\/product\/7768","targetHints":{"allow":["GET"]}}],"collection":[{"href":"https:\/\/camping-ledauphin.com\/de\/wp-json\/wp\/v2\/product"}],"about":[{"href":"https:\/\/camping-ledauphin.com\/de\/wp-json\/wp\/v2\/types\/product"}],"wp:featuredmedia":[{"embeddable":true,"href":"https:\/\/camping-ledauphin.com\/de\/wp-json\/wp\/v2\/media\/7916"}],"wp:attachment":[{"href":"https:\/\/camping-ledauphin.com\/de\/wp-json\/wp\/v2\/media?parent=7768"}],"wp:term":[{"taxonomy":"product_brand","embeddable":true,"href":"https:\/\/camping-ledauphin.com\/de\/wp-json\/wp\/v2\/product_brand?post=7768"},{"taxonomy":"product_cat","embeddable":true,"href":"https:\/\/camping-ledauphin.com\/de\/wp-json\/wp\/v2\/product_cat?post=7768"},{"taxonomy":"product_tag","embeddable":true,"href":"https:\/\/camping-ledauphin.com\/de\/wp-json\/wp\/v2\/product_tag?post=7768"}],"curies":[{"name":"wp","href":"https:\/\/api.w.org\/{rel}","templated":true}]}}