{"id":7764,"date":"2025-10-23T11:34:20","date_gmt":"2025-10-23T09:34:20","guid":{"rendered":"https:\/\/camping-ledauphin.com\/?post_type=product&#038;p=7764"},"modified":"2026-01-19T14:45:11","modified_gmt":"2026-01-19T13:45:11","slug":"opal","status":"publish","type":"product","link":"https:\/\/camping-ledauphin.com\/de\/unterkunft-3\/mobile-unterkunfte\/opal\/","title":{"rendered":"Opal"},"content":{"rendered":"<p>Das ger\u00e4umige und moderne Mobilheim Premium Opale ist ideal f\u00fcr einen Urlaub mit allem Komfort mit der Familie oder Freunden in Saint-Georges-de-Didonne. Es verf\u00fcgt \u00fcber zwei Schlafzimmer: eines mit einem Doppelbett 160\u00d7200 cm und eines mit zwei Einzelbetten, die perfekt f\u00fcr 4 Personen geeignet sind.<\/p>\n<p>Sein geselliges Wohnzimmer mit Essbereich und Fernseher wird durch eine voll ausgestattete K\u00fcche mit K\u00fchlschrank, Kochplatte, Mikrowelle, Kaffeemaschine, Geschirr und Geschirrsp\u00fcler f\u00fcr mehr Zweckm\u00e4\u00dfigkeit erg\u00e4nzt.<\/p>\n<p>Was den Komfort betrifft, so profitieren Sie von zwei Badezimmern, Waschbecken, F\u00f6hn und WC sowie einer umkehrbaren Klimaanlage f\u00fcr einen angenehmen Aufenthalt zu jeder Jahreszeit.<\/p>\n<p>Im Au\u00dfenbereich l\u00e4dt eine \u00fcberdachte Terrasse mit Gartenm\u00f6beln und Plancha dazu ein, Ihre Mahlzeiten im Freien zu genie\u00dfen und sich in der geselligen Atmosph\u00e4re des Campingplatzes Le Dauphin zu entspannen.<\/p>\n<p><em>Fotos und Pl\u00e4ne sind nicht vertraglich bindend<\/em><\/p>","protected":false},"excerpt":{"rendered":"<p>Das Mobilheim Premium Opale vereint mit seinen 32m\u00b2 Komfort und Modernit\u00e4t: 2 Schlafzimmer, 2 Badezimmer, ausgestattete K\u00fcche mit Geschirrsp\u00fcler, TV, umkehrbare Klimaanlage und \u00fcberdachte Terrasse mit Plancha. Ideal f\u00fcr einen Familienurlaub in Saint-Georges-de-Didonne, in der N\u00e4he von Royan.<\/p>\n<p><em>Fotos und Pl\u00e4ne sind nicht vertraglich bindend.<\/em><\/p>","protected":false},"featured_media":7891,"template":"","meta":{"_acf_changed":false,"inline_featured_image":false},"product_brand":[],"product_cat":[409,55],"product_tag":[],"class_list":{"0":"post-7764","1":"product","2":"type-product","3":"status-publish","4":"has-post-thumbnail","6":"product_cat-locations-4-personnes","7":"product_cat-location-mobil-homes","9":"first","10":"instock","11":"shipping-taxable","12":"product-type-simple"},"acf":[],"yoast_head":"<!-- This site is optimized with the Yoast SEO plugin v27.5 - https:\/\/yoast.com\/product\/yoast-seo-wordpress\/ -->\n<title>Mobil-home Opale | Le Dauphin Saint-Georges-de-Didonne<\/title>\n<meta name=\"description\" content=\"R\u00e9servez un mobil home \u00e0 Saint-Georges-de-Didonne, pour 4 personnes en bord de mer pr\u00e8s de Royan avec lave-vaisselle, climatisation et terrasse couverte.\" \/>\n<meta name=\"robots\" content=\"index, follow, max-snippet:-1, max-image-preview:large, max-video-preview:-1\" \/>\n<link rel=\"canonical\" href=\"https:\/\/camping-ledauphin.com\/de\/unterkunft-3\/mobile-unterkunfte\/opal\/\" \/>\n<meta property=\"og:locale\" content=\"de_DE\" \/>\n<meta property=\"og:type\" content=\"article\" \/>\n<meta property=\"og:title\" content=\"Mobil-home Opale | Le Dauphin Saint-Georges-de-Didonne\" \/>\n<meta property=\"og:description\" content=\"R\u00e9servez un mobil home \u00e0 Saint-Georges-de-Didonne, pour 4 personnes en bord de mer pr\u00e8s de Royan avec lave-vaisselle, climatisation et terrasse couverte.\" \/>\n<meta property=\"og:url\" content=\"https:\/\/camping-ledauphin.com\/de\/unterkunft-3\/mobile-unterkunfte\/opal\/\" \/>\n<meta property=\"og:site_name\" content=\"Camping le Dauphin\" \/>\n<meta property=\"article:publisher\" content=\"https:\/\/www.facebook.com\/CampingLeDauphinSaintGeorgesDeDidonne\/\" \/>\n<meta property=\"article:modified_time\" content=\"2026-01-19T13:45:11+00:00\" \/>\n<meta property=\"og:image\" content=\"https:\/\/camping-ledauphin.com\/wp-content\/uploads\/2025\/10\/mobil-home-opale-pour-4-personnes-a-Royan.png\" \/>\n\t<meta property=\"og:image:width\" content=\"1200\" \/>\n\t<meta property=\"og:image:height\" content=\"800\" \/>\n\t<meta property=\"og:image:type\" content=\"image\/png\" \/>\n<meta name=\"twitter:card\" content=\"summary_large_image\" \/>\n<meta name=\"twitter:label1\" content=\"Gesch\u00e4tzte Lesezeit\" \/>\n\t<meta name=\"twitter:data1\" content=\"1\u00a0Minute\" \/>\n<script type=\"application\/ld+json\" class=\"yoast-schema-graph\">{\"@context\":\"https:\\\/\\\/schema.org\",\"@graph\":[{\"@type\":\"WebPage\",\"@id\":\"https:\\\/\\\/camping-ledauphin.com\\\/hebergements\\\/location-mobil-homes\\\/opale\\\/\",\"url\":\"https:\\\/\\\/camping-ledauphin.com\\\/hebergements\\\/location-mobil-homes\\\/opale\\\/\",\"name\":\"Mobil-home Opale | Le Dauphin Saint-Georges-de-Didonne\",\"isPartOf\":{\"@id\":\"https:\\\/\\\/camping-ledauphin.com\\\/#website\"},\"primaryImageOfPage\":{\"@id\":\"https:\\\/\\\/camping-ledauphin.com\\\/hebergements\\\/location-mobil-homes\\\/opale\\\/#primaryimage\"},\"image\":{\"@id\":\"https:\\\/\\\/camping-ledauphin.com\\\/hebergements\\\/location-mobil-homes\\\/opale\\\/#primaryimage\"},\"thumbnailUrl\":\"https:\\\/\\\/camping-ledauphin.com\\\/wp-content\\\/uploads\\\/2025\\\/10\\\/mobil-home-opale-pour-4-personnes-a-Royan.png\",\"datePublished\":\"2025-10-23T09:34:20+00:00\",\"dateModified\":\"2026-01-19T13:45:11+00:00\",\"description\":\"R\u00e9servez un mobil home \u00e0 Saint-Georges-de-Didonne, pour 4 personnes en bord de mer pr\u00e8s de Royan avec lave-vaisselle, climatisation et terrasse couverte.\",\"breadcrumb\":{\"@id\":\"https:\\\/\\\/camping-ledauphin.com\\\/hebergements\\\/location-mobil-homes\\\/opale\\\/#breadcrumb\"},\"inLanguage\":\"de\",\"potentialAction\":[{\"@type\":\"ReadAction\",\"target\":[\"https:\\\/\\\/camping-ledauphin.com\\\/hebergements\\\/location-mobil-homes\\\/opale\\\/\"]}]},{\"@type\":\"ImageObject\",\"inLanguage\":\"de\",\"@id\":\"https:\\\/\\\/camping-ledauphin.com\\\/hebergements\\\/location-mobil-homes\\\/opale\\\/#primaryimage\",\"url\":\"https:\\\/\\\/camping-ledauphin.com\\\/wp-content\\\/uploads\\\/2025\\\/10\\\/mobil-home-opale-pour-4-personnes-a-Royan.png\",\"contentUrl\":\"https:\\\/\\\/camping-ledauphin.com\\\/wp-content\\\/uploads\\\/2025\\\/10\\\/mobil-home-opale-pour-4-personnes-a-Royan.png\",\"width\":1200,\"height\":800,\"caption\":\"Mobil Home Opale Pour 4 Personnes \u00e0 Royan\"},{\"@type\":\"BreadcrumbList\",\"@id\":\"https:\\\/\\\/camping-ledauphin.com\\\/hebergements\\\/location-mobil-homes\\\/opale\\\/#breadcrumb\",\"itemListElement\":[{\"@type\":\"ListItem\",\"position\":1,\"name\":\"Home\",\"item\":\"https:\\\/\\\/camping-ledauphin.com\\\/\"},{\"@type\":\"ListItem\",\"position\":2,\"name\":\"Tous nos h\u00e9bergements en Charente-Maritime\",\"item\":\"https:\\\/\\\/camping-ledauphin.com\\\/hebergement\\\/\"},{\"@type\":\"ListItem\",\"position\":3,\"name\":\"Opale\"}]},{\"@type\":\"WebSite\",\"@id\":\"https:\\\/\\\/camping-ledauphin.com\\\/#website\",\"url\":\"https:\\\/\\\/camping-ledauphin.com\\\/\",\"name\":\"Camping Le Dauphin\",\"description\":\"Camping 4 \u00e9toiles - Saint-Georges-de-Didonne\",\"publisher\":{\"@id\":\"https:\\\/\\\/camping-ledauphin.com\\\/#organization\"},\"alternateName\":\"Camping les Embruns d'Ol\u00e9ron\",\"potentialAction\":[{\"@type\":\"SearchAction\",\"target\":{\"@type\":\"EntryPoint\",\"urlTemplate\":\"https:\\\/\\\/camping-ledauphin.com\\\/?s={search_term_string}\"},\"query-input\":{\"@type\":\"PropertyValueSpecification\",\"valueRequired\":true,\"valueName\":\"search_term_string\"}}],\"inLanguage\":\"de\"},{\"@type\":\"Organization\",\"@id\":\"https:\\\/\\\/camping-ledauphin.com\\\/#organization\",\"name\":\"Camping Le Dauphin\",\"url\":\"https:\\\/\\\/camping-ledauphin.com\\\/\",\"logo\":{\"@type\":\"ImageObject\",\"inLanguage\":\"de\",\"@id\":\"https:\\\/\\\/camping-ledauphin.com\\\/#\\\/schema\\\/logo\\\/image\\\/\",\"url\":\"https:\\\/\\\/camping-ledauphin.com\\\/wp-content\\\/uploads\\\/2025\\\/10\\\/Logo-Camping-Le-Dauphin.svg\",\"contentUrl\":\"https:\\\/\\\/camping-ledauphin.com\\\/wp-content\\\/uploads\\\/2025\\\/10\\\/Logo-Camping-Le-Dauphin.svg\",\"width\":454,\"height\":276,\"caption\":\"Camping Le Dauphin\"},\"image\":{\"@id\":\"https:\\\/\\\/camping-ledauphin.com\\\/#\\\/schema\\\/logo\\\/image\\\/\"},\"sameAs\":[\"https:\\\/\\\/www.facebook.com\\\/CampingLeDauphinSaintGeorgesDeDidonne\\\/\",\"https:\\\/\\\/www.instagram.com\\\/campingledauphin\\\/\",\"https:\\\/\\\/www.youtube.com\\\/@Campaldia\"]}]}<\/script>\n<!-- \/ Yoast SEO plugin. -->","yoast_head_json":{"title":"Mobilheim Opale | Le Dauphin Saint-Georges-de-Didonne","description":"Buchen Sie ein Mobilheim in Saint-Georges-de-Didonne, f\u00fcr 4 Personen am Meer in der N\u00e4he von Royan mit Geschirrsp\u00fcler, Klimaanlage und \u00fcberdachter Terrasse.","robots":{"index":"index","follow":"follow","max-snippet":"max-snippet:-1","max-image-preview":"max-image-preview:large","max-video-preview":"max-video-preview:-1"},"canonical":"https:\/\/camping-ledauphin.com\/de\/unterkunft-3\/mobile-unterkunfte\/opal\/","og_locale":"de_DE","og_type":"article","og_title":"Mobil-home Opale | Le Dauphin Saint-Georges-de-Didonne","og_description":"R\u00e9servez un mobil home \u00e0 Saint-Georges-de-Didonne, pour 4 personnes en bord de mer pr\u00e8s de Royan avec lave-vaisselle, climatisation et terrasse couverte.","og_url":"https:\/\/camping-ledauphin.com\/de\/unterkunft-3\/mobile-unterkunfte\/opal\/","og_site_name":"Camping le Dauphin","article_publisher":"https:\/\/www.facebook.com\/CampingLeDauphinSaintGeorgesDeDidonne\/","article_modified_time":"2026-01-19T13:45:11+00:00","og_image":[{"width":1200,"height":800,"url":"https:\/\/camping-ledauphin.com\/wp-content\/uploads\/2025\/10\/mobil-home-opale-pour-4-personnes-a-Royan.png","type":"image\/png"}],"twitter_card":"summary_large_image","twitter_misc":{"Gesch\u00e4tzte Lesezeit":"1\u00a0Minute"},"schema":{"@context":"https:\/\/schema.org","@graph":[{"@type":"WebPage","@id":"https:\/\/camping-ledauphin.com\/hebergements\/location-mobil-homes\/opale\/","url":"https:\/\/camping-ledauphin.com\/hebergements\/location-mobil-homes\/opale\/","name":"Mobilheim Opale | Le Dauphin Saint-Georges-de-Didonne","isPartOf":{"@id":"https:\/\/camping-ledauphin.com\/#website"},"primaryImageOfPage":{"@id":"https:\/\/camping-ledauphin.com\/hebergements\/location-mobil-homes\/opale\/#primaryimage"},"image":{"@id":"https:\/\/camping-ledauphin.com\/hebergements\/location-mobil-homes\/opale\/#primaryimage"},"thumbnailUrl":"https:\/\/camping-ledauphin.com\/wp-content\/uploads\/2025\/10\/mobil-home-opale-pour-4-personnes-a-Royan.png","datePublished":"2025-10-23T09:34:20+00:00","dateModified":"2026-01-19T13:45:11+00:00","description":"Buchen Sie ein Mobilheim in Saint-Georges-de-Didonne, f\u00fcr 4 Personen am Meer in der N\u00e4he von Royan mit Geschirrsp\u00fcler, Klimaanlage und \u00fcberdachter Terrasse.","breadcrumb":{"@id":"https:\/\/camping-ledauphin.com\/hebergements\/location-mobil-homes\/opale\/#breadcrumb"},"inLanguage":"de","potentialAction":[{"@type":"ReadAction","target":["https:\/\/camping-ledauphin.com\/hebergements\/location-mobil-homes\/opale\/"]}]},{"@type":"ImageObject","inLanguage":"de","@id":"https:\/\/camping-ledauphin.com\/hebergements\/location-mobil-homes\/opale\/#primaryimage","url":"https:\/\/camping-ledauphin.com\/wp-content\/uploads\/2025\/10\/mobil-home-opale-pour-4-personnes-a-Royan.png","contentUrl":"https:\/\/camping-ledauphin.com\/wp-content\/uploads\/2025\/10\/mobil-home-opale-pour-4-personnes-a-Royan.png","width":1200,"height":800,"caption":"Mobil Home Opale Pour 4 Personnes \u00e0 Royan"},{"@type":"BreadcrumbList","@id":"https:\/\/camping-ledauphin.com\/hebergements\/location-mobil-homes\/opale\/#breadcrumb","itemListElement":[{"@type":"ListItem","position":1,"name":"Home","item":"https:\/\/camping-ledauphin.com\/"},{"@type":"ListItem","position":2,"name":"Tous nos h\u00e9bergements en Charente-Maritime","item":"https:\/\/camping-ledauphin.com\/hebergement\/"},{"@type":"ListItem","position":3,"name":"Opale"}]},{"@type":"WebSite","@id":"https:\/\/camping-ledauphin.com\/#website","url":"https:\/\/camping-ledauphin.com\/","name":"Campingplatz Le Dauphin","description":"4-Sterne-Campingplatz - Saint-Georges-de-Didonne","publisher":{"@id":"https:\/\/camping-ledauphin.com\/#organization"},"alternateName":"Camping les Embruns d'Ol\u00e9ron","potentialAction":[{"@type":"SearchAction","target":{"@type":"EntryPoint","urlTemplate":"https:\/\/camping-ledauphin.com\/?s={search_term_string}"},"query-input":{"@type":"PropertyValueSpecification","valueRequired":true,"valueName":"search_term_string"}}],"inLanguage":"de"},{"@type":"Organization","@id":"https:\/\/camping-ledauphin.com\/#organization","name":"Campingplatz Le Dauphin","url":"https:\/\/camping-ledauphin.com\/","logo":{"@type":"ImageObject","inLanguage":"de","@id":"https:\/\/camping-ledauphin.com\/#\/schema\/logo\/image\/","url":"https:\/\/camping-ledauphin.com\/wp-content\/uploads\/2025\/10\/Logo-Camping-Le-Dauphin.svg","contentUrl":"https:\/\/camping-ledauphin.com\/wp-content\/uploads\/2025\/10\/Logo-Camping-Le-Dauphin.svg","width":454,"height":276,"caption":"Camping Le Dauphin"},"image":{"@id":"https:\/\/camping-ledauphin.com\/#\/schema\/logo\/image\/"},"sameAs":["https:\/\/www.facebook.com\/CampingLeDauphinSaintGeorgesDeDidonne\/","https:\/\/www.instagram.com\/campingledauphin\/","https:\/\/www.youtube.com\/@Campaldia"]}]}},"_links":{"self":[{"href":"https:\/\/camping-ledauphin.com\/de\/wp-json\/wp\/v2\/product\/7764","targetHints":{"allow":["GET"]}}],"collection":[{"href":"https:\/\/camping-ledauphin.com\/de\/wp-json\/wp\/v2\/product"}],"about":[{"href":"https:\/\/camping-ledauphin.com\/de\/wp-json\/wp\/v2\/types\/product"}],"wp:featuredmedia":[{"embeddable":true,"href":"https:\/\/camping-ledauphin.com\/de\/wp-json\/wp\/v2\/media\/7891"}],"wp:attachment":[{"href":"https:\/\/camping-ledauphin.com\/de\/wp-json\/wp\/v2\/media?parent=7764"}],"wp:term":[{"taxonomy":"product_brand","embeddable":true,"href":"https:\/\/camping-ledauphin.com\/de\/wp-json\/wp\/v2\/product_brand?post=7764"},{"taxonomy":"product_cat","embeddable":true,"href":"https:\/\/camping-ledauphin.com\/de\/wp-json\/wp\/v2\/product_cat?post=7764"},{"taxonomy":"product_tag","embeddable":true,"href":"https:\/\/camping-ledauphin.com\/de\/wp-json\/wp\/v2\/product_tag?post=7764"}],"curies":[{"name":"wp","href":"https:\/\/api.w.org\/{rel}","templated":true}]}}