{"id":7759,"date":"2025-10-23T11:17:32","date_gmt":"2025-10-23T09:17:32","guid":{"rendered":"https:\/\/camping-ledauphin.com\/?post_type=product&#038;p=7759"},"modified":"2026-02-02T13:53:32","modified_gmt":"2026-02-02T12:53:32","slug":"odyssee-1","status":"publish","type":"product","link":"https:\/\/camping-ledauphin.com\/de\/unterkunft-3\/mobile-unterkunfte\/odyssee-1\/","title":{"rendered":"Odyssee"},"content":{"rendered":"<p>Das Mobilheim Odyss\u00e9e (Jahrgangsmodell) ist eine praktische und gesellige Unterkunft, die sich ideal f\u00fcr einen Aufenthalt mit der Familie oder mit Freunden eignet. Es verf\u00fcgt \u00fcber zwei Schlafzimmer: eines mit einem Doppelbett und eines mit zwei Einzelbetten, sowie ein helles Wohnzimmer mit Essbereich und Fernseher.<\/p>\n<p>In der ausgestatteten K\u00fcche (K\u00fchlschrank, Kochplatte, Mikrowelle, Kaffeemaschine und Geschirr) k\u00f6nnen Sie Ihre Mahlzeiten selbstst\u00e4ndig zubereiten. In puncto Komfort profitieren Sie von einem Badezimmer mit Dusche und Waschbecken, einem separaten WC und einer \u00fcberdachten Terrasse mit Gartenm\u00f6beln, auf der Sie Ihre Mahlzeiten im Freien genie\u00dfen k\u00f6nnen.<\/p>\n<p><em>Fotos und Pl\u00e4ne sind nicht vertraglich bindend<\/em><\/p>","protected":false},"excerpt":{"rendered":"<p>Das Mobilheim Odyss\u00e9e (Jahrgangsmodell) bietet mit seinen zwei Schlafzimmern, dem Wohnzimmer mit TV, der ausgestatteten K\u00fcche und der \u00fcberdachten Terrasse Platz f\u00fcr bis zu 4 Personen. Eine einfache und praktische Unterkunft f\u00fcr einen Familienurlaub in Saint-Georges-de-Didonne, in der N\u00e4he von Royan.<\/p>\n<p>&nbsp;<\/p>\n<p><em>Fotos und Pl\u00e4ne sind nicht vertraglich bindend<\/em><\/p>","protected":false},"featured_media":7852,"template":"","meta":{"_acf_changed":false,"inline_featured_image":false},"product_brand":[],"product_cat":[409,55],"product_tag":[],"class_list":{"0":"post-7759","1":"product","2":"type-product","3":"status-publish","4":"has-post-thumbnail","6":"product_cat-locations-4-personnes","7":"product_cat-location-mobil-homes","9":"first","10":"instock","11":"shipping-taxable","12":"product-type-simple"},"acf":[],"yoast_head":"<!-- This site is optimized with the Yoast SEO plugin v27.5 - https:\/\/yoast.com\/product\/yoast-seo-wordpress\/ -->\n<title>Mobil-home Odyss\u00e9e 4 personnes Saint-Georges-de-Didonne<\/title>\n<meta name=\"description\" content=\"R\u00e9servez le mobil-home Odyss\u00e9e avec 2 chambres au Camping Le Dauphin \u00e0 Saint-Georges-de-Didonne, pr\u00e8s de Royan en Charente-Maritime\" \/>\n<meta name=\"robots\" content=\"index, follow, max-snippet:-1, max-image-preview:large, max-video-preview:-1\" \/>\n<link rel=\"canonical\" href=\"https:\/\/camping-ledauphin.com\/de\/unterkunft-3\/mobile-unterkunfte\/odyssee-1\/\" \/>\n<meta property=\"og:locale\" content=\"de_DE\" \/>\n<meta property=\"og:type\" content=\"article\" \/>\n<meta property=\"og:title\" content=\"Mobil-home Odyss\u00e9e 4 personnes Saint-Georges-de-Didonne\" \/>\n<meta property=\"og:description\" content=\"R\u00e9servez le mobil-home Odyss\u00e9e avec 2 chambres au Camping Le Dauphin \u00e0 Saint-Georges-de-Didonne, pr\u00e8s de Royan en Charente-Maritime\" \/>\n<meta property=\"og:url\" content=\"https:\/\/camping-ledauphin.com\/de\/unterkunft-3\/mobile-unterkunfte\/odyssee-1\/\" \/>\n<meta property=\"og:site_name\" content=\"Camping le Dauphin\" \/>\n<meta property=\"article:publisher\" content=\"https:\/\/www.facebook.com\/CampingLeDauphinSaintGeorgesDeDidonne\/\" \/>\n<meta property=\"article:modified_time\" content=\"2026-02-02T12:53:32+00:00\" \/>\n<meta property=\"og:image\" content=\"https:\/\/camping-ledauphin.com\/wp-content\/uploads\/2025\/10\/mobil-home-Odysee-pour-4-personnes-a-saint-georges-de-didonne.png\" \/>\n\t<meta property=\"og:image:width\" content=\"1200\" \/>\n\t<meta property=\"og:image:height\" content=\"800\" \/>\n\t<meta property=\"og:image:type\" content=\"image\/png\" \/>\n<meta name=\"twitter:card\" content=\"summary_large_image\" \/>\n<meta name=\"twitter:label1\" content=\"Gesch\u00e4tzte Lesezeit\" \/>\n\t<meta name=\"twitter:data1\" content=\"1\u00a0Minute\" \/>\n<script type=\"application\/ld+json\" class=\"yoast-schema-graph\">{\"@context\":\"https:\\\/\\\/schema.org\",\"@graph\":[{\"@type\":\"WebPage\",\"@id\":\"https:\\\/\\\/camping-ledauphin.com\\\/hebergements\\\/location-mobil-homes\\\/odyssee-1\\\/\",\"url\":\"https:\\\/\\\/camping-ledauphin.com\\\/hebergements\\\/location-mobil-homes\\\/odyssee-1\\\/\",\"name\":\"Mobil-home Odyss\u00e9e 4 personnes Saint-Georges-de-Didonne\",\"isPartOf\":{\"@id\":\"https:\\\/\\\/camping-ledauphin.com\\\/#website\"},\"primaryImageOfPage\":{\"@id\":\"https:\\\/\\\/camping-ledauphin.com\\\/hebergements\\\/location-mobil-homes\\\/odyssee-1\\\/#primaryimage\"},\"image\":{\"@id\":\"https:\\\/\\\/camping-ledauphin.com\\\/hebergements\\\/location-mobil-homes\\\/odyssee-1\\\/#primaryimage\"},\"thumbnailUrl\":\"https:\\\/\\\/camping-ledauphin.com\\\/wp-content\\\/uploads\\\/2025\\\/10\\\/mobil-home-Odysee-pour-4-personnes-a-saint-georges-de-didonne.png\",\"datePublished\":\"2025-10-23T09:17:32+00:00\",\"dateModified\":\"2026-02-02T12:53:32+00:00\",\"description\":\"R\u00e9servez le mobil-home Odyss\u00e9e avec 2 chambres au Camping Le Dauphin \u00e0 Saint-Georges-de-Didonne, pr\u00e8s de Royan en Charente-Maritime\",\"breadcrumb\":{\"@id\":\"https:\\\/\\\/camping-ledauphin.com\\\/hebergements\\\/location-mobil-homes\\\/odyssee-1\\\/#breadcrumb\"},\"inLanguage\":\"de\",\"potentialAction\":[{\"@type\":\"ReadAction\",\"target\":[\"https:\\\/\\\/camping-ledauphin.com\\\/hebergements\\\/location-mobil-homes\\\/odyssee-1\\\/\"]}]},{\"@type\":\"ImageObject\",\"inLanguage\":\"de\",\"@id\":\"https:\\\/\\\/camping-ledauphin.com\\\/hebergements\\\/location-mobil-homes\\\/odyssee-1\\\/#primaryimage\",\"url\":\"https:\\\/\\\/camping-ledauphin.com\\\/wp-content\\\/uploads\\\/2025\\\/10\\\/mobil-home-Odysee-pour-4-personnes-a-saint-georges-de-didonne.png\",\"contentUrl\":\"https:\\\/\\\/camping-ledauphin.com\\\/wp-content\\\/uploads\\\/2025\\\/10\\\/mobil-home-Odysee-pour-4-personnes-a-saint-georges-de-didonne.png\",\"width\":1200,\"height\":800,\"caption\":\"Mobil Home Odys\u00e9e Pour 4 Personnes \u00e0 Saint Georges De Didonne\"},{\"@type\":\"BreadcrumbList\",\"@id\":\"https:\\\/\\\/camping-ledauphin.com\\\/hebergements\\\/location-mobil-homes\\\/odyssee-1\\\/#breadcrumb\",\"itemListElement\":[{\"@type\":\"ListItem\",\"position\":1,\"name\":\"Home\",\"item\":\"https:\\\/\\\/camping-ledauphin.com\\\/\"},{\"@type\":\"ListItem\",\"position\":2,\"name\":\"Tous nos h\u00e9bergements en Charente-Maritime\",\"item\":\"https:\\\/\\\/camping-ledauphin.com\\\/hebergement\\\/\"},{\"@type\":\"ListItem\",\"position\":3,\"name\":\"Odyss\u00e9e\"}]},{\"@type\":\"WebSite\",\"@id\":\"https:\\\/\\\/camping-ledauphin.com\\\/#website\",\"url\":\"https:\\\/\\\/camping-ledauphin.com\\\/\",\"name\":\"Camping Le Dauphin\",\"description\":\"Camping 4 \u00e9toiles - Saint-Georges-de-Didonne\",\"publisher\":{\"@id\":\"https:\\\/\\\/camping-ledauphin.com\\\/#organization\"},\"alternateName\":\"Camping les Embruns d'Ol\u00e9ron\",\"potentialAction\":[{\"@type\":\"SearchAction\",\"target\":{\"@type\":\"EntryPoint\",\"urlTemplate\":\"https:\\\/\\\/camping-ledauphin.com\\\/?s={search_term_string}\"},\"query-input\":{\"@type\":\"PropertyValueSpecification\",\"valueRequired\":true,\"valueName\":\"search_term_string\"}}],\"inLanguage\":\"de\"},{\"@type\":\"Organization\",\"@id\":\"https:\\\/\\\/camping-ledauphin.com\\\/#organization\",\"name\":\"Camping Le Dauphin\",\"url\":\"https:\\\/\\\/camping-ledauphin.com\\\/\",\"logo\":{\"@type\":\"ImageObject\",\"inLanguage\":\"de\",\"@id\":\"https:\\\/\\\/camping-ledauphin.com\\\/#\\\/schema\\\/logo\\\/image\\\/\",\"url\":\"https:\\\/\\\/camping-ledauphin.com\\\/wp-content\\\/uploads\\\/2025\\\/10\\\/Logo-Camping-Le-Dauphin.svg\",\"contentUrl\":\"https:\\\/\\\/camping-ledauphin.com\\\/wp-content\\\/uploads\\\/2025\\\/10\\\/Logo-Camping-Le-Dauphin.svg\",\"width\":454,\"height\":276,\"caption\":\"Camping Le Dauphin\"},\"image\":{\"@id\":\"https:\\\/\\\/camping-ledauphin.com\\\/#\\\/schema\\\/logo\\\/image\\\/\"},\"sameAs\":[\"https:\\\/\\\/www.facebook.com\\\/CampingLeDauphinSaintGeorgesDeDidonne\\\/\",\"https:\\\/\\\/www.instagram.com\\\/campingledauphin\\\/\",\"https:\\\/\\\/www.youtube.com\\\/@Campaldia\"]}]}<\/script>\n<!-- \/ Yoast SEO plugin. -->","yoast_head_json":{"title":"Mobilheim Odyss\u00e9e 4 Personen Saint-Georges-de-Didonne","description":"Buchen Sie das Mobilheim Odyss\u00e9e mit 2 Schlafzimmern auf dem Campingplatz Le Dauphin in Saint-Georges-de-Didonne, in der N\u00e4he von Royan, Charente-Maritime.","robots":{"index":"index","follow":"follow","max-snippet":"max-snippet:-1","max-image-preview":"max-image-preview:large","max-video-preview":"max-video-preview:-1"},"canonical":"https:\/\/camping-ledauphin.com\/de\/unterkunft-3\/mobile-unterkunfte\/odyssee-1\/","og_locale":"de_DE","og_type":"article","og_title":"Mobil-home Odyss\u00e9e 4 personnes Saint-Georges-de-Didonne","og_description":"R\u00e9servez le mobil-home Odyss\u00e9e avec 2 chambres au Camping Le Dauphin \u00e0 Saint-Georges-de-Didonne, pr\u00e8s de Royan en Charente-Maritime","og_url":"https:\/\/camping-ledauphin.com\/de\/unterkunft-3\/mobile-unterkunfte\/odyssee-1\/","og_site_name":"Camping le Dauphin","article_publisher":"https:\/\/www.facebook.com\/CampingLeDauphinSaintGeorgesDeDidonne\/","article_modified_time":"2026-02-02T12:53:32+00:00","og_image":[{"width":1200,"height":800,"url":"https:\/\/camping-ledauphin.com\/wp-content\/uploads\/2025\/10\/mobil-home-Odysee-pour-4-personnes-a-saint-georges-de-didonne.png","type":"image\/png"}],"twitter_card":"summary_large_image","twitter_misc":{"Gesch\u00e4tzte Lesezeit":"1\u00a0Minute"},"schema":{"@context":"https:\/\/schema.org","@graph":[{"@type":"WebPage","@id":"https:\/\/camping-ledauphin.com\/hebergements\/location-mobil-homes\/odyssee-1\/","url":"https:\/\/camping-ledauphin.com\/hebergements\/location-mobil-homes\/odyssee-1\/","name":"Mobilheim Odyss\u00e9e 4 Personen Saint-Georges-de-Didonne","isPartOf":{"@id":"https:\/\/camping-ledauphin.com\/#website"},"primaryImageOfPage":{"@id":"https:\/\/camping-ledauphin.com\/hebergements\/location-mobil-homes\/odyssee-1\/#primaryimage"},"image":{"@id":"https:\/\/camping-ledauphin.com\/hebergements\/location-mobil-homes\/odyssee-1\/#primaryimage"},"thumbnailUrl":"https:\/\/camping-ledauphin.com\/wp-content\/uploads\/2025\/10\/mobil-home-Odysee-pour-4-personnes-a-saint-georges-de-didonne.png","datePublished":"2025-10-23T09:17:32+00:00","dateModified":"2026-02-02T12:53:32+00:00","description":"Buchen Sie das Mobilheim Odyss\u00e9e mit 2 Schlafzimmern auf dem Campingplatz Le Dauphin in Saint-Georges-de-Didonne, in der N\u00e4he von Royan, Charente-Maritime.","breadcrumb":{"@id":"https:\/\/camping-ledauphin.com\/hebergements\/location-mobil-homes\/odyssee-1\/#breadcrumb"},"inLanguage":"de","potentialAction":[{"@type":"ReadAction","target":["https:\/\/camping-ledauphin.com\/hebergements\/location-mobil-homes\/odyssee-1\/"]}]},{"@type":"ImageObject","inLanguage":"de","@id":"https:\/\/camping-ledauphin.com\/hebergements\/location-mobil-homes\/odyssee-1\/#primaryimage","url":"https:\/\/camping-ledauphin.com\/wp-content\/uploads\/2025\/10\/mobil-home-Odysee-pour-4-personnes-a-saint-georges-de-didonne.png","contentUrl":"https:\/\/camping-ledauphin.com\/wp-content\/uploads\/2025\/10\/mobil-home-Odysee-pour-4-personnes-a-saint-georges-de-didonne.png","width":1200,"height":800,"caption":"Mobil Home Odys\u00e9e Pour 4 Personnes \u00e0 Saint Georges De Didonne"},{"@type":"BreadcrumbList","@id":"https:\/\/camping-ledauphin.com\/hebergements\/location-mobil-homes\/odyssee-1\/#breadcrumb","itemListElement":[{"@type":"ListItem","position":1,"name":"Home","item":"https:\/\/camping-ledauphin.com\/"},{"@type":"ListItem","position":2,"name":"Tous nos h\u00e9bergements en Charente-Maritime","item":"https:\/\/camping-ledauphin.com\/hebergement\/"},{"@type":"ListItem","position":3,"name":"Odyss\u00e9e"}]},{"@type":"WebSite","@id":"https:\/\/camping-ledauphin.com\/#website","url":"https:\/\/camping-ledauphin.com\/","name":"Campingplatz Le Dauphin","description":"4-Sterne-Campingplatz - Saint-Georges-de-Didonne","publisher":{"@id":"https:\/\/camping-ledauphin.com\/#organization"},"alternateName":"Camping les Embruns d'Ol\u00e9ron","potentialAction":[{"@type":"SearchAction","target":{"@type":"EntryPoint","urlTemplate":"https:\/\/camping-ledauphin.com\/?s={search_term_string}"},"query-input":{"@type":"PropertyValueSpecification","valueRequired":true,"valueName":"search_term_string"}}],"inLanguage":"de"},{"@type":"Organization","@id":"https:\/\/camping-ledauphin.com\/#organization","name":"Campingplatz Le Dauphin","url":"https:\/\/camping-ledauphin.com\/","logo":{"@type":"ImageObject","inLanguage":"de","@id":"https:\/\/camping-ledauphin.com\/#\/schema\/logo\/image\/","url":"https:\/\/camping-ledauphin.com\/wp-content\/uploads\/2025\/10\/Logo-Camping-Le-Dauphin.svg","contentUrl":"https:\/\/camping-ledauphin.com\/wp-content\/uploads\/2025\/10\/Logo-Camping-Le-Dauphin.svg","width":454,"height":276,"caption":"Camping Le Dauphin"},"image":{"@id":"https:\/\/camping-ledauphin.com\/#\/schema\/logo\/image\/"},"sameAs":["https:\/\/www.facebook.com\/CampingLeDauphinSaintGeorgesDeDidonne\/","https:\/\/www.instagram.com\/campingledauphin\/","https:\/\/www.youtube.com\/@Campaldia"]}]}},"_links":{"self":[{"href":"https:\/\/camping-ledauphin.com\/de\/wp-json\/wp\/v2\/product\/7759","targetHints":{"allow":["GET"]}}],"collection":[{"href":"https:\/\/camping-ledauphin.com\/de\/wp-json\/wp\/v2\/product"}],"about":[{"href":"https:\/\/camping-ledauphin.com\/de\/wp-json\/wp\/v2\/types\/product"}],"wp:featuredmedia":[{"embeddable":true,"href":"https:\/\/camping-ledauphin.com\/de\/wp-json\/wp\/v2\/media\/7852"}],"wp:attachment":[{"href":"https:\/\/camping-ledauphin.com\/de\/wp-json\/wp\/v2\/media?parent=7759"}],"wp:term":[{"taxonomy":"product_brand","embeddable":true,"href":"https:\/\/camping-ledauphin.com\/de\/wp-json\/wp\/v2\/product_brand?post=7759"},{"taxonomy":"product_cat","embeddable":true,"href":"https:\/\/camping-ledauphin.com\/de\/wp-json\/wp\/v2\/product_cat?post=7759"},{"taxonomy":"product_tag","embeddable":true,"href":"https:\/\/camping-ledauphin.com\/de\/wp-json\/wp\/v2\/product_tag?post=7759"}],"curies":[{"name":"wp","href":"https:\/\/api.w.org\/{rel}","templated":true}]}}