{"id":7804,"date":"2025-10-23T13:34:00","date_gmt":"2025-10-23T11:34:00","guid":{"rendered":"https:\/\/camping-ledauphin.com\/?page_id=7804"},"modified":"2026-04-20T11:36:10","modified_gmt":"2026-04-20T09:36:10","slug":"restaurant","status":"publish","type":"page","link":"https:\/\/camping-ledauphin.com\/de\/restaurant\/","title":{"rendered":"Restaurant"},"content":{"rendered":"<div id=\"gap-1643055178\" class=\"gap-element clearfix\" style=\"display:block; height:auto;\">\n\t\t\n<style>\n#gap-1643055178 {\n  padding-top: 50px;\n}\n@media (min-width:550px) {\n  #gap-1643055178 {\n    padding-top: 30px;\n  }\n}\n<\/style>\n\t<\/div>\n\t\n\n\t<section class=\"section\" id=\"section_2132015497\">\n\t\t<div class=\"section-bg fill\" >\n\t\t\t<img loading=\"lazy\" decoding=\"async\" width=\"2048\" height=\"1365\" src=\"https:\/\/camping-ledauphin.com\/wp-content\/uploads\/2025\/10\/Snack2.jpg\" class=\"bg attachment-original size-original\" alt=\"Snack2\" \/>\t\t\t\t\t\t\n\t\t\t\n\n\t\t<\/div>\n\n\t\t\t<div class=\"ux-shape-divider ux-shape-divider--top ux-shape-divider--style-waves-opacity-3\">\n\t\t<svg viewbox=\"0 0 1000 300\" xmlns=\"http:\/\/www.w3.org\/2000\/svg\" preserveaspectratio=\"none\">\n\t<path class=\"ux-shape-fill\" opacity=\"0.05\" d=\"M1014 264V386H206L34 300C34 300 344.42 277.16 436 221C542 156 590 160 704 209C811 255 899.11 214.94 979 346L1014 264Z\"\/>\n\t<path class=\"ux-shape-fill\" opacity=\"0.1\" d=\"M-302 55C-302 55 -66.73 263.25 50 214C178 160 283 116 353 141C445.68 174.1 534.28 256.19 588 249C692.9 235 764.52 75.94 855 131C940.61 183.09 1000 254 1000 254V328L-306 338L-302 55Z\"\/>\n\t<path class=\"ux-shape-fill\" opacity=\"0.15\" d=\"M-286 255C-286 255 -72 152 52 126C176 100 255 155 436 227C581.57 284.91 614.7 277.79 708 227C787 184 1009 3.0001 1093 164C1146 265.63 1031 293 1031 293L924 377L-288 389L-286 255Z\"\/>\n\t<path class=\"ux-shape-fill\" opacity=\"0.3\" d=\"M-24 69C-24 69 275.68 370.66 389 314C397 310 622 316 673 356C690.47 369.7 845 224 890 182C944.8 130.85 1018 92 1078 143C1154.12 207.7 1196 242 1196 242L1184 374L-28 386L-24 69Z\"\/>\n\t<path class=\"ux-shape-fill\" d=\"M-12 201C-12 201 58 284 182 258C306 232 342.29 221.23 456 264C565 305 640.82 288.36 721 249C776 222 837.5 191.31 935 253C984 284 1030 279 1030 279L1024 430L-12 440V201Z\"\/>\n<\/svg>\n\t<\/div>\n\n\t<div class=\"ux-shape-divider ux-shape-divider--bottom ux-shape-divider--style-waves-opacity-2\">\n\t\t<svg viewbox=\"0 0 1000 300\" xmlns=\"http:\/\/www.w3.org\/2000\/svg\" preserveaspectratio=\"none\">\n  <path class=\"ux-shape-fill\" opacity=\"0.15\" d=\"M0 299L-2 19.9998C153 -16.0002 308 155 413 184C515.64 212.35 562 152 645 153C725 154 787 206 874 233C939.54 253.34 975 248 1000 244.61V299H0Z\"\/>\n  <path class=\"ux-shape-fill\" opacity=\"0.3\" d=\"M0 300L-2 34C155 -9.00003 300 178 403 212C504.11 245.38 562 165 645 166C725 167 790.09 220.07 874 253C939.21 278.59 978.07 269.72 1000 263.61V300H0Z\"\/>\n  <path class=\"ux-shape-fill\" d=\"M0 300L-1 69.7099C216 56.9999 299.47 198.86 403 226C506 253 577 196 660 197C740 198 790.09 234.07 874 267C935.23 291 982 282.61 1000 277.61V300H0Z\"\/>\n<\/svg>\n\t<\/div>\n\n\t\t<div class=\"section-content relative\">\n\t\t\t\n<div class=\"row align-right\"  id=\"row-2142859450\">\n\n\t<div id=\"col-612646846\" class=\"col medium-6 small-12 large-6\"  >\n\t\t\t\t<div class=\"col-inner text-center\" style=\"background-color:rgba(255, 255, 255, 0.86);\" >\n\t\t\t\n\t\t\t\n<h2>Restaurant auf dem Campingplatz Le Dauphin in Saint-Georges-de-Didonne<\/h2>\n<p style=\"text-align: center;\"><span style=\"color: #1fb7e5;\"><strong>Zug\u00e4nglich vom 11. April bis zum 12. September 2026<\/strong><\/span><\/p>\n<p>Machen Sie eine genussvolle Pause vor Ort oder zum Mitnehmen im Snack des Campingplatzes Le Dauphin. Machen Sie es sich auf der sonnigen Terrasse bequem und genie\u00dfen Sie eine Mahlzeit oder einen Cocktail im Freien, mit Freunden oder Familie.<\/p>\n\t\t<\/div>\n\t\t\t\t\n<style>\n#col-612646846 > .col-inner {\n  padding: 30px 30px 30px 30px;\n  margin: 30px 0px 0px 0px;\n  border-radius: 30px;\n}\n@media (min-width:550px) {\n  #col-612646846 > .col-inner {\n    padding: 30px 30px 30px 30px;\n    margin: 50px 0px 0px 0px;\n  }\n}\n<\/style>\n\t<\/div>\n\n\t\n<\/div>\n\t\t<\/div>\n\n\t\t\n<style>\n#section_2132015497 {\n  padding-top: 50px;\n  padding-bottom: 50px;\n}\n#section_2132015497 .ux-shape-divider--top svg {\n  height: 100px;\n  --divider-top-width: 100%;\n}\n#section_2132015497 .ux-shape-divider--top .ux-shape-fill {\n  fill: #fefaf0;\n}\n#section_2132015497 .ux-shape-divider--bottom svg {\n  height: 150px;\n  --divider-width: 130%;\n}\n#section_2132015497 .ux-shape-divider--bottom .ux-shape-fill {\n  fill: #fefaf0;\n}\n@media (min-width:550px) {\n  #section_2132015497 .ux-shape-divider--top svg {\n    height: 200px;\n    --divider-top-width: 100%;\n  }\n}\n<\/style>\n\t<\/section>\n\t\n\n\t<section class=\"section\" id=\"section_1151919437\">\n\t\t<div class=\"section-bg fill\" >\n\t\t\t\t\t\t\t\t\t\n\t\t\t\n\n\t\t<\/div>\n\n\t\t\n\n\t\t<div class=\"section-content relative\">\n\t\t\t\n<div class=\"row row-large align-center\"  id=\"row-967432333\">\n\n\t<div id=\"col-1130481508\" class=\"col medium-12 small-12 large-6\"  >\n\t\t\t\t<div class=\"col-inner\"  >\n\t\t\t\n\t\t\t\n<div class=\"row\"  id=\"row-566997495\">\n\n\t<div id=\"col-1656502718\" class=\"col medium-6 small-12 large-8\"  >\n\t\t\t\t<div class=\"col-inner\"  >\n\t\t\t\n\t\t\t\n\t<div class=\"img has-hover x md-x lg-x y md-y lg-y\" id=\"image_572327084\">\n\t\t\t\t\t\t\t\t<div class=\"img-inner dark\" >\n\t\t\t<img loading=\"lazy\" decoding=\"async\" width=\"1020\" height=\"680\" src=\"https:\/\/camping-ledauphin.com\/wp-content\/uploads\/2025\/10\/le-snack-du-camping-le-dauphin-pres-de-rooyan.svg\" class=\"attachment-large size-large\" alt=\"Die Snackbar auf dem Campingplatz Le Dauphin in der N\u00e4he von Rooyan\" \/>\t\t\t\t\t\t\n\t\t\t\t\t<\/div>\n\t\t\t\t\t\t\t\t\n<style>\n#image_572327084 {\n  width: 100%;\n}\n<\/style>\n\t<\/div>\n\t\n\t\t<\/div>\n\t\t\t\t\n<style>\n#col-1656502718 > .col-inner {\n  margin: 0px 0px -30px 0px;\n}\n@media (min-width:550px) {\n  #col-1656502718 > .col-inner {\n    margin: 0px 0px 0px 0px;\n  }\n}\n<\/style>\n\t<\/div>\n\n\t\n\n\t<div id=\"col-752577559\" class=\"col medium-4 small-12 large-4\"  >\n\t\t\t\t<div class=\"col-inner\"  >\n\t\t\t\n\t\t\t\n\t<div class=\"img has-hover x md-x lg-x y md-y lg-y\" id=\"image_58036921\">\n\t\t\t\t\t\t\t\t<div class=\"img-inner dark\" >\n\t\t\t<img loading=\"lazy\" decoding=\"async\" width=\"1020\" height=\"680\" src=\"https:\/\/camping-ledauphin.com\/wp-content\/uploads\/2025\/10\/Snack10-1020x680.jpg\" class=\"attachment-large size-large\" alt=\"Snack10\" srcset=\"https:\/\/camping-ledauphin.com\/wp-content\/uploads\/2025\/10\/Snack10-1020x680.jpg 1020w, https:\/\/camping-ledauphin.com\/wp-content\/uploads\/2025\/10\/Snack10-370x247.jpg 370w, https:\/\/camping-ledauphin.com\/wp-content\/uploads\/2025\/10\/Snack10-768x512.jpg 768w, https:\/\/camping-ledauphin.com\/wp-content\/uploads\/2025\/10\/Snack10-1536x1024.jpg 1536w, https:\/\/camping-ledauphin.com\/wp-content\/uploads\/2025\/10\/Snack10-18x12.jpg 18w, https:\/\/camping-ledauphin.com\/wp-content\/uploads\/2025\/10\/Snack10-510x340.jpg 510w, https:\/\/camping-ledauphin.com\/wp-content\/uploads\/2025\/10\/Snack10.jpg 2048w\" sizes=\"auto, (max-width: 1020px) 100vw, 1020px\" \/>\t\t\t\t\t\t\n\t\t\t\t\t<\/div>\n\t\t\t\t\t\t\t\t\n<style>\n#image_58036921 {\n  width: 100%;\n}\n<\/style>\n\t<\/div>\n\t\n\t<div class=\"img has-hover x md-x lg-x y md-y lg-y\" id=\"image_14487979\">\n\t\t\t\t\t\t\t\t<div class=\"img-inner dark\" >\n\t\t\t<img loading=\"lazy\" decoding=\"async\" width=\"1020\" height=\"680\" src=\"https:\/\/camping-ledauphin.com\/wp-content\/uploads\/2025\/10\/Snack13-1020x680.jpg\" class=\"attachment-large size-large\" alt=\"Snack13\" srcset=\"https:\/\/camping-ledauphin.com\/wp-content\/uploads\/2025\/10\/Snack13-1020x680.jpg 1020w, https:\/\/camping-ledauphin.com\/wp-content\/uploads\/2025\/10\/Snack13-370x247.jpg 370w, https:\/\/camping-ledauphin.com\/wp-content\/uploads\/2025\/10\/Snack13-768x512.jpg 768w, https:\/\/camping-ledauphin.com\/wp-content\/uploads\/2025\/10\/Snack13-1536x1024.jpg 1536w, https:\/\/camping-ledauphin.com\/wp-content\/uploads\/2025\/10\/Snack13-18x12.jpg 18w, https:\/\/camping-ledauphin.com\/wp-content\/uploads\/2025\/10\/Snack13-510x340.jpg 510w, https:\/\/camping-ledauphin.com\/wp-content\/uploads\/2025\/10\/Snack13.jpg 2048w\" sizes=\"auto, (max-width: 1020px) 100vw, 1020px\" \/>\t\t\t\t\t\t\n\t\t\t\t\t<\/div>\n\t\t\t\t\t\t\t\t\n<style>\n#image_14487979 {\n  width: 100%;\n}\n<\/style>\n\t<\/div>\n\t\n\t\t<\/div>\n\t\t\t\t\t<\/div>\n\n\t\n<\/div>\n\t\t<\/div>\n\t\t\t\t\n<style>\n#col-1130481508 > .col-inner {\n  padding: 0px 0px 0px 0px;\n  margin: 0px 0px 0px 0px;\n}\n@media (min-width:550px) {\n  #col-1130481508 > .col-inner {\n    padding: 50px 0px 0px 0px;\n  }\n}\n<\/style>\n\t<\/div>\n\n\t\n\n\t<div id=\"col-688688473\" class=\"col medium-12 small-12 large-6 small-col-first\"  >\n\t\t\t\t<div class=\"col-inner\"  >\n\t\t\t\n\t\t\t\n<h2 style=\"position: relative; width: 100%;\">Genie\u00dfen Sie unsere Terrasse und unsere Gerichte zum Mitnehmen<\/h2>\n<p>Der Service wird den ganzen Tag \u00fcber angeboten, zum Fr\u00fchst\u00fcck, Mittag- und Abendessen.<\/p>\n<p>Bevorzugen Sie ein schnelles Essen oder ein Picknick am Strand?<br \/>Unser Restaurant bietet auch Gerichte zum Mitnehmen an: Pizzas, Salate, Paninis, Sandwiches und andere Snacks f\u00fcr Ihre Ausfl\u00fcge in die Charente-Maritime.<\/p>\n\t\t<\/div>\n\t\t\t\t\n<style>\n#col-688688473 > .col-inner {\n  padding: 0px 0 0px 0px;\n  margin: 0px 0px 0px 0px;\n}\n@media (min-width:550px) {\n  #col-688688473 > .col-inner {\n    padding: 0px 10% 0px 0px;\n    margin: 0px 0px 0px 0px;\n  }\n}\n@media (min-width:850px) {\n  #col-688688473 > .col-inner {\n    padding: 50px 0px 0px 0px;\n  }\n}\n<\/style>\n\t<\/div>\n\n\t\n\n\t<div id=\"col-287721733\" class=\"col medium-12 small-12 large-12 small-col-first\"  >\n\t\t\t\t<div class=\"col-inner text-center\"  >\n\t\t\t\n\t\t\t\n<a href=\"https:\/\/camping-ledauphin.com\/wp-content\/uploads\/2026\/04\/Horaire-snack-2026.pdf\" class=\"button secondary\" >\n\t\t<span>Konsultieren Sie die Snack-Zeiten<\/span>\n\t<\/a>\n\n<a href=\"https:\/\/camping-ledauphin.com\/wp-content\/uploads\/2026\/04\/Menu-snack-2026.pdf\" class=\"button primary\" >\n\t\t<span>Sehen Sie sich die Snackkarte an<\/span>\n\t<\/a>\n\n\t\t<\/div>\n\t\t\t\t\n<style>\n#col-287721733 > .col-inner {\n  padding: 0px 0px 0px 0px;\n  margin: 30px 0px 30px 0px;\n}\n@media (min-width:550px) {\n  #col-287721733 > .col-inner {\n    padding: 0px 10% 0px 0px;\n    margin: 30px 0px 0px 0px;\n  }\n}\n@media (min-width:850px) {\n  #col-287721733 > .col-inner {\n    padding: 0px 0px 0px 0px;\n  }\n}\n<\/style>\n\t<\/div>\n\n\t\n<\/div>\n<div class=\"row row-large align-center\"  id=\"row-224239160\">\n\n\t<div id=\"col-1727063510\" class=\"col medium-12 small-12 large-6\"  >\n\t\t\t\t<div class=\"col-inner\"  >\n\t\t\t\n\t\t\t\n<h2>Ein Essensangebot f\u00fcr jeden Geschmack<\/h2>\n<p>Ob Sie nun einen Snack oder eine komplette Mahlzeit bevorzugen, unser Restaurant auf dem Campingplatz Le Dauphin wird Sie verw\u00f6hnen. Die hausgemachten Gerichte, die lokalen Produkte und die gute Laune des Teams machen jede Mahlzeit zu einem angenehmen und entspannten Moment.<br \/>\nGenie\u00dfen Sie einen durchgehenden Service und eine einladende Umgebung, die perfekt ist, um Ihre Urlaubstage bei einem guten Essen zu verl\u00e4ngern.<\/p>\n\t\t<\/div>\n\t\t\t\t\n<style>\n#col-1727063510 > .col-inner {\n  padding: 0px 0 0px 0px;\n  margin: 0px 0px 0px 0px;\n}\n@media (min-width:550px) {\n  #col-1727063510 > .col-inner {\n    padding: 0px 10% 0px 0px;\n  }\n}\n@media (min-width:850px) {\n  #col-1727063510 > .col-inner {\n    padding: 50px 0px 0px 0px;\n  }\n}\n<\/style>\n\t<\/div>\n\n\t\n\n\t<div id=\"col-2061543197\" class=\"col medium-12 small-12 large-6\"  >\n\t\t\t\t<div class=\"col-inner\"  >\n\t\t\t\n\t\t\t\n<div class=\"row\"  id=\"row-1086366062\">\n\n\t<div id=\"col-454714192\" class=\"col medium-6 small-12 large-8\"  >\n\t\t\t\t<div class=\"col-inner\"  >\n\t\t\t\n\t\t\t\n\t<div class=\"img has-hover x md-x lg-x y md-y lg-y\" id=\"image_2015867340\">\n\t\t\t\t\t\t\t\t<div class=\"img-inner image-cover dark\" style=\"padding-top:73%;\">\n\t\t\t<img loading=\"lazy\" decoding=\"async\" width=\"1020\" height=\"680\" src=\"https:\/\/camping-ledauphin.com\/wp-content\/uploads\/2025\/10\/burger-frites-au-restaurant-le-dauphin-a-saint-georges-de-didonne.svg\" class=\"attachment-large size-large\" alt=\"Burger mit Pommes Frites Im Restaurant Le Dauphin in Saint Georges De Didonne\" \/>\t\t\t\t\t\t\n\t\t\t\t\t<\/div>\n\t\t\t\t\t\t\t\t\n<style>\n#image_2015867340 {\n  width: 100%;\n}\n<\/style>\n\t<\/div>\n\t\n\t\t<\/div>\n\t\t\t\t\n<style>\n#col-454714192 > .col-inner {\n  margin: 0px 0px -10px 0px;\n}\n@media (min-width:550px) {\n  #col-454714192 > .col-inner {\n    margin: 0px 0px 0px 0px;\n  }\n}\n<\/style>\n\t<\/div>\n\n\t\n\n\t<div id=\"col-1022921266\" class=\"col medium-4 small-12 large-4\"  >\n\t\t\t\t<div class=\"col-inner\"  >\n\t\t\t\n\t\t\t\n\t<div class=\"img has-hover x md-x lg-x y md-y lg-y\" id=\"image_1411592364\">\n\t\t\t\t\t\t\t\t<div class=\"img-inner dark\" >\n\t\t\t<img loading=\"lazy\" decoding=\"async\" width=\"800\" height=\"600\" src=\"https:\/\/camping-ledauphin.com\/wp-content\/uploads\/2025\/10\/repas-terrasse-saint-georges-de-didonne.jpg\" class=\"attachment-large size-large\" alt=\"Essen Terrasse Saint Georges De Didonne\" srcset=\"https:\/\/camping-ledauphin.com\/wp-content\/uploads\/2025\/10\/repas-terrasse-saint-georges-de-didonne.jpg 800w, https:\/\/camping-ledauphin.com\/wp-content\/uploads\/2025\/10\/repas-terrasse-saint-georges-de-didonne-370x278.jpg 370w, https:\/\/camping-ledauphin.com\/wp-content\/uploads\/2025\/10\/repas-terrasse-saint-georges-de-didonne-768x576.jpg 768w, https:\/\/camping-ledauphin.com\/wp-content\/uploads\/2025\/10\/repas-terrasse-saint-georges-de-didonne-16x12.jpg 16w, https:\/\/camping-ledauphin.com\/wp-content\/uploads\/2025\/10\/repas-terrasse-saint-georges-de-didonne-510x383.jpg 510w\" sizes=\"auto, (max-width: 800px) 100vw, 800px\" \/>\t\t\t\t\t\t\n\t\t\t\t\t<\/div>\n\t\t\t\t\t\t\t\t\n<style>\n#image_1411592364 {\n  width: 100%;\n}\n<\/style>\n\t<\/div>\n\t\n\t<div class=\"img has-hover x md-x lg-x y md-y lg-y\" id=\"image_1694401055\">\n\t\t\t\t\t\t\t\t<div class=\"img-inner dark\" >\n\t\t\t<img loading=\"lazy\" decoding=\"async\" width=\"800\" height=\"600\" src=\"https:\/\/camping-ledauphin.com\/wp-content\/uploads\/2025\/10\/plat-a-emporter-charente-maritime.jpg\" class=\"attachment-large size-large\" alt=\"Gerichte zum Mitnehmen Charente Maritime\" srcset=\"https:\/\/camping-ledauphin.com\/wp-content\/uploads\/2025\/10\/plat-a-emporter-charente-maritime.jpg 800w, https:\/\/camping-ledauphin.com\/wp-content\/uploads\/2025\/10\/plat-a-emporter-charente-maritime-370x278.jpg 370w, https:\/\/camping-ledauphin.com\/wp-content\/uploads\/2025\/10\/plat-a-emporter-charente-maritime-768x576.jpg 768w, https:\/\/camping-ledauphin.com\/wp-content\/uploads\/2025\/10\/plat-a-emporter-charente-maritime-16x12.jpg 16w, https:\/\/camping-ledauphin.com\/wp-content\/uploads\/2025\/10\/plat-a-emporter-charente-maritime-510x383.jpg 510w\" sizes=\"auto, (max-width: 800px) 100vw, 800px\" \/>\t\t\t\t\t\t\n\t\t\t\t\t<\/div>\n\t\t\t\t\t\t\t\t\n<style>\n#image_1694401055 {\n  width: 100%;\n}\n<\/style>\n\t<\/div>\n\t\n\t\t<\/div>\n\t\t\t\t\t<\/div>\n\n\t\n<\/div>\n\t\t<\/div>\n\t\t\t\t\n<style>\n#col-2061543197 > .col-inner {\n  padding: 0px 0px 0px 0px;\n  margin: 0px 0px 0px 0px;\n}\n@media (min-width:550px) {\n  #col-2061543197 > .col-inner {\n    padding: 50px 0px 0px 0px;\n  }\n}\n<\/style>\n\t<\/div>\n\n\t\n<\/div>\n\t\t<\/div>\n\n\t\t\n<style>\n#section_1151919437 {\n  padding-top: 0px;\n  padding-bottom: 0px;\n}\n<\/style>\n\t<\/section>","protected":false},"excerpt":{"rendered":"","protected":false},"author":7,"featured_media":0,"parent":0,"menu_order":0,"comment_status":"closed","ping_status":"closed","template":"page-blank.php","meta":{"_acf_changed":false,"inline_featured_image":false,"footnotes":""},"class_list":["post-7804","page","type-page","status-publish","hentry"],"acf":[],"yoast_head":"<!-- This site is optimized with the Yoast SEO plugin v27.5 - https:\/\/yoast.com\/product\/yoast-seo-wordpress\/ -->\n<title>Restaurant au camping Le Dauphin<\/title>\n<meta name=\"description\" content=\"Savourez un repas au restaurant avec terrasse du camping Le Dauphin. Plats \u00e0 emporter et cuisine du terroir pour des vacances gourmandes en Charente-Maritime.\" \/>\n<meta name=\"robots\" content=\"index, follow, max-snippet:-1, max-image-preview:large, max-video-preview:-1\" \/>\n<link rel=\"canonical\" href=\"https:\/\/camping-ledauphin.com\/de\/restaurant\/\" \/>\n<meta property=\"og:locale\" content=\"de_DE\" \/>\n<meta property=\"og:type\" content=\"article\" \/>\n<meta property=\"og:title\" content=\"Restaurant au camping Le Dauphin\" \/>\n<meta property=\"og:description\" content=\"Savourez un repas au restaurant avec terrasse du camping Le Dauphin. Plats \u00e0 emporter et cuisine du terroir pour des vacances gourmandes en Charente-Maritime.\" \/>\n<meta property=\"og:url\" content=\"https:\/\/camping-ledauphin.com\/de\/restaurant\/\" \/>\n<meta property=\"og:site_name\" content=\"Camping le Dauphin\" \/>\n<meta property=\"article:publisher\" content=\"https:\/\/www.facebook.com\/CampingLeDauphinSaintGeorgesDeDidonne\/\" \/>\n<meta property=\"article:modified_time\" content=\"2026-04-20T09:36:10+00:00\" \/>\n<meta name=\"twitter:card\" content=\"summary_large_image\" \/>\n<meta name=\"twitter:label1\" content=\"Gesch\u00e4tzte Lesezeit\" \/>\n\t<meta name=\"twitter:data1\" content=\"2\u00a0Minuten\" \/>\n<script type=\"application\/ld+json\" class=\"yoast-schema-graph\">{\"@context\":\"https:\\\/\\\/schema.org\",\"@graph\":[{\"@type\":\"WebPage\",\"@id\":\"https:\\\/\\\/camping-ledauphin.com\\\/restaurant\\\/\",\"url\":\"https:\\\/\\\/camping-ledauphin.com\\\/restaurant\\\/\",\"name\":\"Restaurant au camping Le Dauphin\",\"isPartOf\":{\"@id\":\"https:\\\/\\\/camping-ledauphin.com\\\/#website\"},\"datePublished\":\"2025-10-23T11:34:00+00:00\",\"dateModified\":\"2026-04-20T09:36:10+00:00\",\"description\":\"Savourez un repas au restaurant avec terrasse du camping Le Dauphin. Plats \u00e0 emporter et cuisine du terroir pour des vacances gourmandes en Charente-Maritime.\",\"breadcrumb\":{\"@id\":\"https:\\\/\\\/camping-ledauphin.com\\\/restaurant\\\/#breadcrumb\"},\"inLanguage\":\"de\",\"potentialAction\":[{\"@type\":\"ReadAction\",\"target\":[\"https:\\\/\\\/camping-ledauphin.com\\\/restaurant\\\/\"]}]},{\"@type\":\"BreadcrumbList\",\"@id\":\"https:\\\/\\\/camping-ledauphin.com\\\/restaurant\\\/#breadcrumb\",\"itemListElement\":[{\"@type\":\"ListItem\",\"position\":1,\"name\":\"Home\",\"item\":\"https:\\\/\\\/camping-ledauphin.com\\\/\"},{\"@type\":\"ListItem\",\"position\":2,\"name\":\"Restaurant\"}]},{\"@type\":\"WebSite\",\"@id\":\"https:\\\/\\\/camping-ledauphin.com\\\/#website\",\"url\":\"https:\\\/\\\/camping-ledauphin.com\\\/\",\"name\":\"Camping Le Dauphin\",\"description\":\"Camping 4 \u00e9toiles - Saint-Georges-de-Didonne\",\"publisher\":{\"@id\":\"https:\\\/\\\/camping-ledauphin.com\\\/#organization\"},\"alternateName\":\"Camping les Embruns d'Ol\u00e9ron\",\"potentialAction\":[{\"@type\":\"SearchAction\",\"target\":{\"@type\":\"EntryPoint\",\"urlTemplate\":\"https:\\\/\\\/camping-ledauphin.com\\\/?s={search_term_string}\"},\"query-input\":{\"@type\":\"PropertyValueSpecification\",\"valueRequired\":true,\"valueName\":\"search_term_string\"}}],\"inLanguage\":\"de\"},{\"@type\":\"Organization\",\"@id\":\"https:\\\/\\\/camping-ledauphin.com\\\/#organization\",\"name\":\"Camping Le Dauphin\",\"url\":\"https:\\\/\\\/camping-ledauphin.com\\\/\",\"logo\":{\"@type\":\"ImageObject\",\"inLanguage\":\"de\",\"@id\":\"https:\\\/\\\/camping-ledauphin.com\\\/#\\\/schema\\\/logo\\\/image\\\/\",\"url\":\"https:\\\/\\\/camping-ledauphin.com\\\/wp-content\\\/uploads\\\/2025\\\/10\\\/Logo-Camping-Le-Dauphin.svg\",\"contentUrl\":\"https:\\\/\\\/camping-ledauphin.com\\\/wp-content\\\/uploads\\\/2025\\\/10\\\/Logo-Camping-Le-Dauphin.svg\",\"width\":454,\"height\":276,\"caption\":\"Camping Le Dauphin\"},\"image\":{\"@id\":\"https:\\\/\\\/camping-ledauphin.com\\\/#\\\/schema\\\/logo\\\/image\\\/\"},\"sameAs\":[\"https:\\\/\\\/www.facebook.com\\\/CampingLeDauphinSaintGeorgesDeDidonne\\\/\",\"https:\\\/\\\/www.instagram.com\\\/campingledauphin\\\/\",\"https:\\\/\\\/www.youtube.com\\\/@Campaldia\"]}]}<\/script>\n<!-- \/ Yoast SEO plugin. -->","yoast_head_json":{"title":"Restaurant auf dem Campingplatz Le Dauphin","description":"Genie\u00dfen Sie eine Mahlzeit im Restaurant mit Terrasse des Campingplatzes Le Dauphin. Gerichte zum Mitnehmen und regionale K\u00fcche f\u00fcr einen Feinschmeckerurlaub in der Charente-Maritime.","robots":{"index":"index","follow":"follow","max-snippet":"max-snippet:-1","max-image-preview":"max-image-preview:large","max-video-preview":"max-video-preview:-1"},"canonical":"https:\/\/camping-ledauphin.com\/de\/restaurant\/","og_locale":"de_DE","og_type":"article","og_title":"Restaurant au camping Le Dauphin","og_description":"Savourez un repas au restaurant avec terrasse du camping Le Dauphin. Plats \u00e0 emporter et cuisine du terroir pour des vacances gourmandes en Charente-Maritime.","og_url":"https:\/\/camping-ledauphin.com\/de\/restaurant\/","og_site_name":"Camping le Dauphin","article_publisher":"https:\/\/www.facebook.com\/CampingLeDauphinSaintGeorgesDeDidonne\/","article_modified_time":"2026-04-20T09:36:10+00:00","twitter_card":"summary_large_image","twitter_misc":{"Gesch\u00e4tzte Lesezeit":"2\u00a0Minuten"},"schema":{"@context":"https:\/\/schema.org","@graph":[{"@type":"WebPage","@id":"https:\/\/camping-ledauphin.com\/restaurant\/","url":"https:\/\/camping-ledauphin.com\/restaurant\/","name":"Restaurant auf dem Campingplatz Le Dauphin","isPartOf":{"@id":"https:\/\/camping-ledauphin.com\/#website"},"datePublished":"2025-10-23T11:34:00+00:00","dateModified":"2026-04-20T09:36:10+00:00","description":"Genie\u00dfen Sie eine Mahlzeit im Restaurant mit Terrasse des Campingplatzes Le Dauphin. Gerichte zum Mitnehmen und regionale K\u00fcche f\u00fcr einen Feinschmeckerurlaub in der Charente-Maritime.","breadcrumb":{"@id":"https:\/\/camping-ledauphin.com\/restaurant\/#breadcrumb"},"inLanguage":"de","potentialAction":[{"@type":"ReadAction","target":["https:\/\/camping-ledauphin.com\/restaurant\/"]}]},{"@type":"BreadcrumbList","@id":"https:\/\/camping-ledauphin.com\/restaurant\/#breadcrumb","itemListElement":[{"@type":"ListItem","position":1,"name":"Home","item":"https:\/\/camping-ledauphin.com\/"},{"@type":"ListItem","position":2,"name":"Restaurant"}]},{"@type":"WebSite","@id":"https:\/\/camping-ledauphin.com\/#website","url":"https:\/\/camping-ledauphin.com\/","name":"Campingplatz Le Dauphin","description":"4-Sterne-Campingplatz - Saint-Georges-de-Didonne","publisher":{"@id":"https:\/\/camping-ledauphin.com\/#organization"},"alternateName":"Camping les Embruns d'Ol\u00e9ron","potentialAction":[{"@type":"SearchAction","target":{"@type":"EntryPoint","urlTemplate":"https:\/\/camping-ledauphin.com\/?s={search_term_string}"},"query-input":{"@type":"PropertyValueSpecification","valueRequired":true,"valueName":"search_term_string"}}],"inLanguage":"de"},{"@type":"Organization","@id":"https:\/\/camping-ledauphin.com\/#organization","name":"Campingplatz Le Dauphin","url":"https:\/\/camping-ledauphin.com\/","logo":{"@type":"ImageObject","inLanguage":"de","@id":"https:\/\/camping-ledauphin.com\/#\/schema\/logo\/image\/","url":"https:\/\/camping-ledauphin.com\/wp-content\/uploads\/2025\/10\/Logo-Camping-Le-Dauphin.svg","contentUrl":"https:\/\/camping-ledauphin.com\/wp-content\/uploads\/2025\/10\/Logo-Camping-Le-Dauphin.svg","width":454,"height":276,"caption":"Camping Le Dauphin"},"image":{"@id":"https:\/\/camping-ledauphin.com\/#\/schema\/logo\/image\/"},"sameAs":["https:\/\/www.facebook.com\/CampingLeDauphinSaintGeorgesDeDidonne\/","https:\/\/www.instagram.com\/campingledauphin\/","https:\/\/www.youtube.com\/@Campaldia"]}]}},"_links":{"self":[{"href":"https:\/\/camping-ledauphin.com\/de\/wp-json\/wp\/v2\/pages\/7804","targetHints":{"allow":["GET"]}}],"collection":[{"href":"https:\/\/camping-ledauphin.com\/de\/wp-json\/wp\/v2\/pages"}],"about":[{"href":"https:\/\/camping-ledauphin.com\/de\/wp-json\/wp\/v2\/types\/page"}],"author":[{"embeddable":true,"href":"https:\/\/camping-ledauphin.com\/de\/wp-json\/wp\/v2\/users\/7"}],"replies":[{"embeddable":true,"href":"https:\/\/camping-ledauphin.com\/de\/wp-json\/wp\/v2\/comments?post=7804"}],"version-history":[{"count":5,"href":"https:\/\/camping-ledauphin.com\/de\/wp-json\/wp\/v2\/pages\/7804\/revisions"}],"predecessor-version":[{"id":8736,"href":"https:\/\/camping-ledauphin.com\/de\/wp-json\/wp\/v2\/pages\/7804\/revisions\/8736"}],"wp:attachment":[{"href":"https:\/\/camping-ledauphin.com\/de\/wp-json\/wp\/v2\/media?parent=7804"}],"curies":[{"name":"wp","href":"https:\/\/api.w.org\/{rel}","templated":true}]}}